{"id":22319,"date":"2025-09-04T09:40:00","date_gmt":"2025-09-04T09:40:00","guid":{"rendered":"https:\/\/nat20crafts.com\/patreon\/"},"modified":"2025-09-04T14:02:00","modified_gmt":"2025-09-04T14:02:00","slug":"patreon","status":"publish","type":"page","link":"https:\/\/nat20crafts.com\/de\/patreon\/","title":{"rendered":"PATREON"},"content":{"rendered":"\t\t<div data-elementor-type=\"wp-page\" data-elementor-id=\"22319\" class=\"elementor elementor-22319 elementor-22276\" data-elementor-post-type=\"page\">\n\t\t\t\t<div class=\"elementor-element elementor-element-c078e1f e-flex e-con-boxed e-con e-parent\" data-id=\"c078e1f\" data-element_type=\"container\" data-e-type=\"container\">\n\t\t\t\t\t<div class=\"e-con-inner\">\n\t\t\t\t<div class=\"elementor-element elementor-element-31cf51a elementor-widget elementor-widget-heading\" data-id=\"31cf51a\" data-element_type=\"widget\" data-e-type=\"widget\" data-widget_type=\"heading.default\">\n\t\t\t\t\t<h1 class=\"elementor-heading-title elementor-size-default\">PATREON<\/h1>\t\t\t\t<\/div>\n\t\t\t\t\t<\/div>\n\t\t\t\t<\/div>\n\t\t<div class=\"elementor-element elementor-element-9eaee3e e-flex e-con-boxed e-con e-parent\" data-id=\"9eaee3e\" data-element_type=\"container\" data-e-type=\"container\">\n\t\t\t\t\t<div class=\"e-con-inner\">\n\t\t<div class=\"elementor-element elementor-element-ecfd89a e-con-full e-grid e-con e-child\" data-id=\"ecfd89a\" data-element_type=\"container\" data-e-type=\"container\">\n\t\t<div class=\"elementor-element elementor-element-8a09269 e-con-full e-flex e-con e-child\" data-id=\"8a09269\" data-element_type=\"container\" data-e-type=\"container\">\n\t\t\t\t<div class=\"elementor-element elementor-element-3f9e886 elementor-widget elementor-widget-text-editor\" data-id=\"3f9e886\" data-element_type=\"widget\" data-e-type=\"widget\" data-widget_type=\"text-editor.default\">\n\t\t\t\t\t\t\t\t\t<p style=\"text-align: center;\">Treten Sie unserer kreativen Gemeinschaft auf Patreon bei und schalten Sie eine Welt der Inspiration frei!<\/p><p style=\"text-align: center;\">Indem Sie uns unterst\u00fctzen, erhalten Sie Zugang zu leicht verst\u00e4ndlichen Schritt-f\u00fcr-Schritt-Anleitungen, die Ihnen zeigen, wie Sie atemberaubendes Gel\u00e4nde gestalten, immersive Dioramen bauen und Miniaturen wie ein Profi bemalen.<\/p><p style=\"text-align: center;\">Egal, ob Sie gerade erst anfangen oder Ihre F\u00e4higkeiten verfeinern m\u00f6chten, wir sind hier, um Ihnen zu helfen, Ihre Projekte zum Leben zu erwecken. Wachsen Sie mit uns \u2013 wir k\u00f6nnen es kaum erwarten zu sehen, was Sie erschaffen! <\/p><p style=\"text-align: center;\">Demn\u00e4chst!<\/p>\t\t\t\t\t\t\t\t<\/div>\n\t\t\t\t<\/div>\n\t\t\t\t<div class=\"elementor-element elementor-element-e12539b elementor-widget elementor-widget-image\" data-id=\"e12539b\" data-element_type=\"widget\" data-e-type=\"widget\" data-widget_type=\"image.default\">\n\t\t\t\t\t\t\t\t\t\t\t\t\t\t\t<img fetchpriority=\"high\" decoding=\"async\" width=\"768\" height=\"1024\" src=\"https:\/\/nat20crafts.com\/wp-content\/uploads\/2025\/08\/Lyrior-768x1024.jpg\" class=\"attachment-large size-large wp-image-21752\" alt=\"\" srcset=\"https:\/\/nat20crafts.com\/wp-content\/uploads\/2025\/08\/Lyrior-768x1024.jpg 768w, https:\/\/nat20crafts.com\/wp-content\/uploads\/2025\/08\/Lyrior-scaled-350x467.jpg 350w, https:\/\/nat20crafts.com\/wp-content\/uploads\/2025\/08\/Lyrior-scaled-920x1227.jpg 920w, https:\/\/nat20crafts.com\/wp-content\/uploads\/2025\/08\/Lyrior-225x300.jpg 225w, https:\/\/nat20crafts.com\/wp-content\/uploads\/2025\/08\/Lyrior-1152x1536.jpg 1152w, https:\/\/nat20crafts.com\/wp-content\/uploads\/2025\/08\/Lyrior-1536x2048.jpg 1536w, https:\/\/nat20crafts.com\/wp-content\/uploads\/2025\/08\/Lyrior-1320x1760.jpg 1320w, https:\/\/nat20crafts.com\/wp-content\/uploads\/2025\/08\/Lyrior-scaled.jpg 1920w\" sizes=\"(max-width: 768px) 100vw, 768px\" \/>\t\t\t\t\t\t\t\t\t\t\t\t\t\t\t<\/div>\n\t\t\t\t<\/div>\n\t\t\t\t\t<\/div>\n\t\t\t\t<\/div>\n\t\t\t\t<\/div>\n\t\t","protected":false},"excerpt":{"rendered":"<p>PATREON Treten Sie unserer kreativen Gemeinschaft auf Patreon bei und schalten Sie eine Welt der Inspiration frei! Indem Sie uns unterst\u00fctzen, erhalten Sie Zugang zu leicht verst\u00e4ndlichen Schritt-f\u00fcr-Schritt-Anleitungen, die Ihnen zeigen, wie Sie atemberaubendes Gel\u00e4nde gestalten, immersive Dioramen bauen und Miniaturen wie ein Profi bemalen. Egal, ob Sie gerade erst anfangen oder Ihre F\u00e4higkeiten verfeinern [&hellip;]<\/p>\n","protected":false},"author":1,"featured_media":0,"parent":0,"menu_order":0,"comment_status":"closed","ping_status":"closed","template":"elementor_header_footer","meta":{"footnotes":""},"class_list":["post-22319","page","type-page","status-publish","hentry"],"_links":{"self":[{"href":"https:\/\/nat20crafts.com\/de\/wp-json\/wp\/v2\/pages\/22319","targetHints":{"allow":["GET"]}}],"collection":[{"href":"https:\/\/nat20crafts.com\/de\/wp-json\/wp\/v2\/pages"}],"about":[{"href":"https:\/\/nat20crafts.com\/de\/wp-json\/wp\/v2\/types\/page"}],"author":[{"embeddable":true,"href":"https:\/\/nat20crafts.com\/de\/wp-json\/wp\/v2\/users\/1"}],"replies":[{"embeddable":true,"href":"https:\/\/nat20crafts.com\/de\/wp-json\/wp\/v2\/comments?post=22319"}],"version-history":[{"count":2,"href":"https:\/\/nat20crafts.com\/de\/wp-json\/wp\/v2\/pages\/22319\/revisions"}],"predecessor-version":[{"id":22665,"href":"https:\/\/nat20crafts.com\/de\/wp-json\/wp\/v2\/pages\/22319\/revisions\/22665"}],"wp:attachment":[{"href":"https:\/\/nat20crafts.com\/de\/wp-json\/wp\/v2\/media?parent=22319"}],"curies":[{"name":"wp","href":"https:\/\/api.w.org\/{rel}","templated":true}]}}