{"id":22344,"date":"2025-08-18T14:36:25","date_gmt":"2025-08-18T14:36:25","guid":{"rendered":"https:\/\/nat20crafts.com\/kontakt\/"},"modified":"2025-09-08T13:36:35","modified_gmt":"2025-09-08T13:36:35","slug":"kontakt","status":"publish","type":"page","link":"https:\/\/nat20crafts.com\/de\/kontakt\/","title":{"rendered":"KONTAKT"},"content":{"rendered":"\t\t<div data-elementor-type=\"wp-page\" data-elementor-id=\"22344\" class=\"elementor elementor-22344 elementor-21508\" data-elementor-post-type=\"page\">\n\t\t\t\t<div class=\"elementor-element elementor-element-2ac5f37 e-flex e-con-boxed e-con e-parent\" data-id=\"2ac5f37\" data-element_type=\"container\" data-e-type=\"container\">\n\t\t\t\t\t<div class=\"e-con-inner\">\n\t\t\t\t<div class=\"elementor-element elementor-element-35edf70 elementor-widget elementor-widget-heading\" data-id=\"35edf70\" data-element_type=\"widget\" data-e-type=\"widget\" data-widget_type=\"heading.default\">\n\t\t\t\t\t<h1 class=\"elementor-heading-title elementor-size-default\">KONTAKTIEREN SIE UNS<\/h1>\t\t\t\t<\/div>\n\t\t\t\t\t<\/div>\n\t\t\t\t<\/div>\n\t\t<div class=\"elementor-element elementor-element-08ee66f e-flex e-con-boxed e-con e-parent\" data-id=\"08ee66f\" data-element_type=\"container\" data-e-type=\"container\">\n\t\t\t\t\t<div class=\"e-con-inner\">\n\t\t\t\t<div class=\"elementor-element elementor-element-a79bcb6 elementor-widget__width-initial elementor-widget elementor-widget-text-editor\" data-id=\"a79bcb6\" data-element_type=\"widget\" data-e-type=\"widget\" data-widget_type=\"text-editor.default\">\n\t\t\t\t\t\t\t\t\t<h4 class=\"gmail-whitespace-break-spaces\" dir=\"auto\" style=\"text-align: center;\"><strong>Nehmen Sie Kontakt auf mit Nat20Crafts!<\/strong><\/h4><p class=\"gmail-whitespace-break-spaces\" dir=\"auto\" style=\"text-align: center;\">Haben Sie eine Frage zu unserem individuellen Gel\u00e4nde oder unseren Miniaturen? M\u00f6chten Sie eine bemalte Miniatur oder ein einzigartiges Gel\u00e4ndest\u00fcck f\u00fcr Ihre Tabletop-Abenteuer in Auftrag geben? M\u00f6chten Sie neue F\u00e4higkeiten in unseren Malkursen f\u00fcr Miniaturen oder Gel\u00e4ndebaukursen erlernen?  <\/p><p class=\"gmail-whitespace-break-spaces\" dir=\"auto\" style=\"text-align: center;\">Bei Nat20Crafts ist es unsere Leidenschaft, Ihre Tabletop-Spiele zum Leben zu erwecken \u2013 egal ob Sie ein Dungeons  Dragons-Enthusiast, ein Warhammer-Hobbyist sind oder gerade erst Ihre Reise beginnen. Kontaktieren Sie uns, um Ihr Projekt zu besprechen, sich nach unseren Dienstleistungen zu erkundigen oder herauszufinden, wie wir Ihnen helfen k\u00f6nnen, bei Ihrer n\u00e4chsten Spielsitzung eine Nat 20 zu w\u00fcrfeln. <\/p><p class=\"gmail-whitespace-break-spaces\" dir=\"auto\" style=\"text-align: center;\">Wir w\u00fcrden uns freuen, von Ihnen zu h\u00f6ren!<\/p>\t\t\t\t\t\t\t\t<\/div>\n\t\t\t\t<div class=\"elementor-element elementor-element-1257069 elementor-button-align-stretch elementor-widget elementor-widget-form\" data-id=\"1257069\" data-element_type=\"widget\" data-e-type=\"widget\" data-settings=\"{&quot;step_next_label&quot;:&quot;Weiter&quot;,&quot;step_previous_label&quot;:&quot;Zur\\u00fcck&quot;,&quot;button_width&quot;:&quot;100&quot;,&quot;step_type&quot;:&quot;number_text&quot;,&quot;step_icon_shape&quot;:&quot;circle&quot;}\" data-widget_type=\"form.default\">\n\t\t\t\t\t\t\t<form class=\"elementor-form\" method=\"post\" name=\"Kontaktieren Sie uns\" aria-label=\"Kontaktieren Sie uns\">\n\t\t\t<input type=\"hidden\" name=\"post_id\" value=\"22344\"\/>\n\t\t\t<input type=\"hidden\" name=\"form_id\" value=\"1257069\"\/>\n\t\t\t<input type=\"hidden\" name=\"referer_title\" value=\"\" \/>\n\n\t\t\t\n\t\t\t<div class=\"elementor-form-fields-wrapper elementor-labels-\">\n\t\t\t\t\t\t\t\t<div class=\"elementor-field-type-text elementor-field-group elementor-column elementor-field-group-name elementor-col-100 elementor-field-required\">\n\t\t\t\t\t\t\t\t\t\t\t\t<label for=\"form-field-name\" class=\"elementor-field-label elementor-screen-only\">\n\t\t\t\t\t\t\t\tName\t\t\t\t\t\t\t<\/label>\n\t\t\t\t\t\t\t\t\t\t\t\t\t\t<input size=\"1\" type=\"text\" name=\"form_fields[name]\" id=\"form-field-name\" class=\"elementor-field elementor-size-md  elementor-field-textual\" placeholder=\"Name\" required=\"required\">\n\t\t\t\t\t\t\t\t\t\t\t<\/div>\n\t\t\t\t\t\t\t\t<div class=\"elementor-field-type-email elementor-field-group elementor-column elementor-field-group-email elementor-col-100 elementor-field-required\">\n\t\t\t\t\t\t\t\t\t\t\t\t<label for=\"form-field-email\" class=\"elementor-field-label elementor-screen-only\">\n\t\t\t\t\t\t\t\tE-Mail\t\t\t\t\t\t\t<\/label>\n\t\t\t\t\t\t\t\t\t\t\t\t\t\t<input size=\"1\" type=\"email\" name=\"form_fields[email]\" id=\"form-field-email\" class=\"elementor-field elementor-size-md  elementor-field-textual\" placeholder=\"E-Mail\" required=\"required\">\n\t\t\t\t\t\t\t\t\t\t\t<\/div>\n\t\t\t\t\t\t\t\t<div class=\"elementor-field-type-textarea elementor-field-group elementor-column elementor-field-group-message elementor-col-100 elementor-field-required\">\n\t\t\t\t\t\t\t\t\t\t\t\t<label for=\"form-field-message\" class=\"elementor-field-label elementor-screen-only\">\n\t\t\t\t\t\t\t\tNachricht\t\t\t\t\t\t\t<\/label>\n\t\t\t\t\t\t<textarea class=\"elementor-field-textual elementor-field  elementor-size-md\" name=\"form_fields[message]\" id=\"form-field-message\" rows=\"4\" placeholder=\"Nachricht\" required=\"required\"><\/textarea>\t\t\t\t<\/div>\n\t\t\t\t\t\t\t\t<div class=\"elementor-field-group elementor-column elementor-field-type-submit elementor-col-100 e-form__buttons\">\n\t\t\t\t\t<button class=\"elementor-button elementor-size-sm\" type=\"submit\">\n\t\t\t\t\t\t<span class=\"elementor-button-content-wrapper\">\n\t\t\t\t\t\t\t\t\t\t\t\t\t\t\t\t\t\t\t\t\t\t<span class=\"elementor-button-text\">Senden<\/span>\n\t\t\t\t\t\t\t\t\t\t\t\t\t<\/span>\n\t\t\t\t\t<\/button>\n\t\t\t\t<\/div>\n\t\t\t<\/div>\n\t\t<\/form>\n\t\t\t\t\t\t<\/div>\n\t\t\t\t\t<\/div>\n\t\t\t\t<\/div>\n\t\t\t\t<\/div>\n\t\t","protected":false},"excerpt":{"rendered":"<p>KONTAKTIEREN SIE UNS Nehmen Sie Kontakt auf mit Nat20Crafts! Haben Sie eine Frage zu unserem individuellen Gel\u00e4nde oder unseren Miniaturen? M\u00f6chten Sie eine bemalte Miniatur oder ein einzigartiges Gel\u00e4ndest\u00fcck f\u00fcr Ihre Tabletop-Abenteuer in Auftrag geben? M\u00f6chten Sie neue F\u00e4higkeiten in unseren Malkursen f\u00fcr Miniaturen oder Gel\u00e4ndebaukursen erlernen? Bei Nat20Crafts ist es unsere Leidenschaft, Ihre Tabletop-Spiele [&hellip;]<\/p>\n","protected":false},"author":1,"featured_media":0,"parent":0,"menu_order":0,"comment_status":"closed","ping_status":"closed","template":"elementor_header_footer","meta":{"footnotes":""},"class_list":["post-22344","page","type-page","status-publish","hentry"],"_links":{"self":[{"href":"https:\/\/nat20crafts.com\/de\/wp-json\/wp\/v2\/pages\/22344","targetHints":{"allow":["GET"]}}],"collection":[{"href":"https:\/\/nat20crafts.com\/de\/wp-json\/wp\/v2\/pages"}],"about":[{"href":"https:\/\/nat20crafts.com\/de\/wp-json\/wp\/v2\/types\/page"}],"author":[{"embeddable":true,"href":"https:\/\/nat20crafts.com\/de\/wp-json\/wp\/v2\/users\/1"}],"replies":[{"embeddable":true,"href":"https:\/\/nat20crafts.com\/de\/wp-json\/wp\/v2\/comments?post=22344"}],"version-history":[{"count":4,"href":"https:\/\/nat20crafts.com\/de\/wp-json\/wp\/v2\/pages\/22344\/revisions"}],"predecessor-version":[{"id":22927,"href":"https:\/\/nat20crafts.com\/de\/wp-json\/wp\/v2\/pages\/22344\/revisions\/22927"}],"wp:attachment":[{"href":"https:\/\/nat20crafts.com\/de\/wp-json\/wp\/v2\/media?parent=22344"}],"curies":[{"name":"wp","href":"https:\/\/api.w.org\/{rel}","templated":true}]}}