{"id":22346,"date":"2025-08-18T14:36:25","date_gmt":"2025-08-18T14:36:25","guid":{"rendered":"https:\/\/nat20crafts.com\/ueber\/"},"modified":"2025-09-05T08:30:57","modified_gmt":"2025-09-05T08:30:57","slug":"ueber","status":"publish","type":"page","link":"https:\/\/nat20crafts.com\/de\/ueber\/","title":{"rendered":"\u00dcBER"},"content":{"rendered":"\t\t<div data-elementor-type=\"wp-page\" data-elementor-id=\"22346\" class=\"elementor elementor-22346 elementor-21509\" data-elementor-post-type=\"page\">\n\t\t\t\t<div class=\"elementor-element elementor-element-d574a96 e-flex e-con-boxed e-con e-parent\" data-id=\"d574a96\" data-element_type=\"container\" data-e-type=\"container\">\n\t\t\t\t\t<div class=\"e-con-inner\">\n\t\t\t\t<div class=\"elementor-element elementor-element-d425a84 elementor-widget elementor-widget-heading\" data-id=\"d425a84\" data-element_type=\"widget\" data-e-type=\"widget\" data-widget_type=\"heading.default\">\n\t\t\t\t\t<h1 class=\"elementor-heading-title elementor-size-default\">\u00dcBER NAT20 CRAFTS<\/h1>\t\t\t\t<\/div>\n\t\t\t\t\t<\/div>\n\t\t\t\t<\/div>\n\t\t<div class=\"elementor-element elementor-element-4f61141 e-grid e-con-boxed e-con e-parent\" data-id=\"4f61141\" data-element_type=\"container\" data-e-type=\"container\">\n\t\t\t\t\t<div class=\"e-con-inner\">\n\t\t<div class=\"elementor-element elementor-element-a11d35f e-con-full e-flex e-con e-child\" data-id=\"a11d35f\" data-element_type=\"container\" data-e-type=\"container\">\n\t\t\t\t<div class=\"elementor-element elementor-element-c2a8fd3 elementor-widget elementor-widget-heading\" data-id=\"c2a8fd3\" data-element_type=\"widget\" data-e-type=\"widget\" data-widget_type=\"heading.default\">\n\t\t\t\t\t<h3 class=\"elementor-heading-title elementor-size-default\">RUTH MERIDJEN<\/h3>\t\t\t\t<\/div>\n\t\t\t\t<div class=\"elementor-element elementor-element-c04c028 elementor-widget elementor-widget-text-editor\" data-id=\"c04c028\" data-element_type=\"widget\" data-e-type=\"widget\" data-widget_type=\"text-editor.default\">\n\t\t\t\t\t\t\t\t\t<p class=\"p1\" style=\"text-align: right;\">W\u00e4hrend meine kreative Ursprungsgeschichte mit der Arbeit als Visual Effects Artist in Filmen und Fernsehsendungen begann, entdeckte ich die nerdige Ecke der Welt, als ich 2017 meinen ersten W20 w\u00fcrfelte. Mein Charakter hie\u00df Gae\u2019al, und sie war eine Goliath-Paladin, die in einem Kampf mit Skelettkindern drei Nat-1er w\u00fcrfelte. <\/p><p class=\"p1\" style=\"text-align: right;\">Im Jahr 2021 begann ich meine Reise als Handwerkerin, indem ich Gel\u00e4ndest\u00fccke f\u00fcr meine Dungeons &amp; Dragons-Spiele herstellte und lernte, Welten aus Schaumstoff und Restmaterial zu bauen.<\/p><p class=\"p1\" style=\"text-align: right;\">Dieser Weg f\u00fchrte mich dazu, meine Leidenschaft f\u00fcr das Basteln und Bemalen von Gegenst\u00e4nden f\u00fcr Fantasy- und Science-Fiction-Spiele zu entdecken. Im Jahr 2024 f\u00fcgte ich das Bemalen von Miniaturen und Warhammer zu meinen Hobbys hinzu, und heute verbringe ich t\u00e4glich mehrere Stunden mit Basteln oder Malen, in Gesellschaft meiner besseren H\u00e4lfte und unserer vier Hunde. <\/p><p class=\"p1\" style=\"text-align: right;\">Mein Ziel ist es, unsere nerdigen Hobbys zu den einladendsten und offensten R\u00e4umen zu machen, wo jeder nach Herzenslust bauen, malen und spielen kann.<\/p>\t\t\t\t\t\t\t\t<\/div>\n\t\t\t\t<\/div>\n\t\t\t\t<div class=\"elementor-element elementor-element-709477a elementor-widget elementor-widget-image\" data-id=\"709477a\" data-element_type=\"widget\" data-e-type=\"widget\" data-widget_type=\"image.default\">\n\t\t\t\t\t\t\t\t\t\t\t\t\t\t\t<img fetchpriority=\"high\" decoding=\"async\" width=\"768\" height=\"1024\" src=\"https:\/\/nat20crafts.com\/wp-content\/uploads\/2025\/08\/RuthHeadshot-768x1024.jpg\" class=\"attachment-large size-large wp-image-21743\" alt=\"Ruth Meridjen \u2013 Nat20Crafts co-founder and D&amp;D miniature painter\" srcset=\"https:\/\/nat20crafts.com\/wp-content\/uploads\/2025\/08\/RuthHeadshot-768x1024.jpg 768w, https:\/\/nat20crafts.com\/wp-content\/uploads\/2025\/08\/RuthHeadshot-350x467.jpg 350w, https:\/\/nat20crafts.com\/wp-content\/uploads\/2025\/08\/RuthHeadshot-920x1227.jpg 920w, https:\/\/nat20crafts.com\/wp-content\/uploads\/2025\/08\/RuthHeadshot-225x300.jpg 225w, https:\/\/nat20crafts.com\/wp-content\/uploads\/2025\/08\/RuthHeadshot-1152x1536.jpg 1152w, https:\/\/nat20crafts.com\/wp-content\/uploads\/2025\/08\/RuthHeadshot.jpg 1200w\" sizes=\"(max-width: 768px) 100vw, 768px\" \/>\t\t\t\t\t\t\t\t\t\t\t\t\t\t\t<\/div>\n\t\t\t\t<div class=\"elementor-element elementor-element-96a0099 elementor-widget elementor-widget-image\" data-id=\"96a0099\" data-element_type=\"widget\" data-e-type=\"widget\" data-widget_type=\"image.default\">\n\t\t\t\t\t\t\t\t\t\t\t\t\t\t\t<img decoding=\"async\" width=\"768\" height=\"1024\" src=\"https:\/\/nat20crafts.com\/wp-content\/uploads\/2025\/09\/ValentinaHeadshot-768x1024.jpg\" class=\"attachment-large size-large wp-image-22198\" alt=\"Custom-painted Blue Dragon miniature by Nat20Crafts\" srcset=\"https:\/\/nat20crafts.com\/wp-content\/uploads\/2025\/09\/ValentinaHeadshot-768x1024.jpg 768w, https:\/\/nat20crafts.com\/wp-content\/uploads\/2025\/09\/ValentinaHeadshot-350x467.jpg 350w, https:\/\/nat20crafts.com\/wp-content\/uploads\/2025\/09\/ValentinaHeadshot-920x1227.jpg 920w, https:\/\/nat20crafts.com\/wp-content\/uploads\/2025\/09\/ValentinaHeadshot-225x300.jpg 225w, https:\/\/nat20crafts.com\/wp-content\/uploads\/2025\/09\/ValentinaHeadshot-1152x1536.jpg 1152w, https:\/\/nat20crafts.com\/wp-content\/uploads\/2025\/09\/ValentinaHeadshot-1320x1760.jpg 1320w, https:\/\/nat20crafts.com\/wp-content\/uploads\/2025\/09\/ValentinaHeadshot.jpg 1536w\" sizes=\"(max-width: 768px) 100vw, 768px\" \/>\t\t\t\t\t\t\t\t\t\t\t\t\t\t\t<\/div>\n\t\t<div class=\"elementor-element elementor-element-679c41e e-con-full e-flex e-con e-child\" data-id=\"679c41e\" data-element_type=\"container\" data-e-type=\"container\">\n\t\t\t\t<div class=\"elementor-element elementor-element-e5cb96f elementor-widget elementor-widget-heading\" data-id=\"e5cb96f\" data-element_type=\"widget\" data-e-type=\"widget\" data-widget_type=\"heading.default\">\n\t\t\t\t\t<h3 class=\"elementor-heading-title elementor-size-default\">VALENTINA SGRO<\/h3>\t\t\t\t<\/div>\n\t\t\t\t<div class=\"elementor-element elementor-element-8f14c3f elementor-widget elementor-widget-text-editor\" data-id=\"8f14c3f\" data-element_type=\"widget\" data-e-type=\"widget\" data-widget_type=\"text-editor.default\">\n\t\t\t\t\t\t\t\t\t<p class=\"p1\">Tags\u00fcber jongliere ich mit Pixeln und Fristen in der Visual-Effects-Branche und helfe dabei, Geschichten auf der gro\u00dfen Leinwand zum Leben zu erwecken. Nachts (und, seien wir ehrlich, an den meisten Wochenenden) bin ich ein Meister-Nerd \u2013 alles dreht sich um D&amp;D-Kampagnen, Fantasy-Welten und Science-Fiction-Abenteuer, die die Realit\u00e4t ein bisschen weniger gew\u00f6hnlich erscheinen lassen. <\/p><p class=\"p1\">Im Herzen ein B\u00fccherwurm, horte ich Romane wie ein Drache Gold. Meine Regale quellen \u00fcber vor Fantasy-Epen, Sci-Fi-Klassikern und obskuren Indie-Perlen, und ich bin immer bereit, Ihnen ein Lieblingsbuch in die Hand zu dr\u00fccken. Wenn ich nicht gerade in einem Buch versunken bin oder W\u00fcrfel rolle, finden Sie mich knietief in einem Bastelprojekt.  <\/p><p class=\"p1\">Als Teil von Nat20Crafts helfe ich, die Magie hinter den Kulissen zu koordinieren, von Social Media \u00fcber die Terminplanung bis hin zur Unterst\u00fctzung beim Bau von Bastelarbeiten im Shop. Ob es darum geht, Miniaturen zu bemalen, B\u00fccherregale zu bauen oder zu versuchen, meinen eigenen Millennium Falcon zu konstruieren, ich glaube daran, die Welt der Geeks zug\u00e4nglich, einladend und voller Kreativit\u00e4t zu gestalten. <\/p>\t\t\t\t\t\t\t\t<\/div>\n\t\t\t\t<\/div>\n\t\t\t\t\t<\/div>\n\t\t\t\t<\/div>\n\t\t<div class=\"elementor-element elementor-element-61265d6 e-flex e-con-boxed e-con e-parent\" data-id=\"61265d6\" data-element_type=\"container\" data-e-type=\"container\">\n\t\t\t\t\t<div class=\"e-con-inner\">\n\t\t\t\t<div class=\"elementor-element elementor-element-b5441dc elementor-widget elementor-widget-heading\" data-id=\"b5441dc\" data-element_type=\"widget\" data-e-type=\"widget\" data-widget_type=\"heading.default\">\n\t\t\t\t\t<h2 class=\"elementor-heading-title elementor-size-default\">SEHEN SIE SICH UNSERE ARBEIT AN<\/h2>\t\t\t\t<\/div>\n\t\t\t\t<div class=\"elementor-element elementor-element-100b188 elementor-widget elementor-widget-gallery\" data-id=\"100b188\" data-element_type=\"widget\" data-e-type=\"widget\" data-settings=\"{&quot;gallery_layout&quot;:&quot;masonry&quot;,&quot;gap&quot;:{&quot;unit&quot;:&quot;px&quot;,&quot;size&quot;:20,&quot;sizes&quot;:[]},&quot;lazyload&quot;:&quot;yes&quot;,&quot;columns&quot;:4,&quot;columns_tablet&quot;:2,&quot;columns_mobile&quot;:1,&quot;gap_tablet&quot;:{&quot;unit&quot;:&quot;px&quot;,&quot;size&quot;:10,&quot;sizes&quot;:[]},&quot;gap_mobile&quot;:{&quot;unit&quot;:&quot;px&quot;,&quot;size&quot;:10,&quot;sizes&quot;:[]},&quot;overlay_background&quot;:&quot;yes&quot;,&quot;content_hover_animation&quot;:&quot;fade-in&quot;}\" data-widget_type=\"gallery.default\">\n\t\t\t\t\t\t\t<div class=\"elementor-gallery__container\">\n\t\t\t\t\t\t\t<div class=\"e-gallery-item elementor-gallery-item elementor-animated-content\">\n\t\t\t\t\t<div class=\"e-gallery-image elementor-gallery-item__image\" data-thumbnail=\"https:\/\/nat20crafts.com\/wp-content\/uploads\/2025\/08\/RuinsTerrain01-1-768x1024.jpg\" data-width=\"768\" data-height=\"1024\" aria-label=\"\" role=\"img\" ><\/div>\n\t\t\t\t\t\t\t\t\t\t\t<div class=\"elementor-gallery-item__overlay\"><\/div>\n\t\t\t\t\t\t\t\t\t\t\t\t\t\t<\/div>\n\t\t\t\t\t\t\t<div class=\"e-gallery-item elementor-gallery-item elementor-animated-content\">\n\t\t\t\t\t<div class=\"e-gallery-image elementor-gallery-item__image\" data-thumbnail=\"https:\/\/nat20crafts.com\/wp-content\/uploads\/2025\/08\/Elementals-768x1024.jpg\" data-width=\"768\" data-height=\"1024\" aria-label=\"\" role=\"img\" ><\/div>\n\t\t\t\t\t\t\t\t\t\t\t<div class=\"elementor-gallery-item__overlay\"><\/div>\n\t\t\t\t\t\t\t\t\t\t\t\t\t\t<\/div>\n\t\t\t\t\t\t\t<div class=\"e-gallery-item elementor-gallery-item elementor-animated-content\">\n\t\t\t\t\t<div class=\"e-gallery-image elementor-gallery-item__image\" data-thumbnail=\"https:\/\/nat20crafts.com\/wp-content\/uploads\/2025\/08\/AngelicDragon-768x1024.jpg\" data-width=\"768\" data-height=\"1024\" aria-label=\"\" role=\"img\" ><\/div>\n\t\t\t\t\t\t\t\t\t\t\t<div class=\"elementor-gallery-item__overlay\"><\/div>\n\t\t\t\t\t\t\t\t\t\t\t\t\t\t<\/div>\n\t\t\t\t\t\t\t<div class=\"e-gallery-item elementor-gallery-item elementor-animated-content\">\n\t\t\t\t\t<div class=\"e-gallery-image elementor-gallery-item__image\" data-thumbnail=\"https:\/\/nat20crafts.com\/wp-content\/uploads\/2025\/08\/Lyrior-768x1024.jpg\" data-width=\"768\" data-height=\"1024\" aria-label=\"\" role=\"img\" ><\/div>\n\t\t\t\t\t\t\t\t\t\t\t<div class=\"elementor-gallery-item__overlay\"><\/div>\n\t\t\t\t\t\t\t\t\t\t\t\t\t\t<\/div>\n\t\t\t\t\t\t\t<div class=\"e-gallery-item elementor-gallery-item elementor-animated-content\">\n\t\t\t\t\t<div class=\"e-gallery-image elementor-gallery-item__image\" data-thumbnail=\"https:\/\/nat20crafts.com\/wp-content\/uploads\/2025\/08\/OrcStatue-768x1024.jpg\" data-width=\"768\" data-height=\"1024\" aria-label=\"\" role=\"img\" ><\/div>\n\t\t\t\t\t\t\t\t\t\t\t<div class=\"elementor-gallery-item__overlay\"><\/div>\n\t\t\t\t\t\t\t\t\t\t\t\t\t\t<\/div>\n\t\t\t\t\t\t\t<div class=\"e-gallery-item elementor-gallery-item elementor-animated-content\">\n\t\t\t\t\t<div class=\"e-gallery-image elementor-gallery-item__image\" data-thumbnail=\"https:\/\/nat20crafts.com\/wp-content\/uploads\/2025\/08\/Yndrasta-768x1024.jpg\" data-width=\"768\" data-height=\"1024\" aria-label=\"\" role=\"img\" ><\/div>\n\t\t\t\t\t\t\t\t\t\t\t<div class=\"elementor-gallery-item__overlay\"><\/div>\n\t\t\t\t\t\t\t\t\t\t\t\t\t\t<\/div>\n\t\t\t\t\t\t\t<div class=\"e-gallery-item elementor-gallery-item elementor-animated-content\">\n\t\t\t\t\t<div class=\"e-gallery-image elementor-gallery-item__image\" data-thumbnail=\"https:\/\/nat20crafts.com\/wp-content\/uploads\/2025\/08\/BlueDragon-768x1024.jpg\" data-width=\"768\" data-height=\"1024\" aria-label=\"\" role=\"img\" ><\/div>\n\t\t\t\t\t\t\t\t\t\t\t<div class=\"elementor-gallery-item__overlay\"><\/div>\n\t\t\t\t\t\t\t\t\t\t\t\t\t\t<\/div>\n\t\t\t\t\t\t\t<div class=\"e-gallery-item elementor-gallery-item elementor-animated-content\">\n\t\t\t\t\t<div class=\"e-gallery-image elementor-gallery-item__image\" data-thumbnail=\"https:\/\/nat20crafts.com\/wp-content\/uploads\/2025\/08\/House02-768x1024.jpg\" data-width=\"768\" data-height=\"1024\" aria-label=\"\" role=\"img\" ><\/div>\n\t\t\t\t\t\t\t\t\t\t\t<div class=\"elementor-gallery-item__overlay\"><\/div>\n\t\t\t\t\t\t\t\t\t\t\t\t\t\t<\/div>\n\t\t\t\t\t<\/div>\n\t\t\t\t\t<\/div>\n\t\t\t\t<div class=\"elementor-element elementor-element-805e263 elementor-align-center elementor-widget elementor-widget-button\" data-id=\"805e263\" data-element_type=\"widget\" data-e-type=\"widget\" data-widget_type=\"button.default\">\n\t\t\t\t\t\t\t\t\t\t<a class=\"elementor-button elementor-button-link elementor-size-sm\" href=\"https:\/\/nat20crafts.com\/de\/auftraege\/\">\n\t\t\t\t\t\t<span class=\"elementor-button-content-wrapper\">\n\t\t\t\t\t\t\t\t\t<span class=\"elementor-button-text\">MEHR ANSEHEN<\/span>\n\t\t\t\t\t<\/span>\n\t\t\t\t\t<\/a>\n\t\t\t\t\t\t\t\t<\/div>\n\t\t\t\t\t<\/div>\n\t\t\t\t<\/div>\n\t\t\t\t<\/div>\n\t\t","protected":false},"excerpt":{"rendered":"<p>\u00dcBER NAT20 CRAFTS RUTH MERIDJEN W\u00e4hrend meine kreative Ursprungsgeschichte mit der Arbeit als Visual Effects Artist in Filmen und Fernsehsendungen begann, entdeckte ich die nerdige Ecke der Welt, als ich 2017 meinen ersten W20 w\u00fcrfelte. Mein Charakter hie\u00df Gae\u2019al, und sie war eine Goliath-Paladin, die in einem Kampf mit Skelettkindern drei Nat-1er w\u00fcrfelte. Im Jahr [&hellip;]<\/p>\n","protected":false},"author":1,"featured_media":0,"parent":0,"menu_order":0,"comment_status":"closed","ping_status":"closed","template":"elementor_header_footer","meta":{"footnotes":""},"class_list":["post-22346","page","type-page","status-publish","hentry"],"_links":{"self":[{"href":"https:\/\/nat20crafts.com\/de\/wp-json\/wp\/v2\/pages\/22346","targetHints":{"allow":["GET"]}}],"collection":[{"href":"https:\/\/nat20crafts.com\/de\/wp-json\/wp\/v2\/pages"}],"about":[{"href":"https:\/\/nat20crafts.com\/de\/wp-json\/wp\/v2\/types\/page"}],"author":[{"embeddable":true,"href":"https:\/\/nat20crafts.com\/de\/wp-json\/wp\/v2\/users\/1"}],"replies":[{"embeddable":true,"href":"https:\/\/nat20crafts.com\/de\/wp-json\/wp\/v2\/comments?post=22346"}],"version-history":[{"count":3,"href":"https:\/\/nat20crafts.com\/de\/wp-json\/wp\/v2\/pages\/22346\/revisions"}],"predecessor-version":[{"id":22718,"href":"https:\/\/nat20crafts.com\/de\/wp-json\/wp\/v2\/pages\/22346\/revisions\/22718"}],"wp:attachment":[{"href":"https:\/\/nat20crafts.com\/de\/wp-json\/wp\/v2\/media?parent=22346"}],"curies":[{"name":"wp","href":"https:\/\/api.w.org\/{rel}","templated":true}]}}