{"id":22358,"date":"2025-08-18T14:36:25","date_gmt":"2025-08-18T14:36:25","guid":{"rendered":"https:\/\/nat20crafts.com\/workshops\/"},"modified":"2025-09-04T14:00:12","modified_gmt":"2025-09-04T14:00:12","slug":"workshops","status":"publish","type":"page","link":"https:\/\/nat20crafts.com\/de\/workshops\/","title":{"rendered":"WORKSHOPS"},"content":{"rendered":"\t\t<div data-elementor-type=\"wp-page\" data-elementor-id=\"22358\" class=\"elementor elementor-22358 elementor-21507\" data-elementor-post-type=\"page\">\n\t\t\t\t<div class=\"elementor-element elementor-element-c078e1f e-flex e-con-boxed e-con e-parent\" data-id=\"c078e1f\" data-element_type=\"container\" data-e-type=\"container\">\n\t\t\t\t\t<div class=\"e-con-inner\">\n\t\t\t\t<div class=\"elementor-element elementor-element-31cf51a elementor-widget elementor-widget-heading\" data-id=\"31cf51a\" data-element_type=\"widget\" data-e-type=\"widget\" data-widget_type=\"heading.default\">\n\t\t\t\t\t<h1 class=\"elementor-heading-title elementor-size-default\">WORKSHOPS<\/h1>\t\t\t\t<\/div>\n\t\t\t\t\t<\/div>\n\t\t\t\t<\/div>\n\t\t<div class=\"elementor-element elementor-element-9eaee3e e-flex e-con-boxed e-con e-parent\" data-id=\"9eaee3e\" data-element_type=\"container\" data-e-type=\"container\">\n\t\t\t\t\t<div class=\"e-con-inner\">\n\t\t<div class=\"elementor-element elementor-element-579355d e-con-full e-grid e-con e-child\" data-id=\"579355d\" data-element_type=\"container\" data-e-type=\"container\">\n\t\t\t\t<div class=\"elementor-element elementor-element-72d74d2 elementor-widget elementor-widget-image\" data-id=\"72d74d2\" data-element_type=\"widget\" data-e-type=\"widget\" data-widget_type=\"image.default\">\n\t\t\t\t\t\t\t\t\t\t\t\t\t\t\t<img fetchpriority=\"high\" decoding=\"async\" width=\"768\" height=\"1024\" src=\"https:\/\/nat20crafts.com\/wp-content\/uploads\/2025\/08\/OrcStatue-768x1024.jpg\" class=\"attachment-large size-large wp-image-21768\" alt=\"\" srcset=\"https:\/\/nat20crafts.com\/wp-content\/uploads\/2025\/08\/OrcStatue-768x1024.jpg 768w, https:\/\/nat20crafts.com\/wp-content\/uploads\/2025\/08\/OrcStatue-scaled-350x467.jpg 350w, https:\/\/nat20crafts.com\/wp-content\/uploads\/2025\/08\/OrcStatue-scaled-920x1227.jpg 920w, https:\/\/nat20crafts.com\/wp-content\/uploads\/2025\/08\/OrcStatue-225x300.jpg 225w, https:\/\/nat20crafts.com\/wp-content\/uploads\/2025\/08\/OrcStatue-1152x1536.jpg 1152w, https:\/\/nat20crafts.com\/wp-content\/uploads\/2025\/08\/OrcStatue-1536x2048.jpg 1536w, https:\/\/nat20crafts.com\/wp-content\/uploads\/2025\/08\/OrcStatue-1320x1760.jpg 1320w, https:\/\/nat20crafts.com\/wp-content\/uploads\/2025\/08\/OrcStatue-scaled.jpg 1920w\" sizes=\"(max-width: 768px) 100vw, 768px\" \/>\t\t\t\t\t\t\t\t\t\t\t\t\t\t\t<\/div>\n\t\t<div class=\"elementor-element elementor-element-8fd5202 e-con-full e-flex e-con e-child\" data-id=\"8fd5202\" data-element_type=\"container\" data-e-type=\"container\">\n\t\t\t\t<div class=\"elementor-element elementor-element-3f9e886 elementor-widget elementor-widget-text-editor\" data-id=\"3f9e886\" data-element_type=\"widget\" data-e-type=\"widget\" data-widget_type=\"text-editor.default\">\n\t\t\t\t\t\t\t\t\t<p style=\"text-align: center;\">Entfesseln Sie Ihre Kreativit\u00e4t mit Nat20Crafts in La F\u00e1brica de Hobbies in Valencia, Spanien!<\/p><p style=\"text-align: center;\">Nehmen Sie an unseren regelm\u00e4\u00dfigen Workshops teil und tauchen Sie ein in eine Welt des praktischen Lernens und Spa\u00dfes. Egal, ob Sie Anf\u00e4nger oder erfahrener Bastler sind, es gibt immer etwas Neues zu entdecken. <\/p><p style=\"text-align: center;\">Bereit anzufangen? Folgen Sie dem Link, um Ihren Platz in unseren kommenden Kursen zu buchen. Und vergessen Sie nicht, sich f\u00fcr unseren Newsletter anzumelden \u2013 Sie erfahren als Erster von neuen Kursen und spannenden Neuigkeiten.  <\/p><p style=\"text-align: center;\">Wir k\u00f6nnen es kaum erwarten, mit Ihnen neue Welten zu erschaffen!<\/p>\t\t\t\t\t\t\t\t<\/div>\n\t\t\t\t<div class=\"elementor-element elementor-element-40a27f8 elementor-align-center elementor-widget elementor-widget-button\" data-id=\"40a27f8\" data-element_type=\"widget\" data-e-type=\"widget\" data-widget_type=\"button.default\">\n\t\t\t\t\t\t\t\t\t\t<a class=\"elementor-button elementor-button-link elementor-size-sm\" href=\"https:\/\/lafabricadehobbies.es\/cursos\/\" target=\"_blank\" rel=\"noopener\">\n\t\t\t\t\t\t<span class=\"elementor-button-content-wrapper\">\n\t\t\t\t\t\t\t\t\t<span class=\"elementor-button-text\">BUCHEN SIE IHREN PLATZ<\/span>\n\t\t\t\t\t<\/span>\n\t\t\t\t\t<\/a>\n\t\t\t\t\t\t\t\t<\/div>\n\t\t\t\t<\/div>\n\t\t\t\t<\/div>\n\t\t\t\t\t<\/div>\n\t\t\t\t<\/div>\n\t\t\t\t<\/div>\n\t\t","protected":false},"excerpt":{"rendered":"<p>WORKSHOPS Entfesseln Sie Ihre Kreativit\u00e4t mit Nat20Crafts in La F\u00e1brica de Hobbies in Valencia, Spanien! Nehmen Sie an unseren regelm\u00e4\u00dfigen Workshops teil und tauchen Sie ein in eine Welt des praktischen Lernens und Spa\u00dfes. Egal, ob Sie Anf\u00e4nger oder erfahrener Bastler sind, es gibt immer etwas Neues zu entdecken. Bereit anzufangen? Folgen Sie dem Link, [&hellip;]<\/p>\n","protected":false},"author":1,"featured_media":0,"parent":0,"menu_order":0,"comment_status":"closed","ping_status":"closed","template":"elementor_header_footer","meta":{"footnotes":""},"class_list":["post-22358","page","type-page","status-publish","hentry"],"_links":{"self":[{"href":"https:\/\/nat20crafts.com\/de\/wp-json\/wp\/v2\/pages\/22358","targetHints":{"allow":["GET"]}}],"collection":[{"href":"https:\/\/nat20crafts.com\/de\/wp-json\/wp\/v2\/pages"}],"about":[{"href":"https:\/\/nat20crafts.com\/de\/wp-json\/wp\/v2\/types\/page"}],"author":[{"embeddable":true,"href":"https:\/\/nat20crafts.com\/de\/wp-json\/wp\/v2\/users\/1"}],"replies":[{"embeddable":true,"href":"https:\/\/nat20crafts.com\/de\/wp-json\/wp\/v2\/comments?post=22358"}],"version-history":[{"count":2,"href":"https:\/\/nat20crafts.com\/de\/wp-json\/wp\/v2\/pages\/22358\/revisions"}],"predecessor-version":[{"id":22658,"href":"https:\/\/nat20crafts.com\/de\/wp-json\/wp\/v2\/pages\/22358\/revisions\/22658"}],"wp:attachment":[{"href":"https:\/\/nat20crafts.com\/de\/wp-json\/wp\/v2\/media?parent=22358"}],"curies":[{"name":"wp","href":"https:\/\/api.w.org\/{rel}","templated":true}]}}