{"id":22388,"date":"2025-08-18T16:42:01","date_gmt":"2025-08-18T16:42:01","guid":{"rendered":"https:\/\/nat20crafts.com\/faq\/"},"modified":"2025-09-10T16:00:17","modified_gmt":"2025-09-10T16:00:17","slug":"faq","status":"publish","type":"page","link":"https:\/\/nat20crafts.com\/de\/faq\/","title":{"rendered":"FAQ"},"content":{"rendered":"\t\t<div data-elementor-type=\"wp-page\" data-elementor-id=\"22388\" class=\"elementor elementor-22388 elementor-9\" data-elementor-post-type=\"page\">\n\t\t\t\t<div class=\"elementor-element elementor-element-4e5b4d44 e-flex e-con-boxed e-con e-parent\" data-id=\"4e5b4d44\" data-element_type=\"container\" data-e-type=\"container\">\n\t\t\t\t\t<div class=\"e-con-inner\">\n\t\t<div class=\"elementor-element elementor-element-95b4691 e-con-full e-flex e-con e-child\" data-id=\"95b4691\" data-element_type=\"container\" data-e-type=\"container\">\n\t\t\t\t<div class=\"elementor-element elementor-element-4cd5578 elementor-widget elementor-widget-heading\" data-id=\"4cd5578\" data-element_type=\"widget\" data-e-type=\"widget\" data-widget_type=\"heading.default\">\n\t\t\t\t\t<h1 class=\"elementor-heading-title elementor-size-default\">FAQ<\/h1>\t\t\t\t<\/div>\n\t\t\t\t<div class=\"elementor-element elementor-element-fcd074c elementor-widget elementor-widget-heading\" data-id=\"fcd074c\" data-element_type=\"widget\" data-e-type=\"widget\" data-widget_type=\"heading.default\">\n\t\t\t\t\t<h2 class=\"elementor-heading-title elementor-size-default\">VERSAND<\/h2>\t\t\t\t<\/div>\n\t\t\t\t<div class=\"elementor-element elementor-element-6d81382d elementor-widget__width-initial elementor-widget elementor-widget-text-editor\" data-id=\"6d81382d\" data-element_type=\"widget\" data-e-type=\"widget\" data-widget_type=\"text-editor.default\">\n\t\t\t\t\t\t\t\t\t<p><strong>Meine Bestellung ist besch\u00e4digt angekommen. Was soll ich tun? <\/strong><\/p><p>Bitte senden Sie uns eine E-Mail an info@nat20crafts.com, um das Problem zu melden. F\u00fcgen Sie in den Betreff der E-Mail Ihre Bestellnummer ein und h\u00e4ngen Sie ein klares, gut beleuchtetes Bild des Artikels an. Senden Sie zus\u00e4tzlich ein Bild der Verpackung, wie sie angekommen ist.  <\/p><p><strong>Wann wird meine Bestellung versandt?<\/strong><\/p><p>Derzeit werden alle unsere Bestellungen montags und freitags versandt. Die Lieferzeiten variieren je nach Wohnort. In Sto\u00dfzeiten wie Weihnachten planen Sie bitte 1-2 zus\u00e4tzliche Wochen f\u00fcr den Versand ein.  <\/p><p><strong>Wohin versenden Sie?<\/strong><\/p><p>Wir versenden fast \u00fcberall auf der Welt. Haftungsausschluss: Aufgrund der anhaltenden Unsicherheit bieten wir derzeit keinen Versand in die USA an. <\/p><p><strong>Sind alle Bestellungen nachverfolgbar?<\/strong><\/p><p>Ja.<\/p><p><strong>Zollgeb\u00fchren und Einfuhrumsatzsteuer<\/strong><\/p><p>Beim internationalen Versand eines Pakets kann der Empf\u00e4nger zur Zahlung von Einfuhrsteuern, Zollgeb\u00fchren und anderen vom Zielland festgelegten Geb\u00fchren verpflichtet sein. Diese Geb\u00fchren sind in der Regel bei Ankunft des Pakets zu entrichten und liegen in der Verantwortung des K\u00e4ufers. <\/p><p><strong>Verlorenes Paket<\/strong><\/p><p>Wenn Ihre Sendungsverfolgung seit einiger Zeit nicht aktualisiert wurde, wenden Sie sich bitte an Ihr \u00f6rtliches Postamt und bitten Sie diese, Ihr Paket zu lokalisieren. Viele Zustellunternehmen erm\u00f6glichen es Ihnen auch, online einen Suchantrag zu stellen. In den meisten F\u00e4llen wird das Paket in K\u00fcrze gefunden.  <\/p><p>Bitte beachten Sie, dass internationale Sendungen bis zu vier Wochen oder l\u00e4nger dauern k\u00f6nnen, um ihr Ziel zu erreichen. Sollte Ihr Paket einen Monat nach dem Versanddatum nicht angekommen sein, kontaktieren Sie uns bitte unter info@nat20crafts.com, damit wir Ihnen bei einem Versicherungsanspruch behilflich sein k\u00f6nnen. <\/p><p><strong>Mein Paket wurde als \u201ezugestellt\u201c markiert, ist aber nicht angekommen.<\/strong><\/p><p>Leider k\u00f6nnen wir keine Verantwortung f\u00fcr Pakete \u00fcbernehmen, die als zugestellt markiert wurden. Wenn Ihre Sendungsverfolgung eine Zustellung anzeigt, Sie Ihr Paket aber nicht erhalten haben, wenden Sie sich bitte an Ihr \u00f6rtliches Postamt oder Ihren Zustelldienst, um die Lieferadresse zu \u00fcberpr\u00fcfen. <\/p><p>Manchmal werden Pakete bei einem Nachbarn oder an einem weniger auff\u00e4lligen Ort hinterlassen. Wenn Sie glauben, dass Ihr Paket gestohlen wurde, empfehlen wir Ihnen, eine Anzeige bei der Polizei zu erstatten. <\/p>\t\t\t\t\t\t\t\t<\/div>\n\t\t\t\t<div class=\"elementor-element elementor-element-0e2bad8 elementor-widget elementor-widget-heading\" data-id=\"0e2bad8\" data-element_type=\"widget\" data-e-type=\"widget\" data-widget_type=\"heading.default\">\n\t\t\t\t\t<h2 class=\"elementor-heading-title elementor-size-default\">R\u00dcCKERSTATTUNGS- &amp; R\u00dcCKGABERICHTLINIE<\/h2>\t\t\t\t<\/div>\n\t\t\t\t<div class=\"elementor-element elementor-element-37d6015 elementor-widget__width-initial elementor-widget elementor-widget-text-editor\" data-id=\"37d6015\" data-element_type=\"widget\" data-e-type=\"widget\" data-widget_type=\"text-editor.default\">\n\t\t\t\t\t\t\t\t\t<h3 style=\"text-align: center;\">Shop-Bestellungen<\/h3><p><strong>Bieten Sie R\u00fccksendungen an? <\/strong><\/p><p>Unsere R\u00fcckgaberichtlinie erlaubt R\u00fccksendungen innerhalb von 14 Tagen, nachdem Ihre Bestellung als zugestellt markiert wurde. Nach diesem Zeitraum k\u00f6nnen wir keine R\u00fcckerstattungen oder Umtauschvorg\u00e4nge bearbeiten. Um f\u00fcr eine R\u00fccksendung berechtigt zu sein, muss Ihr Artikel unbenutzt und im Originalzustand sein.  <\/p><p>Bitte beachten Sie, dass die Kosten f\u00fcr den R\u00fcckversand in der Verantwortung des Kunden liegen und nicht erstattungsf\u00e4hig sind. Wenn eine R\u00fcckerstattung genehmigt wird, werden die Kosten f\u00fcr den R\u00fcckversand vom Gesamtbetrag, der Ihnen zur\u00fcckerstattet wird, abgezogen. <\/p><p><strong>Bieten Sie Umtausch an?<\/strong><\/p><p>Direkter Umtausch ist nicht m\u00f6glich, aber wenn Sie einen Artikel umtauschen m\u00f6chten, senden Sie Ihren urspr\u00fcnglichen Kauf einfach unter den gleichen Bedingungen zur\u00fcck, wie sie unter R\u00fccksendungen angegeben sind. Geben Sie dann eine neue Bestellung f\u00fcr den gew\u00fcnschten Artikel auf. Bitte beachten Sie, dass Sie f\u00fcr alle mit der R\u00fccksendung verbundenen Versandkosten verantwortlich sind.  <\/p><p><strong>Falsches oder besch\u00e4digtes Produkt<\/strong><\/p><p>Bitte senden Sie uns eine E-Mail an info@nat20crafts.com, um das Problem zu melden. F\u00fcgen Sie in den Betreff der E-Mail Ihre Bestellnummer ein und h\u00e4ngen Sie ein klares, gut beleuchtetes Bild des Artikels an. Senden Sie zus\u00e4tzlich ein Bild der Verpackung, wie sie angekommen ist.  <\/p><h3 style=\"text-align: center;\">Auftragsarbeiten<\/h3><p><strong>Bieten Sie R\u00fccksendungen und\/oder Umtausch an?<\/strong><\/p><p>R\u00fccksendungen und Umtausch sind bei Auftragsarbeiten nicht m\u00f6glich.<\/p><p><strong>Falsches oder besch\u00e4digtes Produkt<\/strong><\/p><p>Bitte senden Sie uns eine E-Mail an info@nat20crafts.com, um das Problem zu melden. F\u00fcgen Sie in den Betreff der E-Mail Ihre Bestellnummer ein und h\u00e4ngen Sie ein klares, gut beleuchtetes Bild des Artikels an. Senden Sie zus\u00e4tzlich ein Bild der Verpackung, wie sie angekommen ist.  <\/p>\t\t\t\t\t\t\t\t<\/div>\n\t\t\t\t<\/div>\n\t\t\t\t\t<\/div>\n\t\t\t\t<\/div>\n\t\t\t\t<\/div>\n\t\t","protected":false},"excerpt":{"rendered":"<p>FAQ VERSAND Meine Bestellung ist besch\u00e4digt angekommen. Was soll ich tun? Bitte senden Sie uns eine E-Mail an info@nat20crafts.com, um das Problem zu melden. F\u00fcgen Sie in den Betreff der E-Mail Ihre Bestellnummer ein und h\u00e4ngen Sie ein klares, gut beleuchtetes Bild des Artikels an. Senden Sie zus\u00e4tzlich ein Bild der Verpackung, wie sie angekommen [&hellip;]<\/p>\n","protected":false},"author":1,"featured_media":0,"parent":0,"menu_order":0,"comment_status":"closed","ping_status":"closed","template":"elementor_header_footer","meta":{"footnotes":""},"class_list":["post-22388","page","type-page","status-publish","hentry"],"_links":{"self":[{"href":"https:\/\/nat20crafts.com\/de\/wp-json\/wp\/v2\/pages\/22388","targetHints":{"allow":["GET"]}}],"collection":[{"href":"https:\/\/nat20crafts.com\/de\/wp-json\/wp\/v2\/pages"}],"about":[{"href":"https:\/\/nat20crafts.com\/de\/wp-json\/wp\/v2\/types\/page"}],"author":[{"embeddable":true,"href":"https:\/\/nat20crafts.com\/de\/wp-json\/wp\/v2\/users\/1"}],"replies":[{"embeddable":true,"href":"https:\/\/nat20crafts.com\/de\/wp-json\/wp\/v2\/comments?post=22388"}],"version-history":[{"count":2,"href":"https:\/\/nat20crafts.com\/de\/wp-json\/wp\/v2\/pages\/22388\/revisions"}],"predecessor-version":[{"id":22894,"href":"https:\/\/nat20crafts.com\/de\/wp-json\/wp\/v2\/pages\/22388\/revisions\/22894"}],"wp:attachment":[{"href":"https:\/\/nat20crafts.com\/de\/wp-json\/wp\/v2\/media?parent=22388"}],"curies":[{"name":"wp","href":"https:\/\/api.w.org\/{rel}","templated":true}]}}