{"id":22625,"date":"2025-09-04T13:03:08","date_gmt":"2025-09-04T13:03:08","guid":{"rendered":"https:\/\/nat20crafts.com\/rechtliche-hinweise\/"},"modified":"2025-09-04T13:23:09","modified_gmt":"2025-09-04T13:23:09","slug":"rechtliche-hinweise","status":"publish","type":"page","link":"https:\/\/nat20crafts.com\/de\/rechtliche-hinweise\/","title":{"rendered":"RECHTLICHE HINWEISE"},"content":{"rendered":"\t\t<div data-elementor-type=\"wp-page\" data-elementor-id=\"22625\" class=\"elementor elementor-22625 elementor-22621\" data-elementor-post-type=\"page\">\n\t\t\t\t<div class=\"elementor-element elementor-element-3bde1b05 e-flex e-con-boxed e-con e-parent\" data-id=\"3bde1b05\" data-element_type=\"container\" data-e-type=\"container\">\n\t\t\t\t\t<div class=\"e-con-inner\">\n\t\t\t\t<div class=\"elementor-element elementor-element-86fadcc elementor-widget elementor-widget-heading\" data-id=\"86fadcc\" data-element_type=\"widget\" data-e-type=\"widget\" data-widget_type=\"heading.default\">\n\t\t\t\t\t<h1 class=\"elementor-heading-title elementor-size-default\">RECHTLICHE HINWEISE<\/h1>\t\t\t\t<\/div>\n\t\t\t\t<div class=\"elementor-element elementor-element-6a4cfc8 elementor-widget__width-initial elementor-widget elementor-widget-text-editor\" data-id=\"6a4cfc8\" data-element_type=\"widget\" data-e-type=\"widget\" data-widget_type=\"text-editor.default\">\n\t\t\t\t\t\t\t\t\t<p data-start=\"257\" data-end=\"429\"><strong data-start=\"257\" data-end=\"427\">In \u00dcbereinstimmung mit den Bestimmungen des Gesetzes 34\/2002 vom 11. Juli \u00fcber Dienste der Informationsgesellschaft und den elektronischen Gesch\u00e4ftsverkehr (LSSI-CE) werden die folgenden Informationen bereitgestellt:<\/strong><\/p><h4 data-start=\"436\" data-end=\"456\">1. Website-Inhaber<\/h4><ul data-start=\"457\" data-end=\"686\"><li data-start=\"457\" data-end=\"492\"><p data-start=\"459\" data-end=\"492\"><strong data-start=\"459\" data-end=\"473\">Vollst\u00e4ndiger Name:<\/strong> Ruth meridjen<\/p><\/li><li data-start=\"493\" data-end=\"533\"><p data-start=\"495\" data-end=\"533\"><strong data-start=\"495\" data-end=\"516\">Steuer-ID (NIF\/DNI):<\/strong> Z0792933J<\/p><\/li><li data-start=\"534\" data-end=\"586\"><p data-start=\"536\" data-end=\"586\"><strong data-start=\"536\" data-end=\"551\">Handelsname:<\/strong> Nat20Crafts<\/p><\/li><li data-start=\"587\" data-end=\"618\"><p data-start=\"589\" data-end=\"618\"><strong data-start=\"589\" data-end=\"601\">Adresse:<\/strong> carrer 142, 11, La Canada, Valencia Spanien 46182<\/p><\/li><li data-start=\"619\" data-end=\"653\"><p data-start=\"621\" data-end=\"653\"><strong data-start=\"621\" data-end=\"631\">E-Mail:<\/strong> info@nat20crafts.com<\/p><\/li><li data-start=\"654\" data-end=\"686\"><p data-start=\"656\" data-end=\"686\"><strong data-start=\"656\" data-end=\"666\">Telefon:<\/strong> +34 672 33 35 59<\/p><\/li><\/ul><h4 data-start=\"880\" data-end=\"894\">2. Zweck<\/h4><p data-start=\"895\" data-end=\"1067\">Diese Website dient dazu, Informationen \u00fcber die vom Inhaber angebotenen Produkte und Dienstleistungen bereitzustellen, sowie Nutzern den Kauf dieser \u00fcber den Online-Shop zu erm\u00f6glichen.<\/p><h4 data-start=\"1074\" data-end=\"1093\">3. Nutzungsbedingungen<\/h4><p data-start=\"1094\" data-end=\"1216\">Der Zugriff auf und die Nutzung dieser Website verleiht dem Nutzer den Status \u201eNutzer\u201c und impliziert die vollst\u00e4ndige Annahme dieser Nutzungsbedingungen.<\/p><p data-start=\"1218\" data-end=\"1429\">Nutzer verpflichten sich, die Website, deren Inhalte und Dienste in \u00dcbereinstimmung mit geltendem Recht, Treu und Glauben und der \u00f6ffentlichen Ordnung zu nutzen und von Handlungen abzusehen, die die Rechte des Inhabers oder Dritter verletzen k\u00f6nnten.<\/p><h4 data-start=\"1436\" data-end=\"1452\">4. Haftung<\/h4><p data-start=\"1453\" data-end=\"1718\">Der Website-Inhaber ist nicht verantwortlich f\u00fcr Inhalte, die von Dritten in Foren, Kommentaren oder sozialen Medien im Zusammenhang mit der Website ver\u00f6ffentlicht werden. Der Inhaber verpflichtet sich jedoch, Inhalte, die gegen das Gesetz, Rechte Dritter oder die \u00f6ffentliche Ordnung versto\u00dfen, nach Benachrichtigung zu entfernen. <\/p><h4 data-start=\"1725\" data-end=\"1768\">5. Geistiges und gewerbliches Eigentum<\/h4><p data-start=\"1769\" data-end=\"2029\">Alle Inhalte dieser Website (Texte, Bilder, Logos, Icons, Software usw.) sind Eigentum des Website-Inhabers oder werden mit Genehmigung verwendet. Jegliche Vervielf\u00e4ltigung, Verbreitung, \u00f6ffentliche Wiedergabe oder \u00c4nderung der Inhalte ohne ausdr\u00fcckliche Genehmigung ist untersagt. <\/p><h4 data-start=\"2036\" data-end=\"2060\">6. Links zu Dritten<\/h4><p data-start=\"2061\" data-end=\"2218\">Der Website-Inhaber ist nicht verantwortlich f\u00fcr Inhalte, die von Websites Dritter bereitgestellt werden, auf die \u00fcber Links zugegriffen wird. Diese Links werden ausschlie\u00dflich zur Bequemlichkeit des Nutzers bereitgestellt. <\/p><h4 data-start=\"2225\" data-end=\"2256\">7. Datenschutz<\/h4><p data-start=\"2257\" data-end=\"2435\">Alle von Nutzern bereitgestellten personenbezogenen Daten werden in \u00dcbereinstimmung mit dem <strong data-start=\"2334\" data-end=\"2375\">spanischen Datenschutzgesetz (LOPDGDD)<\/strong> und der <strong data-start=\"2384\" data-end=\"2432\">EU-Datenschutz-Grundverordnung (DSGVO)<\/strong> verarbeitet. Weitere Informationen finden Sie in unserer <a href=\"https:\/\/nat20crafts.com\/de\/datenschutzerklaerung\/\">Datenschutzerkl\u00e4rung<\/a>. <\/p><h4 data-start=\"2504\" data-end=\"2541\">8. Anwendbares Recht und Gerichtsstand<\/h4><p data-start=\"2542\" data-end=\"2684\">Alle Streitigkeiten im Zusammenhang mit dieser Website unterliegen spanischem Recht, und die Gerichte am Wohnsitz des Website-Inhabers sind zust\u00e4ndig.<\/p>\t\t\t\t\t\t\t\t<\/div>\n\t\t\t\t\t<\/div>\n\t\t\t\t<\/div>\n\t\t\t\t<\/div>\n\t\t","protected":false},"excerpt":{"rendered":"<p>RECHTLICHE HINWEISE In \u00dcbereinstimmung mit den Bestimmungen des Gesetzes 34\/2002 vom 11. Juli \u00fcber Dienste der Informationsgesellschaft und den elektronischen Gesch\u00e4ftsverkehr (LSSI-CE) werden die folgenden Informationen bereitgestellt: 1. Website-Inhaber Vollst\u00e4ndiger Name: Ruth meridjen Steuer-ID (NIF\/DNI): Z0792933J Handelsname: Nat20Crafts Adresse: carrer 142, 11, La Canada, Valencia Spanien 46182 E-Mail: info@nat20crafts.com Telefon: +34 672 33 35 59 [&hellip;]<\/p>\n","protected":false},"author":1,"featured_media":0,"parent":0,"menu_order":0,"comment_status":"closed","ping_status":"closed","template":"elementor_header_footer","meta":{"footnotes":""},"class_list":["post-22625","page","type-page","status-publish","hentry"],"_links":{"self":[{"href":"https:\/\/nat20crafts.com\/de\/wp-json\/wp\/v2\/pages\/22625","targetHints":{"allow":["GET"]}}],"collection":[{"href":"https:\/\/nat20crafts.com\/de\/wp-json\/wp\/v2\/pages"}],"about":[{"href":"https:\/\/nat20crafts.com\/de\/wp-json\/wp\/v2\/types\/page"}],"author":[{"embeddable":true,"href":"https:\/\/nat20crafts.com\/de\/wp-json\/wp\/v2\/users\/1"}],"replies":[{"embeddable":true,"href":"https:\/\/nat20crafts.com\/de\/wp-json\/wp\/v2\/comments?post=22625"}],"version-history":[{"count":2,"href":"https:\/\/nat20crafts.com\/de\/wp-json\/wp\/v2\/pages\/22625\/revisions"}],"predecessor-version":[{"id":22636,"href":"https:\/\/nat20crafts.com\/de\/wp-json\/wp\/v2\/pages\/22625\/revisions\/22636"}],"wp:attachment":[{"href":"https:\/\/nat20crafts.com\/de\/wp-json\/wp\/v2\/media?parent=22625"}],"curies":[{"name":"wp","href":"https:\/\/api.w.org\/{rel}","templated":true}]}}