{"id":22651,"date":"2025-09-04T13:24:24","date_gmt":"2025-09-04T13:24:24","guid":{"rendered":"https:\/\/nat20crafts.com\/widerrufsbelehrung\/"},"modified":"2025-09-05T14:30:44","modified_gmt":"2025-09-05T14:30:44","slug":"widerrufsbelehrung","status":"publish","type":"page","link":"https:\/\/nat20crafts.com\/de\/widerrufsbelehrung\/","title":{"rendered":"WIDERRUFSBELEHRUNG"},"content":{"rendered":"\t\t<div data-elementor-type=\"wp-page\" data-elementor-id=\"22651\" class=\"elementor elementor-22651 elementor-22639\" data-elementor-post-type=\"page\">\n\t\t\t\t<div class=\"elementor-element elementor-element-3bde1b05 e-flex e-con-boxed e-con e-parent\" data-id=\"3bde1b05\" data-element_type=\"container\" data-e-type=\"container\">\n\t\t\t\t\t<div class=\"e-con-inner\">\n\t\t\t\t<div class=\"elementor-element elementor-element-86fadcc elementor-widget elementor-widget-heading\" data-id=\"86fadcc\" data-element_type=\"widget\" data-e-type=\"widget\" data-widget_type=\"heading.default\">\n\t\t\t\t\t<h1 class=\"elementor-heading-title elementor-size-default\">WIDERRUFSBELEHRUNG<\/h1>\t\t\t\t<\/div>\n\t\t\t\t<div class=\"elementor-element elementor-element-6a4cfc8 elementor-widget__width-initial elementor-widget elementor-widget-text-editor\" data-id=\"6a4cfc8\" data-element_type=\"widget\" data-e-type=\"widget\" data-widget_type=\"text-editor.default\">\n\t\t\t\t\t\t\t\t\t<p data-start=\"414\" data-end=\"510\"><strong data-start=\"414\" data-end=\"508\">Sie haben das Recht, Ihre Bestellung innerhalb von 14 Kalendertagen ohne Angabe von Gr\u00fcnden zu widerrufen.<\/strong><\/p><p data-start=\"512\" data-end=\"662\">Die Widerrufsfrist l\u00e4uft nach 14 Tagen ab dem Tag ab, an dem Sie oder ein von Ihnen benannter Dritter, der nicht der Bef\u00f6rderer ist, die Waren in Besitz nehmen.<\/p><h4 data-start=\"669\" data-end=\"716\">1. Wie Sie Ihr Widerrufsrecht aus\u00fcben<\/h4><p data-start=\"717\" data-end=\"911\">Um Ihr Widerrufsrecht auszu\u00fcben, m\u00fcssen Sie uns (den Verk\u00e4ufer) mittels einer <strong data-start=\"795\" data-end=\"814\">eindeutigen Erkl\u00e4rung<\/strong> (z.B. E-Mail oder Kontaktformular) informieren. Sie k\u00f6nnen daf\u00fcr das nachstehende Muster-Widerrufsformular verwenden, das jedoch nicht vorgeschrieben ist: <\/p><p data-start=\"913\" data-end=\"1010\"><strong data-start=\"913\" data-end=\"923\">E-Mail:<\/strong> info@nat20crafts.com<br data-start=\"936\" data-end=\"939\"><strong data-start=\"939\" data-end=\"949\">Telefon:<\/strong> +34 672 33 35 59<br data-start=\"969\" data-end=\"972\"><strong data-start=\"972\" data-end=\"984\">Adresse:<\/strong> Carrer 142, 11, La Canada, Valencia, Spanien 46182<\/p><h4 data-start=\"1017\" data-end=\"1045\">2. Muster-Widerrufsformular<\/h4><p data-start=\"1046\" data-end=\"1144\">Sie k\u00f6nnen dieses Formular kopieren und uns zusenden, wenn Sie vom Vertrag zur\u00fccktreten m\u00f6chten, oder laden Sie das Widerrufsformular hier herunter: <a href=\"https:\/\/nat20crafts.com\/wp-content\/uploads\/2025\/09\/Withdrawl-Form-Nat20-Crafts-1.pdf\">[PDF herunterladen]<\/a><\/p><div class=\"contain-inline-size rounded-2xl relative bg-token-sidebar-surface-primary\"><div class=\"sticky top-9\"><div class=\"absolute end-0 bottom-0 flex h-9 items-center pe-2\"><p><b>Widerrufsformular<\/b><\/p><p><span style=\"font-weight: 400;\">An: Ruth Meridjen \/ Nat20Crafts<\/span><span style=\"font-weight: 400;\"><br><\/span><span style=\"font-weight: 400;\">NIF\/DNI: Z0792933J<\/span><span style=\"font-weight: 400;\"><br><\/span><span style=\"font-weight: 400;\">Adresse: Carrer 142, 11, La Canyada, Valencia, Spain 46182<\/span><span style=\"font-weight: 400;\"><br><\/span><span style=\"font-weight: 400;\">E-Mail: info@nat20crafts.com<\/span><\/p><p><span style=\"font-weight: 400;\">Hiermit widerrufe(n) ich\/wir den von mir\/uns abgeschlossenen Vertrag \u00fcber den Kauf der folgenden Waren\/Dienstleistungen:<\/span><\/p><p><b>Bestelldetails:<\/b><\/p><ul><li style=\"font-weight: 400;\" aria-level=\"1\"><span style=\"font-weight: 400;\">Bestellnummer: __________________________<\/span><\/li><li style=\"font-weight: 400;\" aria-level=\"1\"><span style=\"font-weight: 400;\">Produkt(e)\/Dienstleistung(en): ___________________<\/span><\/li><li style=\"font-weight: 400;\" aria-level=\"1\"><span style=\"font-weight: 400;\">Kaufdatum: ______________________<\/span><\/li><\/ul><p><b>Kundendaten:<\/b><\/p><ul><li style=\"font-weight: 400;\" aria-level=\"1\"><span style=\"font-weight: 400;\">Name: _________________________________<\/span><\/li><li style=\"font-weight: 400;\" aria-level=\"1\"><span style=\"font-weight: 400;\">Adresse: _______________________________<\/span><\/li><li style=\"font-weight: 400;\" aria-level=\"1\"><span style=\"font-weight: 400;\">E-Mail: _________________________________<\/span><\/li><\/ul><p><b>Datum:<\/b><span style=\"font-weight: 400;\"> _______________________________<\/span><span style=\"font-weight: 400;\"><br><\/span> <b>Unterschrift (nur wenn dieses Formular in Papierform eingereicht wird):<\/b><span style=\"font-weight: 400;\"> __________________________<\/span><\/p><p><b>Anweisungen:<\/b><b><br><\/b><span style=\"font-weight: 400;\">Bitte f\u00fcllen Sie dieses Formular aus und senden Sie es per E-Mail an info@nat20crafts.com <\/span><b>oder <\/b><span style=\"font-weight: 400;\">per Post an Carrer 142, 11, La Canyada, Valencia, Spanien 46182<\/span><\/p><\/div><\/div><\/div><h4 data-start=\"1569\" data-end=\"1597\">3. Folgen des Widerrufs<\/h4><p data-start=\"1600\" data-end=\"1942\">Im Falle eines Widerrufs werden Ihnen alle von Ihnen geleisteten Zahlungen, einschlie\u00dflich der Lieferkosten (mit Ausnahme der zus\u00e4tzlichen Kosten, die sich daraus ergeben, dass Sie eine andere Art der Lieferung als die von uns angebotene, g\u00fcnstigste Standardlieferung gew\u00e4hlt haben), <strong data-start=\"1819\" data-end=\"1939\">unverz\u00fcglich und sp\u00e4testens binnen 14 Tagen ab dem Tag, an dem wir \u00fcber Ihre Entscheidung, diesen Vertrag zu widerrufen, informiert wurden<\/strong>, zur\u00fcckerstattet.<\/p><p data-start=\"1945\" data-end=\"2065\">Die R\u00fcckzahlung erfolgt mit demselben Zahlungsmittel, das Sie bei der urspr\u00fcnglichen Transaktion eingesetzt haben, es sei denn, mit Ihnen wurde ausdr\u00fccklich etwas anderes vereinbart.<\/p><p data-start=\"2068\" data-end=\"2178\">Sie m\u00fcssen die Waren <strong data-start=\"2108\" data-end=\"2128\">auf eigene Kosten<\/strong> zur\u00fccksenden, es sei denn, der Verk\u00e4ufer hat zugestimmt, die Kosten zu tragen.<\/p><p data-start=\"2181\" data-end=\"2276\">Die Waren m\u00fcssen in ihrem urspr\u00fcnglichen Zustand, unbenutzt und mit intakter Verpackung zur\u00fcckgesandt werden.<\/p><h4 data-start=\"2283\" data-end=\"2300\">4. Ausnahmen<\/h4><p data-start=\"2301\" data-end=\"2349\">Das Widerrufsrecht gilt <strong data-start=\"2330\" data-end=\"2343\">nicht<\/strong> f\u00fcr:<\/p><ul data-start=\"2350\" data-end=\"2710\"><li data-start=\"2350\" data-end=\"2412\"><p data-start=\"2352\" data-end=\"2412\">Waren, die nach Ihren Vorgaben angefertigt wurden oder eindeutig personalisiert sind.<\/p><\/li><li data-start=\"2413\" data-end=\"2467\"><p data-start=\"2415\" data-end=\"2467\">Verderbliche Waren oder Waren mit kurzer Haltbarkeit.<\/p><\/li><li data-start=\"2468\" data-end=\"2596\"><p data-start=\"2470\" data-end=\"2596\">Versiegelte Waren, die aus Gr\u00fcnden des Gesundheitsschutzes oder der Hygiene nicht zur R\u00fcckgabe geeignet sind und deren Versiegelung nach der Lieferung entfernt wurde.<\/p><\/li><li data-start=\"2597\" data-end=\"2710\"><p data-start=\"2599\" data-end=\"2710\">Digitale Inhalte, die heruntergeladen oder abgerufen wurden, nachdem Sie ausdr\u00fccklich zugestimmt haben, auf Ihr Widerrufsrecht zu verzichten.<\/p><\/li><\/ul><h4 data-start=\"2717\" data-end=\"2743\">5. Kontaktinformationen<\/h4><p data-start=\"2744\" data-end=\"2815\">Bei Fragen zu Ihrem Widerrufsrecht kontaktieren Sie uns bitte:<\/p><p data-start=\"2817\" data-end=\"2914\"><strong data-start=\"913\" data-end=\"923\">E-Mail:<\/strong> info@nat20crafts.com<br data-start=\"936\" data-end=\"939\"><strong data-start=\"939\" data-end=\"949\">Telefon:<\/strong> +34 672 33 35 59<br data-start=\"969\" data-end=\"972\"><strong data-start=\"972\" data-end=\"984\">Adresse:<\/strong> Carrer 142, 11, La Canada, Valencia Spanien 46182<\/p>\t\t\t\t\t\t\t\t<\/div>\n\t\t\t\t\t<\/div>\n\t\t\t\t<\/div>\n\t\t\t\t<\/div>\n\t\t","protected":false},"excerpt":{"rendered":"<p>WIDERRUFSBELEHRUNG Sie haben das Recht, Ihre Bestellung innerhalb von 14 Kalendertagen ohne Angabe von Gr\u00fcnden zu widerrufen. Die Widerrufsfrist l\u00e4uft nach 14 Tagen ab dem Tag ab, an dem Sie oder ein von Ihnen benannter Dritter, der nicht der Bef\u00f6rderer ist, die Waren in Besitz nehmen. 1. Wie Sie Ihr Widerrufsrecht aus\u00fcben Um Ihr Widerrufsrecht [&hellip;]<\/p>\n","protected":false},"author":1,"featured_media":0,"parent":0,"menu_order":0,"comment_status":"closed","ping_status":"closed","template":"elementor_header_footer","meta":{"footnotes":""},"class_list":["post-22651","page","type-page","status-publish","hentry"],"_links":{"self":[{"href":"https:\/\/nat20crafts.com\/de\/wp-json\/wp\/v2\/pages\/22651","targetHints":{"allow":["GET"]}}],"collection":[{"href":"https:\/\/nat20crafts.com\/de\/wp-json\/wp\/v2\/pages"}],"about":[{"href":"https:\/\/nat20crafts.com\/de\/wp-json\/wp\/v2\/types\/page"}],"author":[{"embeddable":true,"href":"https:\/\/nat20crafts.com\/de\/wp-json\/wp\/v2\/users\/1"}],"replies":[{"embeddable":true,"href":"https:\/\/nat20crafts.com\/de\/wp-json\/wp\/v2\/comments?post=22651"}],"version-history":[{"count":2,"href":"https:\/\/nat20crafts.com\/de\/wp-json\/wp\/v2\/pages\/22651\/revisions"}],"predecessor-version":[{"id":22753,"href":"https:\/\/nat20crafts.com\/de\/wp-json\/wp\/v2\/pages\/22651\/revisions\/22753"}],"wp:attachment":[{"href":"https:\/\/nat20crafts.com\/de\/wp-json\/wp\/v2\/media?parent=22651"}],"curies":[{"name":"wp","href":"https:\/\/api.w.org\/{rel}","templated":true}]}}