{"id":22440,"date":"2025-08-22T12:30:54","date_gmt":"2025-08-22T12:30:54","guid":{"rendered":"https:\/\/nat20crafts.com\/product\/basisset-verschneite-tundra\/"},"modified":"2025-11-30T13:14:02","modified_gmt":"2025-11-30T13:14:02","slug":"basisset-verschneite-tundra","status":"publish","type":"product","link":"https:\/\/nat20crafts.com\/de\/shop\/basisset-verschneite-tundra\/","title":{"rendered":"Basisset (Schnee)"},"content":{"rendered":"<p><span style=\"font-weight: 400;\">Schneest\u00fcrme und Schlachten in einem gefrorenen \u00d6dland, bereit zur Eroberung. Schneebasierungen f\u00fcr jede Miniatur. In unserem Shop erh\u00e4ltlich, sofort spielbar!  <\/span><\/p>\n","protected":false},"excerpt":{"rendered":"<p>Bitte fragen Sie uns bez\u00fcglich weiterer Gr\u00f6\u00dfen \u00fcber <a href=\"https:\/\/nat20crafts.com\/de\/kontakt\/\">unsere Kontaktseite<\/a> an.<\/p>\n","protected":false},"featured_media":22024,"template":"","meta":[],"product_brand":[],"product_cat":[91],"product_tag":[],"class_list":{"0":"post-22440","1":"product","2":"type-product","3":"status-publish","4":"has-post-thumbnail","6":"product_cat-basen","8":"first","9":"instock","10":"taxable","11":"shipping-taxable","12":"purchasable","13":"product-type-variable"},"_links":{"self":[{"href":"https:\/\/nat20crafts.com\/de\/wp-json\/wp\/v2\/product\/22440","targetHints":{"allow":["GET"]}}],"collection":[{"href":"https:\/\/nat20crafts.com\/de\/wp-json\/wp\/v2\/product"}],"about":[{"href":"https:\/\/nat20crafts.com\/de\/wp-json\/wp\/v2\/types\/product"}],"wp:featuredmedia":[{"embeddable":true,"href":"https:\/\/nat20crafts.com\/de\/wp-json\/wp\/v2\/media\/22024"}],"wp:attachment":[{"href":"https:\/\/nat20crafts.com\/de\/wp-json\/wp\/v2\/media?parent=22440"}],"wp:term":[{"taxonomy":"product_brand","embeddable":true,"href":"https:\/\/nat20crafts.com\/de\/wp-json\/wp\/v2\/product_brand?post=22440"},{"taxonomy":"product_cat","embeddable":true,"href":"https:\/\/nat20crafts.com\/de\/wp-json\/wp\/v2\/product_cat?post=22440"},{"taxonomy":"product_tag","embeddable":true,"href":"https:\/\/nat20crafts.com\/de\/wp-json\/wp\/v2\/product_tag?post=22440"}],"curies":[{"name":"wp","href":"https:\/\/api.w.org\/{rel}","templated":true}]}}