{"id":22470,"date":"2025-08-22T11:20:01","date_gmt":"2025-08-22T11:20:01","guid":{"rendered":"https:\/\/nat20crafts.com\/product\/basisset-wueste\/"},"modified":"2025-11-30T13:12:55","modified_gmt":"2025-11-30T13:12:55","slug":"basisset-wueste","status":"publish","type":"product","link":"https:\/\/nat20crafts.com\/de\/shop\/basisset-wueste\/","title":{"rendered":"Basisset (W\u00fcste)"},"content":{"rendered":"","protected":false},"excerpt":{"rendered":"<p>Bitte fragen Sie uns bez\u00fcglich weiterer Gr\u00f6\u00dfen \u00fcber <a href=\"https:\/\/nat20crafts.com\/de\/kontakt\/\">unsere Kontaktseite<\/a> an.<\/p>\n","protected":false},"featured_media":22039,"template":"","meta":[],"product_brand":[],"product_cat":[91],"product_tag":[],"class_list":{"0":"post-22470","1":"product","2":"type-product","3":"status-publish","4":"has-post-thumbnail","6":"product_cat-basen","8":"first","9":"instock","10":"taxable","11":"shipping-taxable","12":"purchasable","13":"product-type-variable"},"_links":{"self":[{"href":"https:\/\/nat20crafts.com\/de\/wp-json\/wp\/v2\/product\/22470","targetHints":{"allow":["GET"]}}],"collection":[{"href":"https:\/\/nat20crafts.com\/de\/wp-json\/wp\/v2\/product"}],"about":[{"href":"https:\/\/nat20crafts.com\/de\/wp-json\/wp\/v2\/types\/product"}],"wp:featuredmedia":[{"embeddable":true,"href":"https:\/\/nat20crafts.com\/de\/wp-json\/wp\/v2\/media\/22039"}],"wp:attachment":[{"href":"https:\/\/nat20crafts.com\/de\/wp-json\/wp\/v2\/media?parent=22470"}],"wp:term":[{"taxonomy":"product_brand","embeddable":true,"href":"https:\/\/nat20crafts.com\/de\/wp-json\/wp\/v2\/product_brand?post=22470"},{"taxonomy":"product_cat","embeddable":true,"href":"https:\/\/nat20crafts.com\/de\/wp-json\/wp\/v2\/product_cat?post=22470"},{"taxonomy":"product_tag","embeddable":true,"href":"https:\/\/nat20crafts.com\/de\/wp-json\/wp\/v2\/product_tag?post=22470"}],"curies":[{"name":"wp","href":"https:\/\/api.w.org\/{rel}","templated":true}]}}