{"id":22525,"date":"2025-08-22T13:14:33","date_gmt":"2025-08-22T13:14:33","guid":{"rendered":"https:\/\/nat20crafts.com\/product\/flussdiorama\/"},"modified":"2025-09-30T14:26:14","modified_gmt":"2025-09-30T14:26:14","slug":"flussdiorama","status":"publish","type":"product","link":"https:\/\/nat20crafts.com\/de\/shop\/flussdiorama\/","title":{"rendered":"Flussdiorama"},"content":{"rendered":"<p><span style=\"font-weight: 400;\">Genie\u00dfen Sie dieses malerische Flussdiorama als beeindruckendes Ausstellungsst\u00fcck f\u00fcr Ihre Hobbyecke!<\/span><\/p>\n","protected":false},"excerpt":{"rendered":"<p>Nur einmal verf\u00fcgbar! Diorama einer Flussszene. <\/p>\n","protected":false},"featured_media":21879,"template":"","meta":[],"product_brand":[],"product_cat":[118,116],"product_tag":[],"class_list":{"0":"post-22525","1":"product","2":"type-product","3":"status-publish","4":"has-post-thumbnail","6":"product_cat-diorama-de","7":"product_cat-einzigartig","9":"first","10":"instock","11":"taxable","12":"shipping-taxable","13":"purchasable","14":"product-type-simple"},"_links":{"self":[{"href":"https:\/\/nat20crafts.com\/de\/wp-json\/wp\/v2\/product\/22525","targetHints":{"allow":["GET"]}}],"collection":[{"href":"https:\/\/nat20crafts.com\/de\/wp-json\/wp\/v2\/product"}],"about":[{"href":"https:\/\/nat20crafts.com\/de\/wp-json\/wp\/v2\/types\/product"}],"wp:featuredmedia":[{"embeddable":true,"href":"https:\/\/nat20crafts.com\/de\/wp-json\/wp\/v2\/media\/21879"}],"wp:attachment":[{"href":"https:\/\/nat20crafts.com\/de\/wp-json\/wp\/v2\/media?parent=22525"}],"wp:term":[{"taxonomy":"product_brand","embeddable":true,"href":"https:\/\/nat20crafts.com\/de\/wp-json\/wp\/v2\/product_brand?post=22525"},{"taxonomy":"product_cat","embeddable":true,"href":"https:\/\/nat20crafts.com\/de\/wp-json\/wp\/v2\/product_cat?post=22525"},{"taxonomy":"product_tag","embeddable":true,"href":"https:\/\/nat20crafts.com\/de\/wp-json\/wp\/v2\/product_tag?post=22525"}],"curies":[{"name":"wp","href":"https:\/\/api.w.org\/{rel}","templated":true}]}}