{"id":22526,"date":"2025-08-22T13:11:56","date_gmt":"2025-08-22T13:11:56","guid":{"rendered":"https:\/\/nat20crafts.com\/product\/babylonisches-haus-vollstaendig-bespielbar\/"},"modified":"2025-09-30T14:27:13","modified_gmt":"2025-09-30T14:27:13","slug":"babylonisches-haus-vollstaendig-bespielbar","status":"publish","type":"product","link":"https:\/\/nat20crafts.com\/de\/shop\/babylonisches-haus-vollstaendig-bespielbar\/","title":{"rendered":"Babylonisches Haus (vollst\u00e4ndig bespielbar!)"},"content":{"rendered":"<p><span style=\"font-weight: 400;\">Bringen Sie die antike Welt in Ihr Spiel mit diesem vollst\u00e4ndig spielbaren babylonischen Haus, das ein 1-Zoll-Raster f\u00fcr taktisches Spielen und abnehmbare B\u00f6den f\u00fcr mehrstufige Action bietet. Perfekt f\u00fcr D&amp;D, RPGs \u2013 ideal f\u00fcr Hinterhalte, Verstecke oder gesch\u00e4ftige Marktszenen. <\/span><\/p>\n","protected":false},"excerpt":{"rendered":"<p>Nur noch eins verf\u00fcgbar! Voll bespielbares Haus im babylonischen Stil mit 1-Zoll-Raster und abnehmbaren B\u00f6den. <\/p>\n","protected":false},"featured_media":21904,"template":"","meta":[],"product_brand":[],"product_cat":[116,120],"product_tag":[],"class_list":{"0":"post-22526","1":"product","2":"type-product","3":"status-publish","4":"has-post-thumbnail","6":"product_cat-einzigartig","7":"product_cat-gelande","9":"first","10":"instock","11":"taxable","12":"shipping-taxable","13":"purchasable","14":"product-type-simple"},"_links":{"self":[{"href":"https:\/\/nat20crafts.com\/de\/wp-json\/wp\/v2\/product\/22526","targetHints":{"allow":["GET"]}}],"collection":[{"href":"https:\/\/nat20crafts.com\/de\/wp-json\/wp\/v2\/product"}],"about":[{"href":"https:\/\/nat20crafts.com\/de\/wp-json\/wp\/v2\/types\/product"}],"wp:featuredmedia":[{"embeddable":true,"href":"https:\/\/nat20crafts.com\/de\/wp-json\/wp\/v2\/media\/21904"}],"wp:attachment":[{"href":"https:\/\/nat20crafts.com\/de\/wp-json\/wp\/v2\/media?parent=22526"}],"wp:term":[{"taxonomy":"product_brand","embeddable":true,"href":"https:\/\/nat20crafts.com\/de\/wp-json\/wp\/v2\/product_brand?post=22526"},{"taxonomy":"product_cat","embeddable":true,"href":"https:\/\/nat20crafts.com\/de\/wp-json\/wp\/v2\/product_cat?post=22526"},{"taxonomy":"product_tag","embeddable":true,"href":"https:\/\/nat20crafts.com\/de\/wp-json\/wp\/v2\/product_tag?post=22526"}],"curies":[{"name":"wp","href":"https:\/\/api.w.org\/{rel}","templated":true}]}}