{"id":22531,"date":"2025-08-22T13:13:04","date_gmt":"2025-08-22T13:13:04","guid":{"rendered":"https:\/\/nat20crafts.com\/product\/ueberwuchertes-ruinengelaende\/"},"modified":"2025-09-30T14:26:23","modified_gmt":"2025-09-30T14:26:23","slug":"ueberwuchertes-ruinengelaende","status":"publish","type":"product","link":"https:\/\/nat20crafts.com\/de\/shop\/ueberwuchertes-ruinengelaende\/","title":{"rendered":"\u00dcberwuchertes Ruinengel\u00e4nde"},"content":{"rendered":"<p><span style=\"font-weight: 400;\">Verwandeln Sie Ihre Tischplatte mit diesen gespenstisch detaillierten, \u00fcberwucherten Ruinen, die sich perfekt f\u00fcr D&amp;D-Abenteuer oder Tabletop-Schlachten eignen. Ranken, br\u00f6ckelnder Stein und vergessene Geheimnisse \u2013 sofortige Atmosph\u00e4re f\u00fcr Hinterhalte, Erkundungen oder epische Auseinandersetzungen. <\/span><\/p>\n","protected":false},"excerpt":{"rendered":"<p>Verwandeln Sie Ihre Tischplatte mit diesen gespenstisch detaillierten, \u00fcberwucherten Ruinen, die sich perfekt f\u00fcr D&amp;D-Abenteuer oder Tabletop-Schlachten eignen. Ranken, br\u00f6ckelnder Stein und vergessene Geheimnisse \u2013 sofortige Atmosph\u00e4re f\u00fcr Hinterhalte, Erkundungen oder epische Auseinandersetzungen.<\/p>\n","protected":false},"featured_media":21894,"template":"","meta":[],"product_brand":[],"product_cat":[120],"product_tag":[],"class_list":{"0":"post-22531","1":"product","2":"type-product","3":"status-publish","4":"has-post-thumbnail","6":"product_cat-gelande","8":"first","9":"instock","10":"taxable","11":"shipping-taxable","12":"purchasable","13":"product-type-simple"},"_links":{"self":[{"href":"https:\/\/nat20crafts.com\/de\/wp-json\/wp\/v2\/product\/22531","targetHints":{"allow":["GET"]}}],"collection":[{"href":"https:\/\/nat20crafts.com\/de\/wp-json\/wp\/v2\/product"}],"about":[{"href":"https:\/\/nat20crafts.com\/de\/wp-json\/wp\/v2\/types\/product"}],"wp:featuredmedia":[{"embeddable":true,"href":"https:\/\/nat20crafts.com\/de\/wp-json\/wp\/v2\/media\/21894"}],"wp:attachment":[{"href":"https:\/\/nat20crafts.com\/de\/wp-json\/wp\/v2\/media?parent=22531"}],"wp:term":[{"taxonomy":"product_brand","embeddable":true,"href":"https:\/\/nat20crafts.com\/de\/wp-json\/wp\/v2\/product_brand?post=22531"},{"taxonomy":"product_cat","embeddable":true,"href":"https:\/\/nat20crafts.com\/de\/wp-json\/wp\/v2\/product_cat?post=22531"},{"taxonomy":"product_tag","embeddable":true,"href":"https:\/\/nat20crafts.com\/de\/wp-json\/wp\/v2\/product_tag?post=22531"}],"curies":[{"name":"wp","href":"https:\/\/api.w.org\/{rel}","templated":true}]}}