{"id":22534,"date":"2025-08-22T13:09:35","date_gmt":"2025-08-22T13:09:35","guid":{"rendered":"https:\/\/nat20crafts.com\/product\/steinsaeulen-5er-set\/"},"modified":"2025-09-30T14:33:30","modified_gmt":"2025-09-30T14:33:30","slug":"steinsaeulen-5er-set","status":"publish","type":"product","link":"https:\/\/nat20crafts.com\/de\/shop\/steinsaeulen-5er-set\/","title":{"rendered":"Steins\u00e4ulen (5er-Set)"},"content":{"rendered":"<p><span style=\"font-weight: 400;\">Verleihen Sie Ihren D&amp;D- oder Tabletop-Schlachten Geheimnis und Erhabenheit mit diesen verwitterten Steins\u00e4ulen. Perfekt f\u00fcr zerfallende Tempel, vergessene Ruinen oder magische Portale \u2013 sofortige Atmosph\u00e4re f\u00fcr Ihre epischen Begegnungen. Sofort platzierbar, sofort spielbar!  <\/span><\/p>\n","protected":false},"excerpt":{"rendered":"<p>W\u00fcrfel (nicht enthalten) zum Gr\u00f6\u00dfenvergleich. Lieferumfang: 5 Steins\u00e4ulen. <\/p>\n","protected":false},"featured_media":21909,"template":"","meta":[],"product_brand":[],"product_cat":[120],"product_tag":[],"class_list":{"0":"post-22534","1":"product","2":"type-product","3":"status-publish","4":"has-post-thumbnail","6":"product_cat-gelande","8":"first","9":"instock","10":"taxable","11":"shipping-taxable","12":"purchasable","13":"product-type-simple"},"_links":{"self":[{"href":"https:\/\/nat20crafts.com\/de\/wp-json\/wp\/v2\/product\/22534","targetHints":{"allow":["GET"]}}],"collection":[{"href":"https:\/\/nat20crafts.com\/de\/wp-json\/wp\/v2\/product"}],"about":[{"href":"https:\/\/nat20crafts.com\/de\/wp-json\/wp\/v2\/types\/product"}],"wp:featuredmedia":[{"embeddable":true,"href":"https:\/\/nat20crafts.com\/de\/wp-json\/wp\/v2\/media\/21909"}],"wp:attachment":[{"href":"https:\/\/nat20crafts.com\/de\/wp-json\/wp\/v2\/media?parent=22534"}],"wp:term":[{"taxonomy":"product_brand","embeddable":true,"href":"https:\/\/nat20crafts.com\/de\/wp-json\/wp\/v2\/product_brand?post=22534"},{"taxonomy":"product_cat","embeddable":true,"href":"https:\/\/nat20crafts.com\/de\/wp-json\/wp\/v2\/product_cat?post=22534"},{"taxonomy":"product_tag","embeddable":true,"href":"https:\/\/nat20crafts.com\/de\/wp-json\/wp\/v2\/product_tag?post=22534"}],"curies":[{"name":"wp","href":"https:\/\/api.w.org\/{rel}","templated":true}]}}