{"id":22543,"date":"2025-08-22T13:05:08","date_gmt":"2025-08-22T13:05:08","guid":{"rendered":"https:\/\/nat20crafts.com\/product\/mittlere-felsen-satz-b\/"},"modified":"2025-09-10T08:45:08","modified_gmt":"2025-09-10T08:45:08","slug":"mittlere-felsen-satz-b","status":"publish","type":"product","link":"https:\/\/nat20crafts.com\/de\/shop\/mittlere-felsen-satz-b\/","title":{"rendered":"Mittlere Felsen (Satz b)"},"content":{"rendered":"","protected":false},"excerpt":{"rendered":"<p>W\u00fcrfel (nicht enthalten) zum Gr\u00f6\u00dfenvergleich. Lieferumfang: 2 mittlere Streusteine. <\/p>\n","protected":false},"featured_media":21924,"template":"","meta":[],"product_brand":[],"product_cat":[120],"product_tag":[],"class_list":{"0":"post-22543","1":"product","2":"type-product","3":"status-publish","4":"has-post-thumbnail","6":"product_cat-gelande","8":"first","9":"instock","10":"taxable","11":"shipping-taxable","12":"purchasable","13":"product-type-simple"},"_links":{"self":[{"href":"https:\/\/nat20crafts.com\/de\/wp-json\/wp\/v2\/product\/22543","targetHints":{"allow":["GET"]}}],"collection":[{"href":"https:\/\/nat20crafts.com\/de\/wp-json\/wp\/v2\/product"}],"about":[{"href":"https:\/\/nat20crafts.com\/de\/wp-json\/wp\/v2\/types\/product"}],"wp:featuredmedia":[{"embeddable":true,"href":"https:\/\/nat20crafts.com\/de\/wp-json\/wp\/v2\/media\/21924"}],"wp:attachment":[{"href":"https:\/\/nat20crafts.com\/de\/wp-json\/wp\/v2\/media?parent=22543"}],"wp:term":[{"taxonomy":"product_brand","embeddable":true,"href":"https:\/\/nat20crafts.com\/de\/wp-json\/wp\/v2\/product_brand?post=22543"},{"taxonomy":"product_cat","embeddable":true,"href":"https:\/\/nat20crafts.com\/de\/wp-json\/wp\/v2\/product_cat?post=22543"},{"taxonomy":"product_tag","embeddable":true,"href":"https:\/\/nat20crafts.com\/de\/wp-json\/wp\/v2\/product_tag?post=22543"}],"curies":[{"name":"wp","href":"https:\/\/api.w.org\/{rel}","templated":true}]}}