{"id":22557,"date":"2025-08-22T13:00:34","date_gmt":"2025-08-22T13:00:34","guid":{"rendered":"https:\/\/nat20crafts.com\/product\/grosse-felsen-set-b\/"},"modified":"2025-09-10T08:44:57","modified_gmt":"2025-09-10T08:44:57","slug":"grosse-felsen-set-b","status":"publish","type":"product","link":"https:\/\/nat20crafts.com\/de\/shop\/grosse-felsen-set-b\/","title":{"rendered":"Gro\u00dfe Felsen (Set b)"},"content":{"rendered":"","protected":false},"excerpt":{"rendered":"<p>W\u00fcrfel (nicht enthalten) zum Gr\u00f6\u00dfenvergleich. Enth\u00e4lt: 2 gro\u00dfe Streufelsen. <\/p>\n","protected":false},"featured_media":21939,"template":"","meta":[],"product_brand":[],"product_cat":[120],"product_tag":[],"class_list":{"0":"post-22557","1":"product","2":"type-product","3":"status-publish","4":"has-post-thumbnail","6":"product_cat-gelande","8":"first","9":"instock","10":"taxable","11":"shipping-taxable","12":"purchasable","13":"product-type-simple"},"_links":{"self":[{"href":"https:\/\/nat20crafts.com\/de\/wp-json\/wp\/v2\/product\/22557","targetHints":{"allow":["GET"]}}],"collection":[{"href":"https:\/\/nat20crafts.com\/de\/wp-json\/wp\/v2\/product"}],"about":[{"href":"https:\/\/nat20crafts.com\/de\/wp-json\/wp\/v2\/types\/product"}],"wp:featuredmedia":[{"embeddable":true,"href":"https:\/\/nat20crafts.com\/de\/wp-json\/wp\/v2\/media\/21939"}],"wp:attachment":[{"href":"https:\/\/nat20crafts.com\/de\/wp-json\/wp\/v2\/media?parent=22557"}],"wp:term":[{"taxonomy":"product_brand","embeddable":true,"href":"https:\/\/nat20crafts.com\/de\/wp-json\/wp\/v2\/product_brand?post=22557"},{"taxonomy":"product_cat","embeddable":true,"href":"https:\/\/nat20crafts.com\/de\/wp-json\/wp\/v2\/product_cat?post=22557"},{"taxonomy":"product_tag","embeddable":true,"href":"https:\/\/nat20crafts.com\/de\/wp-json\/wp\/v2\/product_tag?post=22557"}],"curies":[{"name":"wp","href":"https:\/\/api.w.org\/{rel}","templated":true}]}}