{"id":22571,"date":"2025-08-22T12:52:45","date_gmt":"2025-08-22T12:52:45","guid":{"rendered":"https:\/\/nat20crafts.com\/product\/dungeon-kacheln-gemischt\/"},"modified":"2025-11-01T14:49:41","modified_gmt":"2025-11-01T14:49:41","slug":"dungeon-kacheln-gemischt","status":"publish","type":"product","link":"https:\/\/nat20crafts.com\/de\/shop\/dungeon-kacheln-gemischt\/","title":{"rendered":"Dungeon-Kacheln, gemischte Packung"},"content":{"rendered":"","protected":false},"excerpt":{"rendered":"<p>1-Zoll-Raster. Enth\u00e4lt: 2 4&#215;4 Kacheln, 6 3&#215;3 Kacheln, 2 2&#215;2 Kacheln, 1 1&#215;4 Kachel, 2 2&#215;6 Kacheln. Bitte erkundigen Sie sich bei uns nach weiteren Gr\u00f6\u00dfen oder fordern Sie Ihre gew\u00fcnschte Option \u00fcber <a href=\"https:\/\/nat20crafts.com\/de\/kontakt\/\">unsere Kontaktseite<\/a> an.  <\/p>\n","protected":false},"featured_media":21984,"template":"","meta":[],"product_brand":[],"product_cat":[120],"product_tag":[],"class_list":{"0":"post-22571","1":"product","2":"type-product","3":"status-publish","4":"has-post-thumbnail","6":"product_cat-gelande","8":"first","9":"instock","10":"taxable","11":"shipping-taxable","12":"purchasable","13":"product-type-variable"},"_links":{"self":[{"href":"https:\/\/nat20crafts.com\/de\/wp-json\/wp\/v2\/product\/22571","targetHints":{"allow":["GET"]}}],"collection":[{"href":"https:\/\/nat20crafts.com\/de\/wp-json\/wp\/v2\/product"}],"about":[{"href":"https:\/\/nat20crafts.com\/de\/wp-json\/wp\/v2\/types\/product"}],"wp:featuredmedia":[{"embeddable":true,"href":"https:\/\/nat20crafts.com\/de\/wp-json\/wp\/v2\/media\/21984"}],"wp:attachment":[{"href":"https:\/\/nat20crafts.com\/de\/wp-json\/wp\/v2\/media?parent=22571"}],"wp:term":[{"taxonomy":"product_brand","embeddable":true,"href":"https:\/\/nat20crafts.com\/de\/wp-json\/wp\/v2\/product_brand?post=22571"},{"taxonomy":"product_cat","embeddable":true,"href":"https:\/\/nat20crafts.com\/de\/wp-json\/wp\/v2\/product_cat?post=22571"},{"taxonomy":"product_tag","embeddable":true,"href":"https:\/\/nat20crafts.com\/de\/wp-json\/wp\/v2\/product_tag?post=22571"}],"curies":[{"name":"wp","href":"https:\/\/api.w.org\/{rel}","templated":true}]}}