{"id":22579,"date":"2025-08-22T12:48:15","date_gmt":"2025-08-22T12:48:15","guid":{"rendered":"https:\/\/nat20crafts.com\/product\/dungeon-kacheln-gross\/"},"modified":"2025-11-30T13:14:04","modified_gmt":"2025-11-30T13:14:04","slug":"dungeon-kacheln-gross","status":"publish","type":"product","link":"https:\/\/nat20crafts.com\/de\/shop\/dungeon-kacheln-gross\/","title":{"rendered":"Dungeon-Kacheln \u2013 gro\u00dfes Teilepaket"},"content":{"rendered":"","protected":false},"excerpt":{"rendered":"<p>1-Zoll-Raster. Enth\u00e4lt: 4 5&#215;5 Kacheln und 10 3&#215;3 Kacheln. Bitte fragen Sie uns nach weiteren Gr\u00f6\u00dfen oder fordern Sie Ihre gew\u00fcnschte Option \u00fcber <a href=\"https:\/\/nat20crafts.com\/de\/kontakt\/\">unsere Kontaktseite<\/a> an.  <\/p>\n","protected":false},"featured_media":21989,"template":"","meta":[],"product_brand":[],"product_cat":[120],"product_tag":[],"class_list":{"0":"post-22579","1":"product","2":"type-product","3":"status-publish","4":"has-post-thumbnail","6":"product_cat-gelande","8":"first","9":"instock","10":"taxable","11":"shipping-taxable","12":"purchasable","13":"product-type-variable"},"_links":{"self":[{"href":"https:\/\/nat20crafts.com\/de\/wp-json\/wp\/v2\/product\/22579","targetHints":{"allow":["GET"]}}],"collection":[{"href":"https:\/\/nat20crafts.com\/de\/wp-json\/wp\/v2\/product"}],"about":[{"href":"https:\/\/nat20crafts.com\/de\/wp-json\/wp\/v2\/types\/product"}],"wp:featuredmedia":[{"embeddable":true,"href":"https:\/\/nat20crafts.com\/de\/wp-json\/wp\/v2\/media\/21989"}],"wp:attachment":[{"href":"https:\/\/nat20crafts.com\/de\/wp-json\/wp\/v2\/media?parent=22579"}],"wp:term":[{"taxonomy":"product_brand","embeddable":true,"href":"https:\/\/nat20crafts.com\/de\/wp-json\/wp\/v2\/product_brand?post=22579"},{"taxonomy":"product_cat","embeddable":true,"href":"https:\/\/nat20crafts.com\/de\/wp-json\/wp\/v2\/product_cat?post=22579"},{"taxonomy":"product_tag","embeddable":true,"href":"https:\/\/nat20crafts.com\/de\/wp-json\/wp\/v2\/product_tag?post=22579"}],"curies":[{"name":"wp","href":"https:\/\/api.w.org\/{rel}","templated":true}]}}