{"id":22589,"date":"2025-08-22T12:33:03","date_gmt":"2025-08-22T12:33:03","guid":{"rendered":"https:\/\/nat20crafts.com\/product\/geschnitzter-fels-mittel\/"},"modified":"2025-09-10T08:52:20","modified_gmt":"2025-09-10T08:52:20","slug":"geschnitzter-fels-mittel","status":"publish","type":"product","link":"https:\/\/nat20crafts.com\/de\/shop\/geschnitzter-fels-mittel\/","title":{"rendered":"Geschnitzter Fels (mittel)"},"content":{"rendered":"","protected":false},"excerpt":{"rendered":"<p>W\u00fcrfel (nicht im Lieferumfang enthalten) zur Gr\u00f6\u00dfenreferenz<\/p>\n","protected":false},"featured_media":22019,"template":"","meta":[],"product_brand":[],"product_cat":[120],"product_tag":[],"class_list":{"0":"post-22589","1":"product","2":"type-product","3":"status-publish","4":"has-post-thumbnail","6":"product_cat-gelande","8":"first","9":"instock","10":"taxable","11":"shipping-taxable","12":"purchasable","13":"product-type-simple"},"_links":{"self":[{"href":"https:\/\/nat20crafts.com\/de\/wp-json\/wp\/v2\/product\/22589","targetHints":{"allow":["GET"]}}],"collection":[{"href":"https:\/\/nat20crafts.com\/de\/wp-json\/wp\/v2\/product"}],"about":[{"href":"https:\/\/nat20crafts.com\/de\/wp-json\/wp\/v2\/types\/product"}],"wp:featuredmedia":[{"embeddable":true,"href":"https:\/\/nat20crafts.com\/de\/wp-json\/wp\/v2\/media\/22019"}],"wp:attachment":[{"href":"https:\/\/nat20crafts.com\/de\/wp-json\/wp\/v2\/media?parent=22589"}],"wp:term":[{"taxonomy":"product_brand","embeddable":true,"href":"https:\/\/nat20crafts.com\/de\/wp-json\/wp\/v2\/product_brand?post=22589"},{"taxonomy":"product_cat","embeddable":true,"href":"https:\/\/nat20crafts.com\/de\/wp-json\/wp\/v2\/product_cat?post=22589"},{"taxonomy":"product_tag","embeddable":true,"href":"https:\/\/nat20crafts.com\/de\/wp-json\/wp\/v2\/product_tag?post=22589"}],"curies":[{"name":"wp","href":"https:\/\/api.w.org\/{rel}","templated":true}]}}