{"id":22592,"date":"2025-08-22T12:35:41","date_gmt":"2025-08-22T12:35:41","guid":{"rendered":"https:\/\/nat20crafts.com\/product\/wuestentor\/"},"modified":"2025-09-10T08:48:01","modified_gmt":"2025-09-10T08:48:01","slug":"wuestentor","status":"publish","type":"product","link":"https:\/\/nat20crafts.com\/de\/shop\/wuestentor\/","title":{"rendered":"W\u00fcstentor"},"content":{"rendered":"","protected":false},"excerpt":{"rendered":"<p>Nur noch einer verf\u00fcgbar! Mit spielbarem 1-Zoll-Raster f\u00fcr RPGs. <\/p>\n","protected":false},"featured_media":22014,"template":"","meta":[],"product_brand":[],"product_cat":[116,120],"product_tag":[],"class_list":{"0":"post-22592","1":"product","2":"type-product","3":"status-publish","4":"has-post-thumbnail","6":"product_cat-einzigartig","7":"product_cat-gelande","9":"first","10":"instock","11":"taxable","12":"shipping-taxable","13":"purchasable","14":"product-type-simple"},"_links":{"self":[{"href":"https:\/\/nat20crafts.com\/de\/wp-json\/wp\/v2\/product\/22592","targetHints":{"allow":["GET"]}}],"collection":[{"href":"https:\/\/nat20crafts.com\/de\/wp-json\/wp\/v2\/product"}],"about":[{"href":"https:\/\/nat20crafts.com\/de\/wp-json\/wp\/v2\/types\/product"}],"wp:featuredmedia":[{"embeddable":true,"href":"https:\/\/nat20crafts.com\/de\/wp-json\/wp\/v2\/media\/22014"}],"wp:attachment":[{"href":"https:\/\/nat20crafts.com\/de\/wp-json\/wp\/v2\/media?parent=22592"}],"wp:term":[{"taxonomy":"product_brand","embeddable":true,"href":"https:\/\/nat20crafts.com\/de\/wp-json\/wp\/v2\/product_brand?post=22592"},{"taxonomy":"product_cat","embeddable":true,"href":"https:\/\/nat20crafts.com\/de\/wp-json\/wp\/v2\/product_cat?post=22592"},{"taxonomy":"product_tag","embeddable":true,"href":"https:\/\/nat20crafts.com\/de\/wp-json\/wp\/v2\/product_tag?post=22592"}],"curies":[{"name":"wp","href":"https:\/\/api.w.org\/{rel}","templated":true}]}}