{"id":23312,"date":"2025-09-30T14:05:57","date_gmt":"2025-09-30T14:05:57","guid":{"rendered":"https:\/\/nat20crafts.com\/?post_type=product&#038;p=23312"},"modified":"2025-09-30T14:14:05","modified_gmt":"2025-09-30T14:14:05","slug":"uberwuchertes-ruinengelande-copy","status":"publish","type":"product","link":"https:\/\/nat20crafts.com\/de\/shop\/uberwuchertes-ruinengelande-copy\/","title":{"rendered":"Einzelner Baum"},"content":{"rendered":"<p><span style=\"font-weight: 400;\">Dieser einzelne Baum ist mehr als nur Gel\u00e4nde \u2013 er ist ein Ort, an dem Barden von seinen stabilen \u00c4sten ein Lied anstimmen k\u00f6nnen oder an dem Schurken hochklettern und den perfekten Hinterhalt legen k\u00f6nnen. Perfekt f\u00fcr D&amp;D, RPGs oder Wargames, f\u00fcgt er Ihrem Spieltisch Tiefe, Deckung und Storytelling hinzu. <\/span><\/p>\n","protected":false},"excerpt":{"rendered":"<p>Dieser einzelne Baum ist mehr als nur Gel\u00e4nde \u2013 er ist ein Ort, an dem Barden von seinen stabilen \u00c4sten ein Lied anstimmen k\u00f6nnen oder an dem Schurken hochklettern und den perfekten Hinterhalt legen k\u00f6nnen. Perfekt f\u00fcr D&amp;D, RPGs oder Wargames, f\u00fcgt er Ihrem Spieltisch Tiefe, Deckung und Storytelling hinzu.<\/p>\n","protected":false},"featured_media":23303,"template":"","meta":[],"product_brand":[],"product_cat":[120],"product_tag":[],"class_list":{"0":"post-23312","1":"product","2":"type-product","3":"status-publish","4":"has-post-thumbnail","6":"product_cat-gelande","8":"first","9":"instock","10":"taxable","11":"shipping-taxable","12":"purchasable","13":"product-type-simple"},"_links":{"self":[{"href":"https:\/\/nat20crafts.com\/de\/wp-json\/wp\/v2\/product\/23312","targetHints":{"allow":["GET"]}}],"collection":[{"href":"https:\/\/nat20crafts.com\/de\/wp-json\/wp\/v2\/product"}],"about":[{"href":"https:\/\/nat20crafts.com\/de\/wp-json\/wp\/v2\/types\/product"}],"wp:featuredmedia":[{"embeddable":true,"href":"https:\/\/nat20crafts.com\/de\/wp-json\/wp\/v2\/media\/23303"}],"wp:attachment":[{"href":"https:\/\/nat20crafts.com\/de\/wp-json\/wp\/v2\/media?parent=23312"}],"wp:term":[{"taxonomy":"product_brand","embeddable":true,"href":"https:\/\/nat20crafts.com\/de\/wp-json\/wp\/v2\/product_brand?post=23312"},{"taxonomy":"product_cat","embeddable":true,"href":"https:\/\/nat20crafts.com\/de\/wp-json\/wp\/v2\/product_cat?post=23312"},{"taxonomy":"product_tag","embeddable":true,"href":"https:\/\/nat20crafts.com\/de\/wp-json\/wp\/v2\/product_tag?post=23312"}],"curies":[{"name":"wp","href":"https:\/\/api.w.org\/{rel}","templated":true}]}}