{"id":23359,"date":"2025-09-30T14:19:57","date_gmt":"2025-09-30T14:19:57","guid":{"rendered":"https:\/\/nat20crafts.com\/?post_type=product&#038;p=23359"},"modified":"2025-11-30T13:15:17","modified_gmt":"2025-11-30T13:15:17","slug":"basisset-verschneite-tundra-copy-copy","status":"publish","type":"product","link":"https:\/\/nat20crafts.com\/de\/shop\/basisset-verschneite-tundra-copy-copy\/","title":{"rendered":"Basis-Set (Strand)"},"content":{"rendered":"<p><span style=\"font-weight: 400;\">Sonne, Sand und Strategie \u2013 wo die Flut auf das Schlachtfeld trifft. Strand-Themenbasen f\u00fcr jede Miniatur. Spielbereit, erh\u00e4ltlich in unserem Shop!  <\/span><\/p>\n","protected":false},"excerpt":{"rendered":"<p>Bitte fragen Sie uns bez\u00fcglich weiterer Gr\u00f6\u00dfen \u00fcber <a href=\"https:\/\/nat20crafts.com\/de\/kontakt\/\">unsere Kontaktseite<\/a> an.<\/p>\n","protected":false},"featured_media":23377,"template":"","meta":[],"product_brand":[],"product_cat":[91],"product_tag":[],"class_list":{"0":"post-23359","1":"product","2":"type-product","3":"status-publish","4":"has-post-thumbnail","6":"product_cat-basen","8":"first","9":"instock","10":"taxable","11":"shipping-taxable","12":"purchasable","13":"product-type-variable"},"_links":{"self":[{"href":"https:\/\/nat20crafts.com\/de\/wp-json\/wp\/v2\/product\/23359","targetHints":{"allow":["GET"]}}],"collection":[{"href":"https:\/\/nat20crafts.com\/de\/wp-json\/wp\/v2\/product"}],"about":[{"href":"https:\/\/nat20crafts.com\/de\/wp-json\/wp\/v2\/types\/product"}],"wp:featuredmedia":[{"embeddable":true,"href":"https:\/\/nat20crafts.com\/de\/wp-json\/wp\/v2\/media\/23377"}],"wp:attachment":[{"href":"https:\/\/nat20crafts.com\/de\/wp-json\/wp\/v2\/media?parent=23359"}],"wp:term":[{"taxonomy":"product_brand","embeddable":true,"href":"https:\/\/nat20crafts.com\/de\/wp-json\/wp\/v2\/product_brand?post=23359"},{"taxonomy":"product_cat","embeddable":true,"href":"https:\/\/nat20crafts.com\/de\/wp-json\/wp\/v2\/product_cat?post=23359"},{"taxonomy":"product_tag","embeddable":true,"href":"https:\/\/nat20crafts.com\/de\/wp-json\/wp\/v2\/product_tag?post=23359"}],"curies":[{"name":"wp","href":"https:\/\/api.w.org\/{rel}","templated":true}]}}