{"id":23486,"date":"2025-11-01T13:12:17","date_gmt":"2025-11-01T13:12:17","guid":{"rendered":"https:\/\/nat20crafts.com\/?post_type=product&#038;p=23486"},"modified":"2025-11-01T13:22:40","modified_gmt":"2025-11-01T13:22:40","slug":"basis-set-strand-copy","status":"publish","type":"product","link":"https:\/\/nat20crafts.com\/de\/shop\/basis-set-strand-copy\/","title":{"rendered":"Basis-Set (Fr\u00fchling)"},"content":{"rendered":"<p><span style=\"font-weight: 400;\">Die Blumen bl\u00fchen, das Gras ist gr\u00fcn und der Fr\u00fchling hat in unserem Fr\u00fchlings-Basis-Set begonnen. Spielbereit, erh\u00e4ltlich in unserem Shop! <\/span><\/p>\n","protected":false},"excerpt":{"rendered":"<p>Bitte fragen Sie uns bez\u00fcglich weiterer Gr\u00f6\u00dfen \u00fcber <a href=\"https:\/\/nat20crafts.com\/de\/kontakt\/\">unsere Kontaktseite<\/a> an.<\/p>\n","protected":false},"featured_media":23526,"template":"","meta":[],"product_brand":[],"product_cat":[91],"product_tag":[],"class_list":{"0":"post-23486","1":"product","2":"type-product","3":"status-publish","4":"has-post-thumbnail","6":"product_cat-basen","8":"first","9":"instock","10":"taxable","11":"shipping-taxable","12":"purchasable","13":"product-type-variable"},"_links":{"self":[{"href":"https:\/\/nat20crafts.com\/de\/wp-json\/wp\/v2\/product\/23486","targetHints":{"allow":["GET"]}}],"collection":[{"href":"https:\/\/nat20crafts.com\/de\/wp-json\/wp\/v2\/product"}],"about":[{"href":"https:\/\/nat20crafts.com\/de\/wp-json\/wp\/v2\/types\/product"}],"wp:featuredmedia":[{"embeddable":true,"href":"https:\/\/nat20crafts.com\/de\/wp-json\/wp\/v2\/media\/23526"}],"wp:attachment":[{"href":"https:\/\/nat20crafts.com\/de\/wp-json\/wp\/v2\/media?parent=23486"}],"wp:term":[{"taxonomy":"product_brand","embeddable":true,"href":"https:\/\/nat20crafts.com\/de\/wp-json\/wp\/v2\/product_brand?post=23486"},{"taxonomy":"product_cat","embeddable":true,"href":"https:\/\/nat20crafts.com\/de\/wp-json\/wp\/v2\/product_cat?post=23486"},{"taxonomy":"product_tag","embeddable":true,"href":"https:\/\/nat20crafts.com\/de\/wp-json\/wp\/v2\/product_tag?post=23486"}],"curies":[{"name":"wp","href":"https:\/\/api.w.org\/{rel}","templated":true}]}}