{"id":23580,"date":"2025-11-01T14:18:01","date_gmt":"2025-11-01T14:18:01","guid":{"rendered":"https:\/\/nat20crafts.com\/?post_type=product&#038;p=23580"},"modified":"2025-11-01T14:48:19","modified_gmt":"2025-11-01T14:48:19","slug":"dungeon-kacheln-gemischte-packung-copy","status":"publish","type":"product","link":"https:\/\/nat20crafts.com\/de\/shop\/dungeon-kacheln-gemischte-packung-copy\/","title":{"rendered":"Standard-Kerkerfliese \u2013 einzeln"},"content":{"rendered":"","protected":false},"excerpt":{"rendered":"<p>1-Zoll-Raster. Enth\u00e4lt: 1 Fliese der ausgew\u00e4hlten Option. Bitte erkundigen Sie sich bei uns nach zus\u00e4tzlichen Gr\u00f6\u00dfen oder fordern Sie Ihre gew\u00fcnschte Option \u00fcber <a href=\"https:\/\/nat20crafts.com\/de\/kontakt\/\">unsere Kontaktseite<\/a> an.  <\/p>\n","protected":false},"featured_media":23611,"template":"","meta":[],"product_brand":[],"product_cat":[120],"product_tag":[],"class_list":{"0":"post-23580","1":"product","2":"type-product","3":"status-publish","4":"has-post-thumbnail","6":"product_cat-gelande","8":"first","9":"instock","10":"taxable","11":"shipping-taxable","12":"purchasable","13":"product-type-variable"},"_links":{"self":[{"href":"https:\/\/nat20crafts.com\/de\/wp-json\/wp\/v2\/product\/23580","targetHints":{"allow":["GET"]}}],"collection":[{"href":"https:\/\/nat20crafts.com\/de\/wp-json\/wp\/v2\/product"}],"about":[{"href":"https:\/\/nat20crafts.com\/de\/wp-json\/wp\/v2\/types\/product"}],"wp:featuredmedia":[{"embeddable":true,"href":"https:\/\/nat20crafts.com\/de\/wp-json\/wp\/v2\/media\/23611"}],"wp:attachment":[{"href":"https:\/\/nat20crafts.com\/de\/wp-json\/wp\/v2\/media?parent=23580"}],"wp:term":[{"taxonomy":"product_brand","embeddable":true,"href":"https:\/\/nat20crafts.com\/de\/wp-json\/wp\/v2\/product_brand?post=23580"},{"taxonomy":"product_cat","embeddable":true,"href":"https:\/\/nat20crafts.com\/de\/wp-json\/wp\/v2\/product_cat?post=23580"},{"taxonomy":"product_tag","embeddable":true,"href":"https:\/\/nat20crafts.com\/de\/wp-json\/wp\/v2\/product_tag?post=23580"}],"curies":[{"name":"wp","href":"https:\/\/api.w.org\/{rel}","templated":true}]}}