{"id":23679,"date":"2025-11-30T11:32:19","date_gmt":"2025-11-30T11:32:19","guid":{"rendered":"https:\/\/nat20crafts.com\/?post_type=product&#038;p=23679"},"modified":"2025-11-30T11:36:18","modified_gmt":"2025-11-30T11:36:18","slug":"basis-set-fruhling-copy","status":"publish","type":"product","link":"https:\/\/nat20crafts.com\/de\/shop\/basis-set-fruhling-copy\/","title":{"rendered":"Basisset (Herbst)"},"content":{"rendered":"<p><span style=\"font-weight: 400;\">Die Bl\u00e4tter wechseln ihre Farbe und gleiten zu Boden, Pilze sprie\u00dfen \u00fcberall. Diese verspielte Herbstbasis ist bereit zum Spielen und in unserem Shop erh\u00e4ltlich! <\/span><\/p>\n","protected":false},"excerpt":{"rendered":"<p>Bitte fragen Sie uns bez\u00fcglich weiterer Gr\u00f6\u00dfen \u00fcber <a href=\"https:\/\/nat20crafts.com\/de\/kontakt\/\">unsere Kontaktseite<\/a> an.<\/p>\n","protected":false},"featured_media":23706,"template":"","meta":[],"product_brand":[],"product_cat":[91],"product_tag":[],"class_list":{"0":"post-23679","1":"product","2":"type-product","3":"status-publish","4":"has-post-thumbnail","6":"product_cat-basen","8":"first","9":"instock","10":"taxable","11":"shipping-taxable","12":"purchasable","13":"product-type-variable"},"_links":{"self":[{"href":"https:\/\/nat20crafts.com\/de\/wp-json\/wp\/v2\/product\/23679","targetHints":{"allow":["GET"]}}],"collection":[{"href":"https:\/\/nat20crafts.com\/de\/wp-json\/wp\/v2\/product"}],"about":[{"href":"https:\/\/nat20crafts.com\/de\/wp-json\/wp\/v2\/types\/product"}],"wp:featuredmedia":[{"embeddable":true,"href":"https:\/\/nat20crafts.com\/de\/wp-json\/wp\/v2\/media\/23706"}],"wp:attachment":[{"href":"https:\/\/nat20crafts.com\/de\/wp-json\/wp\/v2\/media?parent=23679"}],"wp:term":[{"taxonomy":"product_brand","embeddable":true,"href":"https:\/\/nat20crafts.com\/de\/wp-json\/wp\/v2\/product_brand?post=23679"},{"taxonomy":"product_cat","embeddable":true,"href":"https:\/\/nat20crafts.com\/de\/wp-json\/wp\/v2\/product_cat?post=23679"},{"taxonomy":"product_tag","embeddable":true,"href":"https:\/\/nat20crafts.com\/de\/wp-json\/wp\/v2\/product_tag?post=23679"}],"curies":[{"name":"wp","href":"https:\/\/api.w.org\/{rel}","templated":true}]}}