{"id":23778,"date":"2025-11-30T11:47:56","date_gmt":"2025-11-30T11:47:56","guid":{"rendered":"https:\/\/nat20crafts.com\/?post_type=product&#038;p=23778"},"modified":"2025-11-30T11:53:17","modified_gmt":"2025-11-30T11:53:17","slug":"einzelner-baum-copy","status":"publish","type":"product","link":"https:\/\/nat20crafts.com\/de\/shop\/einzelner-baum-copy\/","title":{"rendered":"Br\u00fccke"},"content":{"rendered":"<p>Verleihen Sie Ihren Tabletop-Spielen mit dieser Steinbr\u00fccke Tiefe und Dimensionen. Ob als Herzst\u00fcck einer Begegnung oder als Hintergrund f\u00fcr eine wundersch\u00f6ne Armeeausstellung, diese Br\u00fccke wird Ihre Tabletop-Kreationen sofort aufwerten. <\/p>\n","protected":false},"excerpt":{"rendered":"<p>Verleihen Sie Ihren Tabletop-Spielen mit dieser Steinbr\u00fccke Tiefe und Dimensionen. Ob als Herzst\u00fcck einer Begegnung oder als Hintergrund f\u00fcr eine wundersch\u00f6ne Armeeausstellung, diese Br\u00fccke wird Ihre Tabletop-Kreationen sofort aufwerten.<\/p>\n","protected":false},"featured_media":23701,"template":"","meta":[],"product_brand":[],"product_cat":[120],"product_tag":[],"class_list":{"0":"post-23778","1":"product","2":"type-product","3":"status-publish","4":"has-post-thumbnail","6":"product_cat-gelande","8":"first","9":"instock","10":"taxable","11":"shipping-taxable","12":"purchasable","13":"product-type-simple"},"_links":{"self":[{"href":"https:\/\/nat20crafts.com\/de\/wp-json\/wp\/v2\/product\/23778","targetHints":{"allow":["GET"]}}],"collection":[{"href":"https:\/\/nat20crafts.com\/de\/wp-json\/wp\/v2\/product"}],"about":[{"href":"https:\/\/nat20crafts.com\/de\/wp-json\/wp\/v2\/types\/product"}],"wp:featuredmedia":[{"embeddable":true,"href":"https:\/\/nat20crafts.com\/de\/wp-json\/wp\/v2\/media\/23701"}],"wp:attachment":[{"href":"https:\/\/nat20crafts.com\/de\/wp-json\/wp\/v2\/media?parent=23778"}],"wp:term":[{"taxonomy":"product_brand","embeddable":true,"href":"https:\/\/nat20crafts.com\/de\/wp-json\/wp\/v2\/product_brand?post=23778"},{"taxonomy":"product_cat","embeddable":true,"href":"https:\/\/nat20crafts.com\/de\/wp-json\/wp\/v2\/product_cat?post=23778"},{"taxonomy":"product_tag","embeddable":true,"href":"https:\/\/nat20crafts.com\/de\/wp-json\/wp\/v2\/product_tag?post=23778"}],"curies":[{"name":"wp","href":"https:\/\/api.w.org\/{rel}","templated":true}]}}