{"id":23852,"date":"2026-01-02T11:28:44","date_gmt":"2026-01-02T11:28:44","guid":{"rendered":"https:\/\/nat20crafts.com\/?post_type=product&#038;p=23852"},"modified":"2026-01-02T11:39:50","modified_gmt":"2026-01-02T11:39:50","slug":"topologische-karte-von-mittelerde-copy","status":"publish","type":"product","link":"https:\/\/nat20crafts.com\/de\/shop\/topologische-karte-von-mittelerde-copy\/","title":{"rendered":"Folklore-H\u00fctte"},"content":{"rendered":"<p>Bringen Sie den Zauber von Taylor Swifts Eras Tour mit Ihrer eigenen Folklore-H\u00fctte direkt in Ihr Zuhause! Egal, ob Sie Sammler, Fan oder einfach nur jemand sind, der skurrile Dekorationen liebt, dieses St\u00fcck ist Ihre Eintrittskarte, um die Magie der Tour jeden einzelnen Tag aufs Neue zu erleben. Verpassen Sie es nicht \u2013 verleihen Sie Ihrem Raum noch heute einen Hauch von Geschichtenerz\u00e4hlen und Nostalgie!  <\/p>\n<p>&nbsp;<\/p>\n<p>* Der Sockel, auf dem die H\u00fctte auf dem Bild steht, ist nicht der Standardsockel. Standardsockel werden als flacher Holzsockel geliefert. Wenn Sie m\u00f6chten, dass Ihre Folklore-H\u00fctte auf dem Sockel gebaut wird, der dem Bild entspricht, senden Sie uns bitte eine Nachricht an info@nat20crafts.com. Der Aufpreis f\u00fcr diesen Sockel betr\u00e4gt 10 \u20ac. Bitte planen Sie zus\u00e4tzliche Zeit ein, da diese nur auf Anfrage gefertigt werden.    <\/p>\n<p>** Die Folklore-H\u00fctte wird nicht mit den auf dem Foto abgebildeten Artikeln geliefert.<\/p>\n","protected":false},"excerpt":{"rendered":"<p>Bringen Sie die Magie der Eras Tour mit dieser handgefertigten Folklore-H\u00fctte zur\u00fcck in Ihr Zuhause<\/p>\n","protected":false},"featured_media":23790,"template":"","meta":[],"product_brand":[],"product_cat":[116],"product_tag":[],"class_list":{"0":"post-23852","1":"product","2":"type-product","3":"status-publish","4":"has-post-thumbnail","6":"product_cat-einzigartig","8":"first","9":"instock","10":"taxable","11":"shipping-taxable","12":"purchasable","13":"product-type-simple"},"_links":{"self":[{"href":"https:\/\/nat20crafts.com\/de\/wp-json\/wp\/v2\/product\/23852","targetHints":{"allow":["GET"]}}],"collection":[{"href":"https:\/\/nat20crafts.com\/de\/wp-json\/wp\/v2\/product"}],"about":[{"href":"https:\/\/nat20crafts.com\/de\/wp-json\/wp\/v2\/types\/product"}],"wp:featuredmedia":[{"embeddable":true,"href":"https:\/\/nat20crafts.com\/de\/wp-json\/wp\/v2\/media\/23790"}],"wp:attachment":[{"href":"https:\/\/nat20crafts.com\/de\/wp-json\/wp\/v2\/media?parent=23852"}],"wp:term":[{"taxonomy":"product_brand","embeddable":true,"href":"https:\/\/nat20crafts.com\/de\/wp-json\/wp\/v2\/product_brand?post=23852"},{"taxonomy":"product_cat","embeddable":true,"href":"https:\/\/nat20crafts.com\/de\/wp-json\/wp\/v2\/product_cat?post=23852"},{"taxonomy":"product_tag","embeddable":true,"href":"https:\/\/nat20crafts.com\/de\/wp-json\/wp\/v2\/product_tag?post=23852"}],"curies":[{"name":"wp","href":"https:\/\/api.w.org\/{rel}","templated":true}]}}