{"id":23987,"date":"2026-04-04T08:54:25","date_gmt":"2026-04-04T08:54:25","guid":{"rendered":"https:\/\/nat20crafts.com\/?post_type=product&#038;p=23987"},"modified":"2026-04-04T09:08:37","modified_gmt":"2026-04-04T09:08:37","slug":"hobbit-haus-copy-copy","status":"publish","type":"product","link":"https:\/\/nat20crafts.com\/de\/shop\/hobbit-haus-copy-copy\/","title":{"rendered":"Hobbit-Haus (Copy) (Copy)"},"content":{"rendered":"<p>\u201eIn einem Erdloch, da lebte ein Hobbit.\u201c<br \/>\n\u2015 <span class=\"authorOrTitle\">J.R.R. Tolkien, Der Hobbit oder Hin und zur\u00fcck<\/span><span id=\"quote_book_link_5907\"><\/span><\/p>\n<p>F\u00fcr unsere Herr der Ringe- und Hobbit-Fans: Verpassen Sie nicht dieses wundersch\u00f6ne Hobbit-Haus. Es dient als ein atemberaubendes Dekorationsst\u00fcck f\u00fcr jeden Fan, kann aber genauso gut als Gel\u00e4ndest\u00fcck f\u00fcr LotR-Tabletop-Spiele verwendet werden. <\/p>\n","protected":false},"excerpt":{"rendered":"<p>\u201eIn einem Erdloch, da lebte ein Hobbit.\u201c \u2015 J.R.R. Tolkien, Der Hobbit oder Hin und zur\u00fcck F\u00fcr unsere Herr der Ringe- und Hobbit-Fans: Verpassen Sie nicht dieses wundersch\u00f6ne Hobbit-Haus. Es dient als ein atemberaubendes Dekorationsst\u00fcck f\u00fcr jeden Fan, kann aber genauso gut als Gel\u00e4ndest\u00fcck f\u00fcr LotR-Tabletop-Spiele verwendet werden.<\/p>\n","protected":false},"featured_media":23995,"template":"","meta":[],"product_brand":[],"product_cat":[118,120],"product_tag":[],"class_list":{"0":"post-23987","1":"product","2":"type-product","3":"status-publish","4":"has-post-thumbnail","6":"product_cat-diorama-de","7":"product_cat-gelande","9":"first","10":"instock","11":"taxable","12":"shipping-taxable","13":"purchasable","14":"product-type-simple"},"_links":{"self":[{"href":"https:\/\/nat20crafts.com\/de\/wp-json\/wp\/v2\/product\/23987","targetHints":{"allow":["GET"]}}],"collection":[{"href":"https:\/\/nat20crafts.com\/de\/wp-json\/wp\/v2\/product"}],"about":[{"href":"https:\/\/nat20crafts.com\/de\/wp-json\/wp\/v2\/types\/product"}],"wp:featuredmedia":[{"embeddable":true,"href":"https:\/\/nat20crafts.com\/de\/wp-json\/wp\/v2\/media\/23995"}],"wp:attachment":[{"href":"https:\/\/nat20crafts.com\/de\/wp-json\/wp\/v2\/media?parent=23987"}],"wp:term":[{"taxonomy":"product_brand","embeddable":true,"href":"https:\/\/nat20crafts.com\/de\/wp-json\/wp\/v2\/product_brand?post=23987"},{"taxonomy":"product_cat","embeddable":true,"href":"https:\/\/nat20crafts.com\/de\/wp-json\/wp\/v2\/product_cat?post=23987"},{"taxonomy":"product_tag","embeddable":true,"href":"https:\/\/nat20crafts.com\/de\/wp-json\/wp\/v2\/product_tag?post=23987"}],"curies":[{"name":"wp","href":"https:\/\/api.w.org\/{rel}","templated":true}]}}