{"id":22340,"date":"2025-08-18T14:36:25","date_gmt":"2025-08-18T14:36:25","guid":{"rendered":"https:\/\/nat20crafts.com\/contacto\/"},"modified":"2025-09-08T13:36:35","modified_gmt":"2025-09-08T13:36:35","slug":"contacto","status":"publish","type":"page","link":"https:\/\/nat20crafts.com\/es\/contacto\/","title":{"rendered":"CONTACTO"},"content":{"rendered":"\t\t<div data-elementor-type=\"wp-page\" data-elementor-id=\"22340\" class=\"elementor elementor-22340 elementor-21508\" data-elementor-post-type=\"page\">\n\t\t\t\t<div class=\"elementor-element elementor-element-2ac5f37 e-flex e-con-boxed e-con e-parent\" data-id=\"2ac5f37\" data-element_type=\"container\" data-e-type=\"container\">\n\t\t\t\t\t<div class=\"e-con-inner\">\n\t\t\t\t<div class=\"elementor-element elementor-element-35edf70 elementor-widget elementor-widget-heading\" data-id=\"35edf70\" data-element_type=\"widget\" data-e-type=\"widget\" data-widget_type=\"heading.default\">\n\t\t\t\t\t<h1 class=\"elementor-heading-title elementor-size-default\">CONTACTE CON NOSOTROS<\/h1>\t\t\t\t<\/div>\n\t\t\t\t\t<\/div>\n\t\t\t\t<\/div>\n\t\t<div class=\"elementor-element elementor-element-08ee66f e-flex e-con-boxed e-con e-parent\" data-id=\"08ee66f\" data-element_type=\"container\" data-e-type=\"container\">\n\t\t\t\t\t<div class=\"e-con-inner\">\n\t\t\t\t<div class=\"elementor-element elementor-element-a79bcb6 elementor-widget__width-initial elementor-widget elementor-widget-text-editor\" data-id=\"a79bcb6\" data-element_type=\"widget\" data-e-type=\"widget\" data-widget_type=\"text-editor.default\">\n\t\t\t\t\t\t\t\t\t<h4 class=\"gmail-whitespace-break-spaces\" dir=\"auto\" style=\"text-align: center;\"><strong>\u00a1Ponte en contacto con Nat20Crafts!<\/strong><\/h4><p class=\"gmail-whitespace-break-spaces\" dir=\"auto\" style=\"text-align: center;\">\u00bfTienes alguna pregunta sobre nuestros terrenos o miniaturas personalizadas? \u00bfEst\u00e1s interesado en encargar una miniatura pintada o una pieza de terreno \u00fanica para tus aventuras de juegos de mesa? \u00bfQuieres aprender nuevas habilidades con nuestras clases de pintura de miniaturas o construcci\u00f3n de terrenos?  <\/p><p class=\"gmail-whitespace-break-spaces\" dir=\"auto\" style=\"text-align: center;\">En Nat20Crafts, nos apasiona dar vida a tus juegos de mesa, ya seas un entusiasta de Dungeons &amp; Dragons, un aficionado de Warhammer o est\u00e9s comenzando tu aventura. Ponte en contacto para hablar sobre tu proyecto, preguntar sobre nuestros servicios o descubrir c\u00f3mo podemos ayudarte a sacar un 20 natural en tu pr\u00f3xima sesi\u00f3n de juego. <\/p><p class=\"gmail-whitespace-break-spaces\" dir=\"auto\" style=\"text-align: center;\">\u00a1Nos encantar\u00eda saber de ti!<\/p>\t\t\t\t\t\t\t\t<\/div>\n\t\t\t\t<div class=\"elementor-element elementor-element-1257069 elementor-button-align-stretch elementor-widget elementor-widget-form\" data-id=\"1257069\" data-element_type=\"widget\" data-e-type=\"widget\" data-settings=\"{&quot;step_next_label&quot;:&quot;Siguiente&quot;,&quot;step_previous_label&quot;:&quot;Anterior&quot;,&quot;button_width&quot;:&quot;100&quot;,&quot;step_type&quot;:&quot;number_text&quot;,&quot;step_icon_shape&quot;:&quot;circle&quot;}\" data-widget_type=\"form.default\">\n\t\t\t\t\t\t\t<form class=\"elementor-form\" method=\"post\" name=\"Cont\u00e1ctenos\" aria-label=\"Cont\u00e1ctenos\">\n\t\t\t<input type=\"hidden\" name=\"post_id\" value=\"22340\"\/>\n\t\t\t<input type=\"hidden\" name=\"form_id\" value=\"1257069\"\/>\n\t\t\t<input type=\"hidden\" name=\"referer_title\" value=\"Contacta Con Nat20Crafts \u2013 Tienda De Miniaturas De D&amp;D De La UE\" \/>\n\n\t\t\t\t\t\t\t<input type=\"hidden\" name=\"queried_id\" value=\"22340\"\/>\n\t\t\t\n\t\t\t<div class=\"elementor-form-fields-wrapper elementor-labels-\">\n\t\t\t\t\t\t\t\t<div class=\"elementor-field-type-text elementor-field-group elementor-column elementor-field-group-name elementor-col-100 elementor-field-required\">\n\t\t\t\t\t\t\t\t\t\t\t\t<label for=\"form-field-name\" class=\"elementor-field-label elementor-screen-only\">\n\t\t\t\t\t\t\t\tNombre\t\t\t\t\t\t\t<\/label>\n\t\t\t\t\t\t\t\t\t\t\t\t\t\t<input size=\"1\" type=\"text\" name=\"form_fields[name]\" id=\"form-field-name\" class=\"elementor-field elementor-size-md  elementor-field-textual\" placeholder=\"Nombre\" required=\"required\">\n\t\t\t\t\t\t\t\t\t\t\t<\/div>\n\t\t\t\t\t\t\t\t<div class=\"elementor-field-type-email elementor-field-group elementor-column elementor-field-group-email elementor-col-100 elementor-field-required\">\n\t\t\t\t\t\t\t\t\t\t\t\t<label for=\"form-field-email\" class=\"elementor-field-label elementor-screen-only\">\n\t\t\t\t\t\t\t\tCorreo electr\u00f3nico\t\t\t\t\t\t\t<\/label>\n\t\t\t\t\t\t\t\t\t\t\t\t\t\t<input size=\"1\" type=\"email\" name=\"form_fields[email]\" id=\"form-field-email\" class=\"elementor-field elementor-size-md  elementor-field-textual\" placeholder=\"Correo electr\u00f3nico\" required=\"required\">\n\t\t\t\t\t\t\t\t\t\t\t<\/div>\n\t\t\t\t\t\t\t\t<div class=\"elementor-field-type-textarea elementor-field-group elementor-column elementor-field-group-message elementor-col-100 elementor-field-required\">\n\t\t\t\t\t\t\t\t\t\t\t\t<label for=\"form-field-message\" class=\"elementor-field-label elementor-screen-only\">\n\t\t\t\t\t\t\t\tMensaje\t\t\t\t\t\t\t<\/label>\n\t\t\t\t\t\t<textarea class=\"elementor-field-textual elementor-field  elementor-size-md\" name=\"form_fields[message]\" id=\"form-field-message\" rows=\"4\" placeholder=\"Mensaje\" required=\"required\"><\/textarea>\t\t\t\t<\/div>\n\t\t\t\t\t\t\t\t<div class=\"elementor-field-group elementor-column elementor-field-type-submit elementor-col-100 e-form__buttons\">\n\t\t\t\t\t<button class=\"elementor-button elementor-size-sm\" type=\"submit\">\n\t\t\t\t\t\t<span class=\"elementor-button-content-wrapper\">\n\t\t\t\t\t\t\t\t\t\t\t\t\t\t\t\t\t\t\t\t\t\t<span class=\"elementor-button-text\">Enviar<\/span>\n\t\t\t\t\t\t\t\t\t\t\t\t\t<\/span>\n\t\t\t\t\t<\/button>\n\t\t\t\t<\/div>\n\t\t\t<\/div>\n\t\t<\/form>\n\t\t\t\t\t\t<\/div>\n\t\t\t\t\t<\/div>\n\t\t\t\t<\/div>\n\t\t\t\t<\/div>\n\t\t","protected":false},"excerpt":{"rendered":"<p>CONTACTE CON NOSOTROS \u00a1Ponte en contacto con Nat20Crafts! \u00bfTienes alguna pregunta sobre nuestros terrenos o miniaturas personalizadas? \u00bfEst\u00e1s interesado en encargar una miniatura pintada o una pieza de terreno \u00fanica para tus aventuras de juegos de mesa? \u00bfQuieres aprender nuevas habilidades con nuestras clases de pintura de miniaturas o construcci\u00f3n de terrenos? En Nat20Crafts, nos [&hellip;]<\/p>\n","protected":false},"author":1,"featured_media":0,"parent":0,"menu_order":0,"comment_status":"closed","ping_status":"closed","template":"elementor_header_footer","meta":{"footnotes":""},"class_list":["post-22340","page","type-page","status-publish","hentry"],"_links":{"self":[{"href":"https:\/\/nat20crafts.com\/es\/wp-json\/wp\/v2\/pages\/22340","targetHints":{"allow":["GET"]}}],"collection":[{"href":"https:\/\/nat20crafts.com\/es\/wp-json\/wp\/v2\/pages"}],"about":[{"href":"https:\/\/nat20crafts.com\/es\/wp-json\/wp\/v2\/types\/page"}],"author":[{"embeddable":true,"href":"https:\/\/nat20crafts.com\/es\/wp-json\/wp\/v2\/users\/1"}],"replies":[{"embeddable":true,"href":"https:\/\/nat20crafts.com\/es\/wp-json\/wp\/v2\/comments?post=22340"}],"version-history":[{"count":4,"href":"https:\/\/nat20crafts.com\/es\/wp-json\/wp\/v2\/pages\/22340\/revisions"}],"predecessor-version":[{"id":22928,"href":"https:\/\/nat20crafts.com\/es\/wp-json\/wp\/v2\/pages\/22340\/revisions\/22928"}],"wp:attachment":[{"href":"https:\/\/nat20crafts.com\/es\/wp-json\/wp\/v2\/media?parent=22340"}],"curies":[{"name":"wp","href":"https:\/\/api.w.org\/{rel}","templated":true}]}}