{"id":22343,"date":"2025-08-18T14:36:25","date_gmt":"2025-08-18T14:36:25","guid":{"rendered":"https:\/\/nat20crafts.com\/acerca-de\/"},"modified":"2025-09-05T08:30:57","modified_gmt":"2025-09-05T08:30:57","slug":"acerca-de","status":"publish","type":"page","link":"https:\/\/nat20crafts.com\/es\/acerca-de\/","title":{"rendered":"ACERCA DE"},"content":{"rendered":"\t\t<div data-elementor-type=\"wp-page\" data-elementor-id=\"22343\" class=\"elementor elementor-22343 elementor-21509\" data-elementor-post-type=\"page\">\n\t\t\t\t<div class=\"elementor-element elementor-element-d574a96 e-flex e-con-boxed e-con e-parent\" data-id=\"d574a96\" data-element_type=\"container\" data-e-type=\"container\">\n\t\t\t\t\t<div class=\"e-con-inner\">\n\t\t\t\t<div class=\"elementor-element elementor-element-d425a84 elementor-widget elementor-widget-heading\" data-id=\"d425a84\" data-element_type=\"widget\" data-e-type=\"widget\" data-widget_type=\"heading.default\">\n\t\t\t\t\t<h1 class=\"elementor-heading-title elementor-size-default\">ACERCA DE NAT20 CRAFTS<\/h1>\t\t\t\t<\/div>\n\t\t\t\t\t<\/div>\n\t\t\t\t<\/div>\n\t\t<div class=\"elementor-element elementor-element-4f61141 e-grid e-con-boxed e-con e-parent\" data-id=\"4f61141\" data-element_type=\"container\" data-e-type=\"container\">\n\t\t\t\t\t<div class=\"e-con-inner\">\n\t\t<div class=\"elementor-element elementor-element-a11d35f e-con-full e-flex e-con e-child\" data-id=\"a11d35f\" data-element_type=\"container\" data-e-type=\"container\">\n\t\t\t\t<div class=\"elementor-element elementor-element-c2a8fd3 elementor-widget elementor-widget-heading\" data-id=\"c2a8fd3\" data-element_type=\"widget\" data-e-type=\"widget\" data-widget_type=\"heading.default\">\n\t\t\t\t\t<h3 class=\"elementor-heading-title elementor-size-default\">RUTH MERIDJEN<\/h3>\t\t\t\t<\/div>\n\t\t\t\t<div class=\"elementor-element elementor-element-c04c028 elementor-widget elementor-widget-text-editor\" data-id=\"c04c028\" data-element_type=\"widget\" data-e-type=\"widget\" data-widget_type=\"text-editor.default\">\n\t\t\t\t\t\t\t\t\t<p class=\"p1\" style=\"text-align: right;\">Aunque mi historia creativa comenz\u00f3 trabajando como artista de efectos visuales en pel\u00edculas y programas de televisi\u00f3n, descubr\u00ed el rinc\u00f3n friki del mundo cuando lanc\u00e9 mi primer D20 en 2017. El nombre de mi personaje era Gae\u2019al, y era una palad\u00edn goliath que sac\u00f3 tres 1 naturales en una pelea con ni\u00f1os esqueleto. <\/p><p class=\"p1\" style=\"text-align: right;\">Avanzamos r\u00e1pidamente hasta 2021, cuando comenc\u00e9 mi viaje como artesana, creando piezas de terreno para mis juegos de Dungeons &amp; Dragons y aprendiendo a construir mundos con espuma y material de desecho.<\/p><p class=\"p1\" style=\"text-align: right;\">Este camino me llev\u00f3 a descubrir mi pasi\u00f3n por la artesan\u00eda y la pintura de art\u00edculos para juegos de fantas\u00eda y ciencia ficci\u00f3n. En 2024, a\u00f1ad\u00ed la pintura de miniaturas y Warhammer a mis aficiones, y hoy me encontrar\u00e1s pasando varias horas al d\u00eda creando o pintando, en compa\u00f1\u00eda de mi media naranja y nuestros cuatro perros. <\/p><p class=\"p1\" style=\"text-align: right;\">Mi objetivo es hacer de nuestras aficiones frikis los espacios m\u00e1s acogedores y abiertos, donde todo el mundo pueda construir, pintar y jugar a su antojo.<\/p>\t\t\t\t\t\t\t\t<\/div>\n\t\t\t\t<\/div>\n\t\t\t\t<div class=\"elementor-element elementor-element-709477a elementor-widget elementor-widget-image\" data-id=\"709477a\" data-element_type=\"widget\" data-e-type=\"widget\" data-widget_type=\"image.default\">\n\t\t\t\t\t\t\t\t\t\t\t\t\t\t\t<img fetchpriority=\"high\" decoding=\"async\" width=\"768\" height=\"1024\" src=\"https:\/\/nat20crafts.com\/wp-content\/uploads\/2025\/08\/RuthHeadshot-768x1024.jpg\" class=\"attachment-large size-large wp-image-21745\" alt=\"Ruth Meridjen \u2013 Nat20Crafts co-founder and D&amp;D miniature painter\" srcset=\"https:\/\/nat20crafts.com\/wp-content\/uploads\/2025\/08\/RuthHeadshot-768x1024.jpg 768w, https:\/\/nat20crafts.com\/wp-content\/uploads\/2025\/08\/RuthHeadshot-350x467.jpg 350w, https:\/\/nat20crafts.com\/wp-content\/uploads\/2025\/08\/RuthHeadshot-920x1227.jpg 920w, https:\/\/nat20crafts.com\/wp-content\/uploads\/2025\/08\/RuthHeadshot-225x300.jpg 225w, https:\/\/nat20crafts.com\/wp-content\/uploads\/2025\/08\/RuthHeadshot-1152x1536.jpg 1152w, https:\/\/nat20crafts.com\/wp-content\/uploads\/2025\/08\/RuthHeadshot.jpg 1200w\" sizes=\"(max-width: 768px) 100vw, 768px\" \/>\t\t\t\t\t\t\t\t\t\t\t\t\t\t\t<\/div>\n\t\t\t\t<div class=\"elementor-element elementor-element-96a0099 elementor-widget elementor-widget-image\" data-id=\"96a0099\" data-element_type=\"widget\" data-e-type=\"widget\" data-widget_type=\"image.default\">\n\t\t\t\t\t\t\t\t\t\t\t\t\t\t\t<img decoding=\"async\" width=\"768\" height=\"1024\" src=\"https:\/\/nat20crafts.com\/wp-content\/uploads\/2025\/09\/ValentinaHeadshot-768x1024.jpg\" class=\"attachment-large size-large wp-image-22200\" alt=\"Custom-painted Blue Dragon miniature by Nat20Crafts\" srcset=\"https:\/\/nat20crafts.com\/wp-content\/uploads\/2025\/09\/ValentinaHeadshot-768x1024.jpg 768w, https:\/\/nat20crafts.com\/wp-content\/uploads\/2025\/09\/ValentinaHeadshot-350x467.jpg 350w, https:\/\/nat20crafts.com\/wp-content\/uploads\/2025\/09\/ValentinaHeadshot-920x1227.jpg 920w, https:\/\/nat20crafts.com\/wp-content\/uploads\/2025\/09\/ValentinaHeadshot-225x300.jpg 225w, https:\/\/nat20crafts.com\/wp-content\/uploads\/2025\/09\/ValentinaHeadshot-1152x1536.jpg 1152w, https:\/\/nat20crafts.com\/wp-content\/uploads\/2025\/09\/ValentinaHeadshot-1320x1760.jpg 1320w, https:\/\/nat20crafts.com\/wp-content\/uploads\/2025\/09\/ValentinaHeadshot.jpg 1536w\" sizes=\"(max-width: 768px) 100vw, 768px\" \/>\t\t\t\t\t\t\t\t\t\t\t\t\t\t\t<\/div>\n\t\t<div class=\"elementor-element elementor-element-679c41e e-con-full e-flex e-con e-child\" data-id=\"679c41e\" data-element_type=\"container\" data-e-type=\"container\">\n\t\t\t\t<div class=\"elementor-element elementor-element-e5cb96f elementor-widget elementor-widget-heading\" data-id=\"e5cb96f\" data-element_type=\"widget\" data-e-type=\"widget\" data-widget_type=\"heading.default\">\n\t\t\t\t\t<h3 class=\"elementor-heading-title elementor-size-default\">VALENTINA SGRO<\/h3>\t\t\t\t<\/div>\n\t\t\t\t<div class=\"elementor-element elementor-element-8f14c3f elementor-widget elementor-widget-text-editor\" data-id=\"8f14c3f\" data-element_type=\"widget\" data-e-type=\"widget\" data-widget_type=\"text-editor.default\">\n\t\t\t\t\t\t\t\t\t<p class=\"p1\">De d\u00eda, manejo p\u00edxeles y plazos en la industria de los efectos visuales, ayudando a dar vida a historias en la gran pantalla. De noche (y, seamos honestos, la mayor\u00eda de los fines de semana), soy una supernerd: me encantan las campa\u00f1as de D&amp;D, los mundos de fantas\u00eda y las aventuras de ciencia ficci\u00f3n que hacen que la realidad se sienta un poco menos ordinaria. <\/p><p class=\"p1\">Una ratona de biblioteca de coraz\u00f3n, acumulo novelas como un drag\u00f3n acumula oro. Mis estanter\u00edas rebosan de \u00e9picas de fantas\u00eda, cl\u00e1sicos de ciencia ficci\u00f3n y joyas indie oscuras, y siempre estoy dispuesta a poner un favorito en tus manos. Cuando no estoy perdida en un libro o tirando dados, me encontrar\u00e1s metida hasta los codos en un proyecto de manualidades.  <\/p><p class=\"p1\">Como parte de Nat20Crafts, ayudo a coordinar la magia entre bastidores, desde las redes sociales hasta la programaci\u00f3n y la ayuda en la construcci\u00f3n de artesan\u00edas en la tienda. Ya sea pintando miniaturas, construyendo rincones de libros o intentando construir mi propio Halc\u00f3n Milenario, creo en hacer que el mundo friki sea accesible, acogedor y lleno de creatividad. <\/p>\t\t\t\t\t\t\t\t<\/div>\n\t\t\t\t<\/div>\n\t\t\t\t\t<\/div>\n\t\t\t\t<\/div>\n\t\t<div class=\"elementor-element elementor-element-61265d6 e-flex e-con-boxed e-con e-parent\" data-id=\"61265d6\" data-element_type=\"container\" data-e-type=\"container\">\n\t\t\t\t\t<div class=\"e-con-inner\">\n\t\t\t\t<div class=\"elementor-element elementor-element-b5441dc elementor-widget elementor-widget-heading\" data-id=\"b5441dc\" data-element_type=\"widget\" data-e-type=\"widget\" data-widget_type=\"heading.default\">\n\t\t\t\t\t<h2 class=\"elementor-heading-title elementor-size-default\">CONSULTE NUESTRO TRABAJO<\/h2>\t\t\t\t<\/div>\n\t\t\t\t<div class=\"elementor-element elementor-element-100b188 elementor-widget elementor-widget-gallery\" data-id=\"100b188\" data-element_type=\"widget\" data-e-type=\"widget\" data-settings=\"{&quot;gallery_layout&quot;:&quot;masonry&quot;,&quot;gap&quot;:{&quot;unit&quot;:&quot;px&quot;,&quot;size&quot;:20,&quot;sizes&quot;:[]},&quot;lazyload&quot;:&quot;yes&quot;,&quot;columns&quot;:4,&quot;columns_tablet&quot;:2,&quot;columns_mobile&quot;:1,&quot;gap_tablet&quot;:{&quot;unit&quot;:&quot;px&quot;,&quot;size&quot;:10,&quot;sizes&quot;:[]},&quot;gap_mobile&quot;:{&quot;unit&quot;:&quot;px&quot;,&quot;size&quot;:10,&quot;sizes&quot;:[]},&quot;overlay_background&quot;:&quot;yes&quot;,&quot;content_hover_animation&quot;:&quot;fade-in&quot;}\" data-widget_type=\"gallery.default\">\n\t\t\t\t\t\t\t<div class=\"elementor-gallery__container\">\n\t\t\t\t\t\t\t<div class=\"e-gallery-item elementor-gallery-item elementor-animated-content\">\n\t\t\t\t\t<div class=\"e-gallery-image elementor-gallery-item__image\" data-thumbnail=\"https:\/\/nat20crafts.com\/wp-content\/uploads\/2025\/08\/RuinsTerrain01-1-768x1024.jpg\" data-width=\"768\" data-height=\"1024\" aria-label=\"\" role=\"img\" ><\/div>\n\t\t\t\t\t\t\t\t\t\t\t<div class=\"elementor-gallery-item__overlay\"><\/div>\n\t\t\t\t\t\t\t\t\t\t\t\t\t\t<\/div>\n\t\t\t\t\t\t\t<div class=\"e-gallery-item elementor-gallery-item elementor-animated-content\">\n\t\t\t\t\t<div class=\"e-gallery-image elementor-gallery-item__image\" data-thumbnail=\"https:\/\/nat20crafts.com\/wp-content\/uploads\/2025\/08\/Elementals-768x1024.jpg\" data-width=\"768\" data-height=\"1024\" aria-label=\"\" role=\"img\" ><\/div>\n\t\t\t\t\t\t\t\t\t\t\t<div class=\"elementor-gallery-item__overlay\"><\/div>\n\t\t\t\t\t\t\t\t\t\t\t\t\t\t<\/div>\n\t\t\t\t\t\t\t<div class=\"e-gallery-item elementor-gallery-item elementor-animated-content\">\n\t\t\t\t\t<div class=\"e-gallery-image elementor-gallery-item__image\" data-thumbnail=\"https:\/\/nat20crafts.com\/wp-content\/uploads\/2025\/08\/AngelicDragon-768x1024.jpg\" data-width=\"768\" data-height=\"1024\" aria-label=\"\" role=\"img\" ><\/div>\n\t\t\t\t\t\t\t\t\t\t\t<div class=\"elementor-gallery-item__overlay\"><\/div>\n\t\t\t\t\t\t\t\t\t\t\t\t\t\t<\/div>\n\t\t\t\t\t\t\t<div class=\"e-gallery-item elementor-gallery-item elementor-animated-content\">\n\t\t\t\t\t<div class=\"e-gallery-image elementor-gallery-item__image\" data-thumbnail=\"https:\/\/nat20crafts.com\/wp-content\/uploads\/2025\/08\/Lyrior-768x1024.jpg\" data-width=\"768\" data-height=\"1024\" aria-label=\"\" role=\"img\" ><\/div>\n\t\t\t\t\t\t\t\t\t\t\t<div class=\"elementor-gallery-item__overlay\"><\/div>\n\t\t\t\t\t\t\t\t\t\t\t\t\t\t<\/div>\n\t\t\t\t\t\t\t<div class=\"e-gallery-item elementor-gallery-item elementor-animated-content\">\n\t\t\t\t\t<div class=\"e-gallery-image elementor-gallery-item__image\" data-thumbnail=\"https:\/\/nat20crafts.com\/wp-content\/uploads\/2025\/08\/OrcStatue-768x1024.jpg\" data-width=\"768\" data-height=\"1024\" aria-label=\"\" role=\"img\" ><\/div>\n\t\t\t\t\t\t\t\t\t\t\t<div class=\"elementor-gallery-item__overlay\"><\/div>\n\t\t\t\t\t\t\t\t\t\t\t\t\t\t<\/div>\n\t\t\t\t\t\t\t<div class=\"e-gallery-item elementor-gallery-item elementor-animated-content\">\n\t\t\t\t\t<div class=\"e-gallery-image elementor-gallery-item__image\" data-thumbnail=\"https:\/\/nat20crafts.com\/wp-content\/uploads\/2025\/08\/Yndrasta-768x1024.jpg\" data-width=\"768\" data-height=\"1024\" aria-label=\"\" role=\"img\" ><\/div>\n\t\t\t\t\t\t\t\t\t\t\t<div class=\"elementor-gallery-item__overlay\"><\/div>\n\t\t\t\t\t\t\t\t\t\t\t\t\t\t<\/div>\n\t\t\t\t\t\t\t<div class=\"e-gallery-item elementor-gallery-item elementor-animated-content\">\n\t\t\t\t\t<div class=\"e-gallery-image elementor-gallery-item__image\" data-thumbnail=\"https:\/\/nat20crafts.com\/wp-content\/uploads\/2025\/08\/BlueDragon-768x1024.jpg\" data-width=\"768\" data-height=\"1024\" aria-label=\"\" role=\"img\" ><\/div>\n\t\t\t\t\t\t\t\t\t\t\t<div class=\"elementor-gallery-item__overlay\"><\/div>\n\t\t\t\t\t\t\t\t\t\t\t\t\t\t<\/div>\n\t\t\t\t\t\t\t<div class=\"e-gallery-item elementor-gallery-item elementor-animated-content\">\n\t\t\t\t\t<div class=\"e-gallery-image elementor-gallery-item__image\" data-thumbnail=\"https:\/\/nat20crafts.com\/wp-content\/uploads\/2025\/08\/House02-768x1024.jpg\" data-width=\"768\" data-height=\"1024\" aria-label=\"\" role=\"img\" ><\/div>\n\t\t\t\t\t\t\t\t\t\t\t<div class=\"elementor-gallery-item__overlay\"><\/div>\n\t\t\t\t\t\t\t\t\t\t\t\t\t\t<\/div>\n\t\t\t\t\t<\/div>\n\t\t\t\t\t<\/div>\n\t\t\t\t<div class=\"elementor-element elementor-element-805e263 elementor-align-center elementor-widget elementor-widget-button\" data-id=\"805e263\" data-element_type=\"widget\" data-e-type=\"widget\" data-widget_type=\"button.default\">\n\t\t\t\t\t\t\t\t\t\t<a class=\"elementor-button elementor-button-link elementor-size-sm\" href=\"https:\/\/nat20crafts.com\/es\/encargos\/\">\n\t\t\t\t\t\t<span class=\"elementor-button-content-wrapper\">\n\t\t\t\t\t\t\t\t\t<span class=\"elementor-button-text\">VER M\u00c1S<\/span>\n\t\t\t\t\t<\/span>\n\t\t\t\t\t<\/a>\n\t\t\t\t\t\t\t\t<\/div>\n\t\t\t\t\t<\/div>\n\t\t\t\t<\/div>\n\t\t\t\t<\/div>\n\t\t","protected":false},"excerpt":{"rendered":"<p>ACERCA DE NAT20 CRAFTS RUTH MERIDJEN Aunque mi historia creativa comenz\u00f3 trabajando como artista de efectos visuales en pel\u00edculas y programas de televisi\u00f3n, descubr\u00ed el rinc\u00f3n friki del mundo cuando lanc\u00e9 mi primer D20 en 2017. El nombre de mi personaje era Gae\u2019al, y era una palad\u00edn goliath que sac\u00f3 tres 1 naturales en una [&hellip;]<\/p>\n","protected":false},"author":1,"featured_media":0,"parent":0,"menu_order":0,"comment_status":"closed","ping_status":"closed","template":"elementor_header_footer","meta":{"footnotes":""},"class_list":["post-22343","page","type-page","status-publish","hentry"],"_links":{"self":[{"href":"https:\/\/nat20crafts.com\/es\/wp-json\/wp\/v2\/pages\/22343","targetHints":{"allow":["GET"]}}],"collection":[{"href":"https:\/\/nat20crafts.com\/es\/wp-json\/wp\/v2\/pages"}],"about":[{"href":"https:\/\/nat20crafts.com\/es\/wp-json\/wp\/v2\/types\/page"}],"author":[{"embeddable":true,"href":"https:\/\/nat20crafts.com\/es\/wp-json\/wp\/v2\/users\/1"}],"replies":[{"embeddable":true,"href":"https:\/\/nat20crafts.com\/es\/wp-json\/wp\/v2\/comments?post=22343"}],"version-history":[{"count":3,"href":"https:\/\/nat20crafts.com\/es\/wp-json\/wp\/v2\/pages\/22343\/revisions"}],"predecessor-version":[{"id":22719,"href":"https:\/\/nat20crafts.com\/es\/wp-json\/wp\/v2\/pages\/22343\/revisions\/22719"}],"wp:attachment":[{"href":"https:\/\/nat20crafts.com\/es\/wp-json\/wp\/v2\/media?parent=22343"}],"curies":[{"name":"wp","href":"https:\/\/api.w.org\/{rel}","templated":true}]}}