{"id":22386,"date":"2025-08-18T16:42:01","date_gmt":"2025-08-18T16:42:01","guid":{"rendered":"https:\/\/nat20crafts.com\/preguntas-frecuentes\/"},"modified":"2025-09-10T16:00:15","modified_gmt":"2025-09-10T16:00:15","slug":"preguntas-frecuentes","status":"publish","type":"page","link":"https:\/\/nat20crafts.com\/es\/preguntas-frecuentes\/","title":{"rendered":"Preguntas frecuentes"},"content":{"rendered":"\t\t<div data-elementor-type=\"wp-page\" data-elementor-id=\"22386\" class=\"elementor elementor-22386 elementor-9\" data-elementor-post-type=\"page\">\n\t\t\t\t<div class=\"elementor-element elementor-element-4e5b4d44 e-flex e-con-boxed e-con e-parent\" data-id=\"4e5b4d44\" data-element_type=\"container\" data-e-type=\"container\">\n\t\t\t\t\t<div class=\"e-con-inner\">\n\t\t<div class=\"elementor-element elementor-element-95b4691 e-con-full e-flex e-con e-child\" data-id=\"95b4691\" data-element_type=\"container\" data-e-type=\"container\">\n\t\t\t\t<div class=\"elementor-element elementor-element-4cd5578 elementor-widget elementor-widget-heading\" data-id=\"4cd5578\" data-element_type=\"widget\" data-e-type=\"widget\" data-widget_type=\"heading.default\">\n\t\t\t\t\t<h1 class=\"elementor-heading-title elementor-size-default\">Preguntas frecuentes<\/h1>\t\t\t\t<\/div>\n\t\t\t\t<div class=\"elementor-element elementor-element-fcd074c elementor-widget elementor-widget-heading\" data-id=\"fcd074c\" data-element_type=\"widget\" data-e-type=\"widget\" data-widget_type=\"heading.default\">\n\t\t\t\t\t<h2 class=\"elementor-heading-title elementor-size-default\">ENV\u00cdO<\/h2>\t\t\t\t<\/div>\n\t\t\t\t<div class=\"elementor-element elementor-element-6d81382d elementor-widget__width-initial elementor-widget elementor-widget-text-editor\" data-id=\"6d81382d\" data-element_type=\"widget\" data-e-type=\"widget\" data-widget_type=\"text-editor.default\">\n\t\t\t\t\t\t\t\t\t<p><strong>Mi pedido lleg\u00f3 da\u00f1ado. \u00bfQu\u00e9 debo hacer? <\/strong><\/p><p>Por favor, env\u00edenos un correo electr\u00f3nico a info@nat20crafts.com para informar del problema. En el asunto del correo electr\u00f3nico, incluya su n\u00famero de pedido y adjunte una foto clara y bien iluminada del art\u00edculo. Adem\u00e1s, env\u00ede una foto del embalaje tal como lleg\u00f3.  <\/p><p><strong>\u00bfCu\u00e1ndo se enviar\u00e1 mi pedido?<\/strong><\/p><p>Actualmente, todos nuestros pedidos se env\u00edan los lunes y los viernes. Los plazos de env\u00edo var\u00edan en funci\u00f3n de d\u00f3nde viva. Durante los periodos de mayor actividad, como en Navidad, espere entre 1 y 2 semanas adicionales para el env\u00edo.  <\/p><p><strong>\u00bfA d\u00f3nde realizan env\u00edos?<\/strong><\/p><p>Realizamos env\u00edos a casi todo el mundo. Descargo de responsabilidad: Debido a la incertidumbre actual, no ofrecemos env\u00edos a los EE. UU. <\/p><p><strong>\u00bfSe realiza un seguimiento de todos los pedidos?<\/strong><\/p><p>S\u00ed.<\/p><p><strong>Aranceles aduaneros e IVA de importaci\u00f3n<\/strong><\/p><p>Cuando se env\u00eda un paquete internacionalmente, es posible que se le solicite al destinatario que pague impuestos de importaci\u00f3n, aranceles aduaneros y otras tarifas establecidas por el pa\u00eds de destino. Estos cargos generalmente se pagan a la llegada del paquete y son responsabilidad del comprador. <\/p><p><strong>Paquete perdido<\/strong><\/p><p>Si su informaci\u00f3n de seguimiento no se ha actualizado durante un tiempo, p\u00f3ngase en contacto con su oficina de correos local y p\u00eddales que localicen su paquete. Muchas empresas de reparto tambi\u00e9n le permiten enviar una solicitud de b\u00fasqueda en l\u00ednea. En la mayor\u00eda de los casos, el paquete se encontrar\u00e1 en breve.  <\/p><p>Tenga en cuenta que los env\u00edos internacionales pueden tardar hasta cuatro semanas o m\u00e1s en llegar a su destino. Si su paquete no ha llegado despu\u00e9s de un mes desde la fecha de env\u00edo, p\u00f3ngase en contacto con nosotros en info@nat20crafts.com para que podamos ayudarle con una reclamaci\u00f3n al seguro. <\/p><p><strong>Mi paquete fue marcado como \u00abentregado\u00bb pero no ha llegado.<\/strong><\/p><p>Desafortunadamente, no podemos responsabilizarnos de los paquetes que han sido marcados como entregados. Si su seguimiento muestra la entrega, pero no ha recibido su paquete, p\u00f3ngase en contacto con su oficina de correos local o con el proveedor de entrega para verificar la direcci\u00f3n de entrega. <\/p><p>A veces, los paquetes se dejan con un vecino o en un lugar menos visible. Si cree que su paquete ha sido robado, le recomendamos que presente una denuncia policial. <\/p>\t\t\t\t\t\t\t\t<\/div>\n\t\t\t\t<div class=\"elementor-element elementor-element-0e2bad8 elementor-widget elementor-widget-heading\" data-id=\"0e2bad8\" data-element_type=\"widget\" data-e-type=\"widget\" data-widget_type=\"heading.default\">\n\t\t\t\t\t<h2 class=\"elementor-heading-title elementor-size-default\">POL\u00cdTICA DE REEMBOLSOS Y DEVOLUCIONES<\/h2>\t\t\t\t<\/div>\n\t\t\t\t<div class=\"elementor-element elementor-element-37d6015 elementor-widget__width-initial elementor-widget elementor-widget-text-editor\" data-id=\"37d6015\" data-element_type=\"widget\" data-e-type=\"widget\" data-widget_type=\"text-editor.default\">\n\t\t\t\t\t\t\t\t\t<h3 style=\"text-align: center;\">Pedidos de la tienda<\/h3><p><strong>\u00bfOfrecen devoluciones? <\/strong><\/p><p>Nuestra pol\u00edtica de devoluciones permite realizar devoluciones dentro de los 14 d\u00edas posteriores a la fecha en que su pedido se marca como entregado. Despu\u00e9s de este per\u00edodo, no podemos procesar reembolsos ni cambios. Para calificar para una devoluci\u00f3n, su art\u00edculo debe estar sin usar y en su estado original.  <\/p><p>Tenga en cuenta que los gastos de env\u00edo de la devoluci\u00f3n son responsabilidad del cliente y no son reembolsables. Si se aprueba su reembolso, el coste del env\u00edo de la devoluci\u00f3n se deducir\u00e1 del importe total que se le devuelva. <\/p><p><strong>\u00bfOfrecen cambios?<\/strong><\/p><p>No hay cambios directos disponibles, pero si desea cambiar un art\u00edculo, simplemente devuelva su compra original en las mismas condiciones que se indican en las devoluciones. Luego, realice un nuevo pedido del art\u00edculo deseado. Tenga en cuenta que usted ser\u00e1 responsable de cualquier gasto de env\u00edo asociado con la devoluci\u00f3n.  <\/p><p><strong>Producto incorrecto o da\u00f1ado<\/strong><\/p><p>Por favor, env\u00edenos un correo electr\u00f3nico a info@nat20crafts.com para informar del problema. En el asunto del correo electr\u00f3nico, incluya su n\u00famero de pedido y adjunte una foto clara y bien iluminada del art\u00edculo. Adem\u00e1s, env\u00ede una foto del embalaje tal como lleg\u00f3.  <\/p><h3 style=\"text-align: center;\">Pedidos de comisi\u00f3n<\/h3><p><strong>\u00bfOfrecen devoluciones y\/o cambios?<\/strong><\/p><p>Las devoluciones y los cambios no est\u00e1n disponibles en los pedidos de comisi\u00f3n.<\/p><p><strong>Producto incorrecto o da\u00f1ado<\/strong><\/p><p>Por favor, env\u00edenos un correo electr\u00f3nico a info@nat20crafts.com para informar del problema. En el asunto del correo electr\u00f3nico, incluya su n\u00famero de pedido y adjunte una foto clara y bien iluminada del art\u00edculo. Adem\u00e1s, env\u00ede una foto del embalaje tal como lleg\u00f3.  <\/p>\t\t\t\t\t\t\t\t<\/div>\n\t\t\t\t<\/div>\n\t\t\t\t\t<\/div>\n\t\t\t\t<\/div>\n\t\t\t\t<\/div>\n\t\t","protected":false},"excerpt":{"rendered":"<p>Preguntas frecuentes ENV\u00cdO Mi pedido lleg\u00f3 da\u00f1ado. \u00bfQu\u00e9 debo hacer? Por favor, env\u00edenos un correo electr\u00f3nico a info@nat20crafts.com para informar del problema. En el asunto del correo electr\u00f3nico, incluya su n\u00famero de pedido y adjunte una foto clara y bien iluminada del art\u00edculo. Adem\u00e1s, env\u00ede una foto del embalaje tal como lleg\u00f3. \u00bfCu\u00e1ndo se enviar\u00e1 [&hellip;]<\/p>\n","protected":false},"author":1,"featured_media":0,"parent":0,"menu_order":0,"comment_status":"closed","ping_status":"closed","template":"elementor_header_footer","meta":{"footnotes":""},"class_list":["post-22386","page","type-page","status-publish","hentry"],"_links":{"self":[{"href":"https:\/\/nat20crafts.com\/es\/wp-json\/wp\/v2\/pages\/22386","targetHints":{"allow":["GET"]}}],"collection":[{"href":"https:\/\/nat20crafts.com\/es\/wp-json\/wp\/v2\/pages"}],"about":[{"href":"https:\/\/nat20crafts.com\/es\/wp-json\/wp\/v2\/types\/page"}],"author":[{"embeddable":true,"href":"https:\/\/nat20crafts.com\/es\/wp-json\/wp\/v2\/users\/1"}],"replies":[{"embeddable":true,"href":"https:\/\/nat20crafts.com\/es\/wp-json\/wp\/v2\/comments?post=22386"}],"version-history":[{"count":2,"href":"https:\/\/nat20crafts.com\/es\/wp-json\/wp\/v2\/pages\/22386\/revisions"}],"predecessor-version":[{"id":22893,"href":"https:\/\/nat20crafts.com\/es\/wp-json\/wp\/v2\/pages\/22386\/revisions\/22893"}],"wp:attachment":[{"href":"https:\/\/nat20crafts.com\/es\/wp-json\/wp\/v2\/media?parent=22386"}],"curies":[{"name":"wp","href":"https:\/\/api.w.org\/{rel}","templated":true}]}}