{"id":22623,"date":"2025-09-04T13:03:08","date_gmt":"2025-09-04T13:03:08","guid":{"rendered":"https:\/\/nat20crafts.com\/aviso-legal\/"},"modified":"2025-09-04T13:23:09","modified_gmt":"2025-09-04T13:23:09","slug":"aviso-legal","status":"publish","type":"page","link":"https:\/\/nat20crafts.com\/es\/aviso-legal\/","title":{"rendered":"AVISO LEGAL"},"content":{"rendered":"\t\t<div data-elementor-type=\"wp-page\" data-elementor-id=\"22623\" class=\"elementor elementor-22623 elementor-22621\" data-elementor-post-type=\"page\">\n\t\t\t\t<div class=\"elementor-element elementor-element-3bde1b05 e-flex e-con-boxed e-con e-parent\" data-id=\"3bde1b05\" data-element_type=\"container\" data-e-type=\"container\">\n\t\t\t\t\t<div class=\"e-con-inner\">\n\t\t\t\t<div class=\"elementor-element elementor-element-86fadcc elementor-widget elementor-widget-heading\" data-id=\"86fadcc\" data-element_type=\"widget\" data-e-type=\"widget\" data-widget_type=\"heading.default\">\n\t\t\t\t\t<h1 class=\"elementor-heading-title elementor-size-default\">AVISO LEGAL<\/h1>\t\t\t\t<\/div>\n\t\t\t\t<div class=\"elementor-element elementor-element-6a4cfc8 elementor-widget__width-initial elementor-widget elementor-widget-text-editor\" data-id=\"6a4cfc8\" data-element_type=\"widget\" data-e-type=\"widget\" data-widget_type=\"text-editor.default\">\n\t\t\t\t\t\t\t\t\t<p data-start=\"257\" data-end=\"429\"><strong data-start=\"257\" data-end=\"427\">En cumplimiento de lo establecido en la Ley 34\/2002, de 11 de julio, de Servicios de la Sociedad de la Informaci\u00f3n y de Comercio Electr\u00f3nico (LSSI-CE), se facilita la siguiente informaci\u00f3n:<\/strong><\/p><h4 data-start=\"436\" data-end=\"456\">1. Titular del sitio web<\/h4><ul data-start=\"457\" data-end=\"686\"><li data-start=\"457\" data-end=\"492\"><p data-start=\"459\" data-end=\"492\"><strong data-start=\"459\" data-end=\"473\">Nombre completo:<\/strong> Ruth meridjen<\/p><\/li><li data-start=\"493\" data-end=\"533\"><p data-start=\"495\" data-end=\"533\"><strong data-start=\"495\" data-end=\"516\">NIF\/DNI:<\/strong> Z0792933J<\/p><\/li><li data-start=\"534\" data-end=\"586\"><p data-start=\"536\" data-end=\"586\"><strong data-start=\"536\" data-end=\"551\">Nombre comercial:<\/strong> Nat20Crafts<\/p><\/li><li data-start=\"587\" data-end=\"618\"><p data-start=\"589\" data-end=\"618\"><strong data-start=\"589\" data-end=\"601\">Direcci\u00f3n:<\/strong> carrer 142, 11, La Canada, Valencia Espa\u00f1a 46182<\/p><\/li><li data-start=\"619\" data-end=\"653\"><p data-start=\"621\" data-end=\"653\"><strong data-start=\"621\" data-end=\"631\">Correo electr\u00f3nico:<\/strong> info@nat20crafts.com<\/p><\/li><li data-start=\"654\" data-end=\"686\"><p data-start=\"656\" data-end=\"686\"><strong data-start=\"656\" data-end=\"666\">Tel\u00e9fono:<\/strong> +34 672 33 35 59<\/p><\/li><\/ul><h4 data-start=\"880\" data-end=\"894\">2. Finalidad<\/h4><p data-start=\"895\" data-end=\"1067\">Este sitio web tiene como finalidad proporcionar informaci\u00f3n sobre los productos y servicios ofrecidos por el titular, as\u00ed como permitir a los usuarios adquirirlos a trav\u00e9s de la tienda online.<\/p><h4 data-start=\"1074\" data-end=\"1093\">3. Condiciones de uso<\/h4><p data-start=\"1094\" data-end=\"1216\">El acceso y uso de este sitio web atribuye al usuario la condici\u00f3n de \u201cusuario\u201d e implica la aceptaci\u00f3n plena de las presentes condiciones de uso.<\/p><p data-start=\"1218\" data-end=\"1429\">Los usuarios se comprometen a utilizar el sitio web, sus contenidos y servicios de conformidad con la ley aplicable, la buena fe y el orden p\u00fablico, y a abstenerse de cualquier acci\u00f3n que pueda da\u00f1ar los derechos del titular o de terceros.<\/p><h4 data-start=\"1436\" data-end=\"1452\">4. Responsabilidad<\/h4><p data-start=\"1453\" data-end=\"1718\">El titular del sitio web no se hace responsable del contenido publicado por terceros en foros, comentarios o redes sociales asociados al sitio. No obstante, el titular se compromete a retirar aquellos contenidos que vulneren la ley, los derechos de terceros o el orden p\u00fablico, una vez tenga conocimiento de ello. <\/p><h4 data-start=\"1725\" data-end=\"1768\">5. Propiedad intelectual e industrial<\/h4><p data-start=\"1769\" data-end=\"2029\">Todos los contenidos de este sitio web (textos, im\u00e1genes, logotipos, iconos, software, etc.) son propiedad del titular del sitio web o se utilizan con autorizaci\u00f3n. Queda prohibida la reproducci\u00f3n, distribuci\u00f3n, comunicaci\u00f3n p\u00fablica o modificaci\u00f3n del contenido sin autorizaci\u00f3n expresa. <\/p><h4 data-start=\"2036\" data-end=\"2060\">6. Enlaces a terceros<\/h4><p data-start=\"2061\" data-end=\"2218\">El titular del sitio web no se hace responsable del contenido proporcionado por sitios web de terceros a los que se acceda a trav\u00e9s de enlaces. Estos enlaces se proporcionan \u00fanicamente para la comodidad del usuario. <\/p><h4 data-start=\"2225\" data-end=\"2256\">7. Protecci\u00f3n de datos personales<\/h4><p data-start=\"2257\" data-end=\"2435\">Cualquier dato personal proporcionado por los usuarios ser\u00e1 tratado de acuerdo con la <strong data-start=\"2334\" data-end=\"2375\">Ley Org\u00e1nica de Protecci\u00f3n de Datos y Garant\u00eda de los Derechos Digitales (LOPDGDD)<\/strong> y el <strong data-start=\"2384\" data-end=\"2432\">Reglamento General de Protecci\u00f3n de Datos (RGPD) de la UE<\/strong>. Para m\u00e1s informaci\u00f3n, consulte nuestra <a href=\"https:\/\/nat20crafts.com\/es\/politica-de-privacidad\/\">Pol\u00edtica de Privacidad<\/a>. <\/p><h4 data-start=\"2504\" data-end=\"2541\">8. Ley aplicable y jurisdicci\u00f3n<\/h4><p data-start=\"2542\" data-end=\"2684\">Cualquier controversia relacionada con este sitio web se regir\u00e1 por la legislaci\u00f3n espa\u00f1ola, y los tribunales del domicilio del titular del sitio web tendr\u00e1n jurisdicci\u00f3n.<\/p>\t\t\t\t\t\t\t\t<\/div>\n\t\t\t\t\t<\/div>\n\t\t\t\t<\/div>\n\t\t\t\t<\/div>\n\t\t","protected":false},"excerpt":{"rendered":"<p>AVISO LEGAL En cumplimiento de lo establecido en la Ley 34\/2002, de 11 de julio, de Servicios de la Sociedad de la Informaci\u00f3n y de Comercio Electr\u00f3nico (LSSI-CE), se facilita la siguiente informaci\u00f3n: 1. Titular del sitio web Nombre completo: Ruth meridjen NIF\/DNI: Z0792933J Nombre comercial: Nat20Crafts Direcci\u00f3n: carrer 142, 11, La Canada, Valencia Espa\u00f1a [&hellip;]<\/p>\n","protected":false},"author":1,"featured_media":0,"parent":0,"menu_order":0,"comment_status":"closed","ping_status":"closed","template":"elementor_header_footer","meta":{"footnotes":""},"class_list":["post-22623","page","type-page","status-publish","hentry"],"_links":{"self":[{"href":"https:\/\/nat20crafts.com\/es\/wp-json\/wp\/v2\/pages\/22623","targetHints":{"allow":["GET"]}}],"collection":[{"href":"https:\/\/nat20crafts.com\/es\/wp-json\/wp\/v2\/pages"}],"about":[{"href":"https:\/\/nat20crafts.com\/es\/wp-json\/wp\/v2\/types\/page"}],"author":[{"embeddable":true,"href":"https:\/\/nat20crafts.com\/es\/wp-json\/wp\/v2\/users\/1"}],"replies":[{"embeddable":true,"href":"https:\/\/nat20crafts.com\/es\/wp-json\/wp\/v2\/comments?post=22623"}],"version-history":[{"count":2,"href":"https:\/\/nat20crafts.com\/es\/wp-json\/wp\/v2\/pages\/22623\/revisions"}],"predecessor-version":[{"id":22632,"href":"https:\/\/nat20crafts.com\/es\/wp-json\/wp\/v2\/pages\/22623\/revisions\/22632"}],"wp:attachment":[{"href":"https:\/\/nat20crafts.com\/es\/wp-json\/wp\/v2\/media?parent=22623"}],"curies":[{"name":"wp","href":"https:\/\/api.w.org\/{rel}","templated":true}]}}