{"id":22644,"date":"2025-09-04T13:24:24","date_gmt":"2025-09-04T13:24:24","guid":{"rendered":"https:\/\/nat20crafts.com\/politica-de-desistimiento\/"},"modified":"2025-09-05T14:30:44","modified_gmt":"2025-09-05T14:30:44","slug":"politica-de-desistimiento","status":"publish","type":"page","link":"https:\/\/nat20crafts.com\/es\/politica-de-desistimiento\/","title":{"rendered":"POL\u00cdTICA DE DESISTIMIENTO"},"content":{"rendered":"\t\t<div data-elementor-type=\"wp-page\" data-elementor-id=\"22644\" class=\"elementor elementor-22644 elementor-22639\" data-elementor-post-type=\"page\">\n\t\t\t\t<div class=\"elementor-element elementor-element-3bde1b05 e-flex e-con-boxed e-con e-parent\" data-id=\"3bde1b05\" data-element_type=\"container\" data-e-type=\"container\">\n\t\t\t\t\t<div class=\"e-con-inner\">\n\t\t\t\t<div class=\"elementor-element elementor-element-86fadcc elementor-widget elementor-widget-heading\" data-id=\"86fadcc\" data-element_type=\"widget\" data-e-type=\"widget\" data-widget_type=\"heading.default\">\n\t\t\t\t\t<h1 class=\"elementor-heading-title elementor-size-default\">POL\u00cdTICA DE DESISTIMIENTO<\/h1>\t\t\t\t<\/div>\n\t\t\t\t<div class=\"elementor-element elementor-element-6a4cfc8 elementor-widget__width-initial elementor-widget elementor-widget-text-editor\" data-id=\"6a4cfc8\" data-element_type=\"widget\" data-e-type=\"widget\" data-widget_type=\"text-editor.default\">\n\t\t\t\t\t\t\t\t\t<p data-start=\"414\" data-end=\"510\"><strong data-start=\"414\" data-end=\"508\">Tiene derecho a cancelar su pedido en un plazo de 14 d\u00edas naturales sin necesidad de justificaci\u00f3n.<\/strong><\/p><p data-start=\"512\" data-end=\"662\">El plazo de desistimiento expirar\u00e1 a los 14 d\u00edas del d\u00eda en que usted, o un tercero distinto del transportista, adquiera la posesi\u00f3n material de los bienes.<\/p><h4 data-start=\"669\" data-end=\"716\">1. C\u00f3mo ejercer su derecho de desistimiento<\/h4><p data-start=\"717\" data-end=\"911\">Para ejercer su derecho de desistimiento, debe notificarnos (al vendedor) mediante una <strong data-start=\"795\" data-end=\"814\">declaraci\u00f3n clara<\/strong> (por ejemplo, correo electr\u00f3nico o formulario de contacto). Puede utilizar el siguiente formulario modelo, aunque no es obligatorio: <\/p><p data-start=\"913\" data-end=\"1010\"><strong data-start=\"913\" data-end=\"923\">Correo electr\u00f3nico:<\/strong> info@nat20crafts.com<br data-start=\"936\" data-end=\"939\"><strong data-start=\"939\" data-end=\"949\">Tel\u00e9fono:<\/strong> +34 672 33 35 59<br data-start=\"969\" data-end=\"972\"><strong data-start=\"972\" data-end=\"984\">Direcci\u00f3n:<\/strong> Carrer 142, 11, La Canada, Valencia Espa\u00f1a 46182<\/p><h4 data-start=\"1017\" data-end=\"1045\">2. Formulario de desistimiento modelo<\/h4><p data-start=\"1046\" data-end=\"1144\">Puede copiar este formulario y envi\u00e1rnoslo si desea desistir del contrato, o descargar el formulario de derecho de desistimiento aqu\u00ed: <a href=\"https:\/\/nat20crafts.com\/wp-content\/uploads\/2025\/09\/Withdrawl-Form-Nat20-Crafts-1.pdf\">[Descargar PDF]<\/a><\/p><div class=\"contain-inline-size rounded-2xl relative bg-token-sidebar-surface-primary\"><div class=\"sticky top-9\"><div class=\"absolute end-0 bottom-0 flex h-9 items-center pe-2\"><p><b>Formulario de desistimiento<\/b><\/p><p><span style=\"font-weight: 400;\">A: Ruth Meridjen \/ Nat20Crafts<\/span><span style=\"font-weight: 400;\"><br><\/span><span style=\"font-weight: 400;\">NIF\/DNI: Z0792933J<\/span><span style=\"font-weight: 400;\"><br><\/span><span style=\"font-weight: 400;\">Direcci\u00f3n: Carrer 142, 11, La Canyada, Valencia, Espa\u00f1a 46182<\/span><span style=\"font-weight: 400;\"><br><\/span><span style=\"font-weight: 400;\">Correo electr\u00f3nico: info@nat20crafts.com<\/span><\/p><p><span style=\"font-weight: 400;\">Por la presente, le\/s notifico que desisto\/desistimos de mi\/nuestro contrato de venta de los siguientes bienes\/servicios:<\/span><\/p><p><b>Detalles del pedido:<\/b><\/p><ul><li style=\"font-weight: 400;\" aria-level=\"1\"><span style=\"font-weight: 400;\">N\u00famero de pedido: __________________________<\/span><\/li><li style=\"font-weight: 400;\" aria-level=\"1\"><span style=\"font-weight: 400;\">Producto(s)\/servicio(s): ___________________<\/span><\/li><li style=\"font-weight: 400;\" aria-level=\"1\"><span style=\"font-weight: 400;\">Fecha de compra: ______________________<\/span><\/li><\/ul><p><b>Datos del cliente:<\/b><\/p><ul><li style=\"font-weight: 400;\" aria-level=\"1\"><span style=\"font-weight: 400;\">Nombre: _________________________________<\/span><\/li><li style=\"font-weight: 400;\" aria-level=\"1\"><span style=\"font-weight: 400;\">Direcci\u00f3n: _______________________________<\/span><\/li><li style=\"font-weight: 400;\" aria-level=\"1\"><span style=\"font-weight: 400;\">Correo electr\u00f3nico: _________________________________<\/span><\/li><\/ul><p><b>Fecha:<\/b><span style=\"font-weight: 400;\"> _______________________________<\/span><span style=\"font-weight: 400;\"><br><\/span> <b>Firma (solo si este formulario se notifica en papel):<\/b><span style=\"font-weight: 400;\"> __________________________<\/span><\/p><p><b>Instrucciones:<\/b><b><br><\/b><span style=\"font-weight: 400;\">Por favor, complete este formulario y env\u00edelo por correo electr\u00f3nico a info@nat20crafts.com <\/span><b>o <\/b><span style=\"font-weight: 400;\">por correo postal a Carrer 142, 11, La Canyada, Valencia, Espa\u00f1a 46182<\/span><\/p><\/div><\/div><\/div><h4 data-start=\"1569\" data-end=\"1597\">3. Efectos del desistimiento<\/h4><p data-start=\"1600\" data-end=\"1942\">Tras el desistimiento, todos los pagos realizados por usted, incluidos los gastos de env\u00edo (excepto los gastos adicionales resultantes de su elecci\u00f3n de un m\u00e9todo de entrega diferente al m\u00e9todo de entrega est\u00e1ndar menos costoso ofrecido), ser\u00e1n reembolsados <strong data-start=\"1819\" data-end=\"1939\">sin demoras indebidas y, en cualquier caso, a m\u00e1s tardar 14 d\u00edas a partir del d\u00eda en que se nos informe de su decisi\u00f3n de desistir<\/strong>.<\/p><p data-start=\"1945\" data-end=\"2065\">Los reembolsos se realizar\u00e1n utilizando el mismo m\u00e9todo de pago utilizado en la transacci\u00f3n original, a menos que se acuerde expresamente lo contrario.<\/p><p data-start=\"2068\" data-end=\"2178\">Es posible que se le solicite que devuelva los bienes <strong data-start=\"2108\" data-end=\"2128\">a su propio costo<\/strong>, a menos que el vendedor haya acordado asumir el costo.<\/p><p data-start=\"2181\" data-end=\"2276\">Los productos deben devolverse en su estado original, sin usar y con todos los embalajes intactos.<\/p><h4 data-start=\"2283\" data-end=\"2300\">4. Excepciones<\/h4><p data-start=\"2301\" data-end=\"2349\">El derecho de desistimiento <strong data-start=\"2330\" data-end=\"2343\">no se aplica<\/strong> a:<\/p><ul data-start=\"2350\" data-end=\"2710\"><li data-start=\"2350\" data-end=\"2412\"><p data-start=\"2352\" data-end=\"2412\">Bienes confeccionados seg\u00fan sus especificaciones o claramente personalizados.<\/p><\/li><li data-start=\"2413\" data-end=\"2467\"><p data-start=\"2415\" data-end=\"2467\">Bienes perecederos o bienes con una vida \u00fatil corta.<\/p><\/li><li data-start=\"2468\" data-end=\"2596\"><p data-start=\"2470\" data-end=\"2596\">Bienes precintados que no son aptos para ser devueltos por razones de protecci\u00f3n de la salud o de higiene y que fueron desprecintados despu\u00e9s de la entrega.<\/p><\/li><li data-start=\"2597\" data-end=\"2710\"><p data-start=\"2599\" data-end=\"2710\">Contenido digital que se haya descargado o al que se haya accedido tras el consentimiento expl\u00edcito para renunciar al derecho de desistimiento.<\/p><\/li><\/ul><h4 data-start=\"2717\" data-end=\"2743\">5. Informaci\u00f3n de contacto<\/h4><p data-start=\"2744\" data-end=\"2815\">Si tiene alguna pregunta sobre su derecho de desistimiento, p\u00f3ngase en contacto con:<\/p><p data-start=\"2817\" data-end=\"2914\"><strong data-start=\"913\" data-end=\"923\">Correo electr\u00f3nico:<\/strong> info@nat20crafts.com<br data-start=\"936\" data-end=\"939\"><strong data-start=\"939\" data-end=\"949\">Tel\u00e9fono:<\/strong> +34 672 33 35 59<br data-start=\"969\" data-end=\"972\"><strong data-start=\"972\" data-end=\"984\">Direcci\u00f3n:<\/strong> Carrer 142, 11, La Canada, Valencia Spain 46182<\/p>\t\t\t\t\t\t\t\t<\/div>\n\t\t\t\t\t<\/div>\n\t\t\t\t<\/div>\n\t\t\t\t<\/div>\n\t\t","protected":false},"excerpt":{"rendered":"<p>POL\u00cdTICA DE DESISTIMIENTO Tiene derecho a cancelar su pedido en un plazo de 14 d\u00edas naturales sin necesidad de justificaci\u00f3n. El plazo de desistimiento expirar\u00e1 a los 14 d\u00edas del d\u00eda en que usted, o un tercero distinto del transportista, adquiera la posesi\u00f3n material de los bienes. 1. C\u00f3mo ejercer su derecho de desistimiento Para [&hellip;]<\/p>\n","protected":false},"author":1,"featured_media":0,"parent":0,"menu_order":0,"comment_status":"closed","ping_status":"closed","template":"elementor_header_footer","meta":{"footnotes":""},"class_list":["post-22644","page","type-page","status-publish","hentry"],"_links":{"self":[{"href":"https:\/\/nat20crafts.com\/es\/wp-json\/wp\/v2\/pages\/22644","targetHints":{"allow":["GET"]}}],"collection":[{"href":"https:\/\/nat20crafts.com\/es\/wp-json\/wp\/v2\/pages"}],"about":[{"href":"https:\/\/nat20crafts.com\/es\/wp-json\/wp\/v2\/types\/page"}],"author":[{"embeddable":true,"href":"https:\/\/nat20crafts.com\/es\/wp-json\/wp\/v2\/users\/1"}],"replies":[{"embeddable":true,"href":"https:\/\/nat20crafts.com\/es\/wp-json\/wp\/v2\/comments?post=22644"}],"version-history":[{"count":2,"href":"https:\/\/nat20crafts.com\/es\/wp-json\/wp\/v2\/pages\/22644\/revisions"}],"predecessor-version":[{"id":22751,"href":"https:\/\/nat20crafts.com\/es\/wp-json\/wp\/v2\/pages\/22644\/revisions\/22751"}],"wp:attachment":[{"href":"https:\/\/nat20crafts.com\/es\/wp-json\/wp\/v2\/media?parent=22644"}],"curies":[{"name":"wp","href":"https:\/\/api.w.org\/{rel}","templated":true}]}}