{"id":22432,"date":"2025-08-22T12:30:54","date_gmt":"2025-08-22T12:30:54","guid":{"rendered":"https:\/\/nat20crafts.com\/product\/conjunto-de-base-tundra-nevada\/"},"modified":"2025-11-30T13:13:13","modified_gmt":"2025-11-30T13:13:13","slug":"conjunto-de-base-tundra-nevada","status":"publish","type":"product","link":"https:\/\/nat20crafts.com\/es\/shop\/conjunto-de-base-tundra-nevada\/","title":{"rendered":"Conjunto b\u00e1sico (Nieve)"},"content":{"rendered":"<p><span style=\"font-weight: 400;\">Ventiscas y batallas en un p\u00e1ramo helado listo para la conquista. Bases tem\u00e1ticas de nieve para cada miniatura. \u00a1Disponibles en nuestra tienda, listas para jugar!  <\/span><\/p>\n","protected":false},"excerpt":{"rendered":"<p>Cons\u00faltenos sobre tama\u00f1os adicionales a trav\u00e9s de <a href=\"https:\/\/nat20crafts.com\/contact\/\">nuestra p\u00e1gina de contacto<\/a>.<\/p>\n","protected":false},"featured_media":22026,"template":"","meta":[],"product_brand":[],"product_cat":[94],"product_tag":[],"class_list":{"0":"post-22432","1":"product","2":"type-product","3":"status-publish","4":"has-post-thumbnail","6":"product_cat-bases-es","8":"first","9":"instock","10":"taxable","11":"shipping-taxable","12":"purchasable","13":"product-type-variable"},"_links":{"self":[{"href":"https:\/\/nat20crafts.com\/es\/wp-json\/wp\/v2\/product\/22432","targetHints":{"allow":["GET"]}}],"collection":[{"href":"https:\/\/nat20crafts.com\/es\/wp-json\/wp\/v2\/product"}],"about":[{"href":"https:\/\/nat20crafts.com\/es\/wp-json\/wp\/v2\/types\/product"}],"wp:featuredmedia":[{"embeddable":true,"href":"https:\/\/nat20crafts.com\/es\/wp-json\/wp\/v2\/media\/22026"}],"wp:attachment":[{"href":"https:\/\/nat20crafts.com\/es\/wp-json\/wp\/v2\/media?parent=22432"}],"wp:term":[{"taxonomy":"product_brand","embeddable":true,"href":"https:\/\/nat20crafts.com\/es\/wp-json\/wp\/v2\/product_brand?post=22432"},{"taxonomy":"product_cat","embeddable":true,"href":"https:\/\/nat20crafts.com\/es\/wp-json\/wp\/v2\/product_cat?post=22432"},{"taxonomy":"product_tag","embeddable":true,"href":"https:\/\/nat20crafts.com\/es\/wp-json\/wp\/v2\/product_tag?post=22432"}],"curies":[{"name":"wp","href":"https:\/\/api.w.org\/{rel}","templated":true}]}}