{"id":22446,"date":"2025-08-22T12:29:30","date_gmt":"2025-08-22T12:29:30","guid":{"rendered":"https:\/\/nat20crafts.com\/product\/set-de-bases-lava\/"},"modified":"2025-11-30T13:13:14","modified_gmt":"2025-11-30T13:13:14","slug":"set-de-bases-lava","status":"publish","type":"product","link":"https:\/\/nat20crafts.com\/es\/shop\/set-de-bases-lava\/","title":{"rendered":"Conjunto base (lava)"},"content":{"rendered":"","protected":false},"excerpt":{"rendered":"<p>Cons\u00faltenos sobre tama\u00f1os adicionales a trav\u00e9s de <a href=\"https:\/\/nat20crafts.com\/es\/contacto\/\">nuestra p\u00e1gina de contacto<\/a>.<\/p>\n","protected":false},"featured_media":22031,"template":"","meta":[],"product_brand":[],"product_cat":[94],"product_tag":[],"class_list":{"0":"post-22446","1":"product","2":"type-product","3":"status-publish","4":"has-post-thumbnail","6":"product_cat-bases-es","8":"first","9":"instock","10":"taxable","11":"shipping-taxable","12":"purchasable","13":"product-type-variable"},"_links":{"self":[{"href":"https:\/\/nat20crafts.com\/es\/wp-json\/wp\/v2\/product\/22446","targetHints":{"allow":["GET"]}}],"collection":[{"href":"https:\/\/nat20crafts.com\/es\/wp-json\/wp\/v2\/product"}],"about":[{"href":"https:\/\/nat20crafts.com\/es\/wp-json\/wp\/v2\/types\/product"}],"wp:featuredmedia":[{"embeddable":true,"href":"https:\/\/nat20crafts.com\/es\/wp-json\/wp\/v2\/media\/22031"}],"wp:attachment":[{"href":"https:\/\/nat20crafts.com\/es\/wp-json\/wp\/v2\/media?parent=22446"}],"wp:term":[{"taxonomy":"product_brand","embeddable":true,"href":"https:\/\/nat20crafts.com\/es\/wp-json\/wp\/v2\/product_brand?post=22446"},{"taxonomy":"product_cat","embeddable":true,"href":"https:\/\/nat20crafts.com\/es\/wp-json\/wp\/v2\/product_cat?post=22446"},{"taxonomy":"product_tag","embeddable":true,"href":"https:\/\/nat20crafts.com\/es\/wp-json\/wp\/v2\/product_tag?post=22446"}],"curies":[{"name":"wp","href":"https:\/\/api.w.org\/{rel}","templated":true}]}}