{"id":22521,"date":"2025-08-22T13:14:33","date_gmt":"2025-08-22T13:14:33","guid":{"rendered":"https:\/\/nat20crafts.com\/product\/diorama-de-rio\/"},"modified":"2025-09-30T14:24:32","modified_gmt":"2025-09-30T14:24:32","slug":"diorama-de-rio","status":"publish","type":"product","link":"https:\/\/nat20crafts.com\/es\/shop\/diorama-de-rio\/","title":{"rendered":"Diorama de r\u00edo"},"content":{"rendered":"<p><span style=\"font-weight: 400;\">\u00a1Disfrute de este diorama esc\u00e9nico del r\u00edo como una impresionante pieza de exhibici\u00f3n para su rinc\u00f3n de pasatiempos!<\/span><\/p>\n","protected":false},"excerpt":{"rendered":"<p>\u00a1Solo uno disponible! Diorama de escena de r\u00edo. <\/p>\n","protected":false},"featured_media":21881,"template":"","meta":[],"product_brand":[],"product_cat":[109,107],"product_tag":[],"class_list":{"0":"post-22521","1":"product","2":"type-product","3":"status-publish","4":"has-post-thumbnail","6":"product_cat-diorama-es","7":"product_cat-unico-es","9":"first","10":"instock","11":"taxable","12":"shipping-taxable","13":"purchasable","14":"product-type-simple"},"_links":{"self":[{"href":"https:\/\/nat20crafts.com\/es\/wp-json\/wp\/v2\/product\/22521","targetHints":{"allow":["GET"]}}],"collection":[{"href":"https:\/\/nat20crafts.com\/es\/wp-json\/wp\/v2\/product"}],"about":[{"href":"https:\/\/nat20crafts.com\/es\/wp-json\/wp\/v2\/types\/product"}],"wp:featuredmedia":[{"embeddable":true,"href":"https:\/\/nat20crafts.com\/es\/wp-json\/wp\/v2\/media\/21881"}],"wp:attachment":[{"href":"https:\/\/nat20crafts.com\/es\/wp-json\/wp\/v2\/media?parent=22521"}],"wp:term":[{"taxonomy":"product_brand","embeddable":true,"href":"https:\/\/nat20crafts.com\/es\/wp-json\/wp\/v2\/product_brand?post=22521"},{"taxonomy":"product_cat","embeddable":true,"href":"https:\/\/nat20crafts.com\/es\/wp-json\/wp\/v2\/product_cat?post=22521"},{"taxonomy":"product_tag","embeddable":true,"href":"https:\/\/nat20crafts.com\/es\/wp-json\/wp\/v2\/product_tag?post=22521"}],"curies":[{"name":"wp","href":"https:\/\/api.w.org\/{rel}","templated":true}]}}