{"id":22524,"date":"2025-08-22T13:11:56","date_gmt":"2025-08-22T13:11:56","guid":{"rendered":"https:\/\/nat20crafts.com\/product\/casa-babilonica-totalmente-jugable\/"},"modified":"2025-09-30T14:27:11","modified_gmt":"2025-09-30T14:27:11","slug":"casa-babilonica-totalmente-jugable","status":"publish","type":"product","link":"https:\/\/nat20crafts.com\/es\/shop\/casa-babilonica-totalmente-jugable\/","title":{"rendered":"Casa babil\u00f3nica (\u00a1totalmente jugable!)"},"content":{"rendered":"<p><span style=\"font-weight: 400;\">Lleva el mundo antiguo a tus partidas con esta casa babil\u00f3nica totalmente jugable, que incluye una cuadr\u00edcula de 2,5 cm para el juego t\u00e1ctico y pisos extra\u00edbles para la acci\u00f3n en varios niveles. Perfecta para D&amp;D, juegos de rol e ideal para emboscadas, escondites o bulliciosas escenas de mercado. <\/span><\/p>\n","protected":false},"excerpt":{"rendered":"<p>\u00a1Solo queda uno! Casa de estilo babil\u00f3nico totalmente jugable con cuadr\u00edcula de 2,5 cm y pisos extra\u00edbles. <\/p>\n","protected":false},"featured_media":21906,"template":"","meta":[],"product_brand":[],"product_cat":[115,107],"product_tag":[],"class_list":{"0":"post-22524","1":"product","2":"type-product","3":"status-publish","4":"has-post-thumbnail","6":"product_cat-terreno","7":"product_cat-unico-es","9":"first","10":"instock","11":"taxable","12":"shipping-taxable","13":"purchasable","14":"product-type-simple"},"_links":{"self":[{"href":"https:\/\/nat20crafts.com\/es\/wp-json\/wp\/v2\/product\/22524","targetHints":{"allow":["GET"]}}],"collection":[{"href":"https:\/\/nat20crafts.com\/es\/wp-json\/wp\/v2\/product"}],"about":[{"href":"https:\/\/nat20crafts.com\/es\/wp-json\/wp\/v2\/types\/product"}],"wp:featuredmedia":[{"embeddable":true,"href":"https:\/\/nat20crafts.com\/es\/wp-json\/wp\/v2\/media\/21906"}],"wp:attachment":[{"href":"https:\/\/nat20crafts.com\/es\/wp-json\/wp\/v2\/media?parent=22524"}],"wp:term":[{"taxonomy":"product_brand","embeddable":true,"href":"https:\/\/nat20crafts.com\/es\/wp-json\/wp\/v2\/product_brand?post=22524"},{"taxonomy":"product_cat","embeddable":true,"href":"https:\/\/nat20crafts.com\/es\/wp-json\/wp\/v2\/product_cat?post=22524"},{"taxonomy":"product_tag","embeddable":true,"href":"https:\/\/nat20crafts.com\/es\/wp-json\/wp\/v2\/product_tag?post=22524"}],"curies":[{"name":"wp","href":"https:\/\/api.w.org\/{rel}","templated":true}]}}