{"id":22530,"date":"2025-08-22T13:13:04","date_gmt":"2025-08-22T13:13:04","guid":{"rendered":"https:\/\/nat20crafts.com\/product\/terreno-de-ruinas-cubiertas-de-vegetacion\/"},"modified":"2025-09-30T14:26:17","modified_gmt":"2025-09-30T14:26:17","slug":"terreno-de-ruinas-cubiertas-de-vegetacion","status":"publish","type":"product","link":"https:\/\/nat20crafts.com\/es\/shop\/terreno-de-ruinas-cubiertas-de-vegetacion\/","title":{"rendered":"Terreno de ruinas cubiertas de vegetaci\u00f3n"},"content":{"rendered":"<p><span style=\"font-weight: 400;\">Transforma tu mesa de juego con estas ruinas cubiertas de vegetaci\u00f3n, inquietantemente detalladas, perfectas para aventuras de D&amp;D o batallas de juegos de guerra. Enredaderas, piedras desmoronadas y secretos olvidados: ambiente instant\u00e1neo para emboscadas, exploraci\u00f3n o enfrentamientos \u00e9picos. <\/span><\/p>\n","protected":false},"excerpt":{"rendered":"<p>Transforma tu mesa de juego con estas ruinas cubiertas de vegetaci\u00f3n, inquietantemente detalladas, perfectas para aventuras de D&amp;D o batallas de juegos de guerra. Enredaderas, piedras desmoronadas y secretos olvidados: ambiente instant\u00e1neo para emboscadas, exploraci\u00f3n o enfrentamientos \u00e9picos.<\/p>\n","protected":false},"featured_media":21896,"template":"","meta":[],"product_brand":[],"product_cat":[115],"product_tag":[],"class_list":{"0":"post-22530","1":"product","2":"type-product","3":"status-publish","4":"has-post-thumbnail","6":"product_cat-terreno","8":"first","9":"instock","10":"taxable","11":"shipping-taxable","12":"purchasable","13":"product-type-simple"},"_links":{"self":[{"href":"https:\/\/nat20crafts.com\/es\/wp-json\/wp\/v2\/product\/22530","targetHints":{"allow":["GET"]}}],"collection":[{"href":"https:\/\/nat20crafts.com\/es\/wp-json\/wp\/v2\/product"}],"about":[{"href":"https:\/\/nat20crafts.com\/es\/wp-json\/wp\/v2\/types\/product"}],"wp:featuredmedia":[{"embeddable":true,"href":"https:\/\/nat20crafts.com\/es\/wp-json\/wp\/v2\/media\/21896"}],"wp:attachment":[{"href":"https:\/\/nat20crafts.com\/es\/wp-json\/wp\/v2\/media?parent=22530"}],"wp:term":[{"taxonomy":"product_brand","embeddable":true,"href":"https:\/\/nat20crafts.com\/es\/wp-json\/wp\/v2\/product_brand?post=22530"},{"taxonomy":"product_cat","embeddable":true,"href":"https:\/\/nat20crafts.com\/es\/wp-json\/wp\/v2\/product_cat?post=22530"},{"taxonomy":"product_tag","embeddable":true,"href":"https:\/\/nat20crafts.com\/es\/wp-json\/wp\/v2\/product_tag?post=22530"}],"curies":[{"name":"wp","href":"https:\/\/api.w.org\/{rel}","templated":true}]}}