{"id":22533,"date":"2025-08-22T13:09:35","date_gmt":"2025-08-22T13:09:35","guid":{"rendered":"https:\/\/nat20crafts.com\/product\/pilares-de-piedra-juego-de-5\/"},"modified":"2025-09-30T14:33:27","modified_gmt":"2025-09-30T14:33:27","slug":"pilares-de-piedra-juego-de-5","status":"publish","type":"product","link":"https:\/\/nat20crafts.com\/es\/shop\/pilares-de-piedra-juego-de-5\/","title":{"rendered":"Pilares de piedra (juego de 5)"},"content":{"rendered":"<p><span style=\"font-weight: 400;\">A\u00f1ade misterio y grandeza a tus batallas de D&amp;D o de mesa con estos pilares de piedra erosionada. Perfectos para templos derruidos, ruinas olvidadas o portales m\u00e1gicos: ambiente instant\u00e1neo para tus encuentros \u00e9picos. \u00a1Listos para colocar, listos para jugar!  <\/span><\/p>\n","protected":false},"excerpt":{"rendered":"<p>Dado (no incluido) para referencia de tama\u00f1o. Incluye: 5 pilares de piedra. <\/p>\n","protected":false},"featured_media":21911,"template":"","meta":[],"product_brand":[],"product_cat":[115],"product_tag":[],"class_list":{"0":"post-22533","1":"product","2":"type-product","3":"status-publish","4":"has-post-thumbnail","6":"product_cat-terreno","8":"first","9":"instock","10":"taxable","11":"shipping-taxable","12":"purchasable","13":"product-type-simple"},"_links":{"self":[{"href":"https:\/\/nat20crafts.com\/es\/wp-json\/wp\/v2\/product\/22533","targetHints":{"allow":["GET"]}}],"collection":[{"href":"https:\/\/nat20crafts.com\/es\/wp-json\/wp\/v2\/product"}],"about":[{"href":"https:\/\/nat20crafts.com\/es\/wp-json\/wp\/v2\/types\/product"}],"wp:featuredmedia":[{"embeddable":true,"href":"https:\/\/nat20crafts.com\/es\/wp-json\/wp\/v2\/media\/21911"}],"wp:attachment":[{"href":"https:\/\/nat20crafts.com\/es\/wp-json\/wp\/v2\/media?parent=22533"}],"wp:term":[{"taxonomy":"product_brand","embeddable":true,"href":"https:\/\/nat20crafts.com\/es\/wp-json\/wp\/v2\/product_brand?post=22533"},{"taxonomy":"product_cat","embeddable":true,"href":"https:\/\/nat20crafts.com\/es\/wp-json\/wp\/v2\/product_cat?post=22533"},{"taxonomy":"product_tag","embeddable":true,"href":"https:\/\/nat20crafts.com\/es\/wp-json\/wp\/v2\/product_tag?post=22533"}],"curies":[{"name":"wp","href":"https:\/\/api.w.org\/{rel}","templated":true}]}}