{"id":22568,"date":"2025-08-22T12:52:45","date_gmt":"2025-08-22T12:52:45","guid":{"rendered":"https:\/\/nat20crafts.com\/product\/losetas-de-mazmorra-mixtas\/"},"modified":"2025-11-01T14:49:41","modified_gmt":"2025-11-01T14:49:41","slug":"losetas-de-mazmorra-mixtas","status":"publish","type":"product","link":"https:\/\/nat20crafts.com\/es\/shop\/losetas-de-mazmorra-mixtas\/","title":{"rendered":"Paquete mixto de losetas de mazmorra"},"content":{"rendered":"","protected":false},"excerpt":{"rendered":"<p>Cuadr\u00edcula de 1 pulgada. Incluye: 2 losetas de 4&#215;4, 6 losetas de 3&#215;3, 2 losetas de 2&#215;2, 1 loseta de 1&#215;4, 2 losetas de 2&#215;6. Consulte con nosotros sobre tama\u00f1os adicionales o solicite la opci\u00f3n que desee a trav\u00e9s de <a href=\"https:\/\/nat20crafts.com\/es\/contacto\/\">nuestra p\u00e1gina de contacto<\/a>.  <\/p>\n","protected":false},"featured_media":21986,"template":"","meta":[],"product_brand":[],"product_cat":[115],"product_tag":[],"class_list":{"0":"post-22568","1":"product","2":"type-product","3":"status-publish","4":"has-post-thumbnail","6":"product_cat-terreno","8":"first","9":"instock","10":"taxable","11":"shipping-taxable","12":"purchasable","13":"product-type-variable"},"_links":{"self":[{"href":"https:\/\/nat20crafts.com\/es\/wp-json\/wp\/v2\/product\/22568","targetHints":{"allow":["GET"]}}],"collection":[{"href":"https:\/\/nat20crafts.com\/es\/wp-json\/wp\/v2\/product"}],"about":[{"href":"https:\/\/nat20crafts.com\/es\/wp-json\/wp\/v2\/types\/product"}],"wp:featuredmedia":[{"embeddable":true,"href":"https:\/\/nat20crafts.com\/es\/wp-json\/wp\/v2\/media\/21986"}],"wp:attachment":[{"href":"https:\/\/nat20crafts.com\/es\/wp-json\/wp\/v2\/media?parent=22568"}],"wp:term":[{"taxonomy":"product_brand","embeddable":true,"href":"https:\/\/nat20crafts.com\/es\/wp-json\/wp\/v2\/product_brand?post=22568"},{"taxonomy":"product_cat","embeddable":true,"href":"https:\/\/nat20crafts.com\/es\/wp-json\/wp\/v2\/product_cat?post=22568"},{"taxonomy":"product_tag","embeddable":true,"href":"https:\/\/nat20crafts.com\/es\/wp-json\/wp\/v2\/product_tag?post=22568"}],"curies":[{"name":"wp","href":"https:\/\/api.w.org\/{rel}","templated":true}]}}