{"id":23313,"date":"2025-09-30T14:05:57","date_gmt":"2025-09-30T14:05:57","guid":{"rendered":"https:\/\/nat20crafts.com\/?post_type=product&#038;p=23313"},"modified":"2025-09-30T14:14:05","modified_gmt":"2025-09-30T14:14:05","slug":"terreno-de-ruinas-cubiertas-de-vegetacion-copy","status":"publish","type":"product","link":"https:\/\/nat20crafts.com\/es\/shop\/terreno-de-ruinas-cubiertas-de-vegetacion-copy\/","title":{"rendered":"\u00c1rbol individual"},"content":{"rendered":"<p><span style=\"font-weight: 400;\">Este \u00e1rbol individual es m\u00e1s que un simple terreno: es un lugar para que los bardos toquen una melod\u00eda desde sus robustas ramas o para que los p\u00edcaros trepen y preparen la emboscada perfecta. Perfecto para D&amp;D, juegos de rol o juegos de guerra, a\u00f1ade profundidad, cobertura y narraci\u00f3n a tu mesa de juego. <\/span><\/p>\n","protected":false},"excerpt":{"rendered":"<p>Este \u00e1rbol individual es m\u00e1s que un simple terreno: es un lugar para que los bardos toquen una melod\u00eda desde sus robustas ramas o para que los p\u00edcaros trepen y preparen la emboscada perfecta. Perfecto para D&amp;D, juegos de rol o juegos de guerra, a\u00f1ade profundidad, cobertura y narraci\u00f3n a tu mesa de juego.<\/p>\n","protected":false},"featured_media":23305,"template":"","meta":[],"product_brand":[],"product_cat":[115],"product_tag":[],"class_list":{"0":"post-23313","1":"product","2":"type-product","3":"status-publish","4":"has-post-thumbnail","6":"product_cat-terreno","8":"first","9":"instock","10":"taxable","11":"shipping-taxable","12":"purchasable","13":"product-type-simple"},"_links":{"self":[{"href":"https:\/\/nat20crafts.com\/es\/wp-json\/wp\/v2\/product\/23313","targetHints":{"allow":["GET"]}}],"collection":[{"href":"https:\/\/nat20crafts.com\/es\/wp-json\/wp\/v2\/product"}],"about":[{"href":"https:\/\/nat20crafts.com\/es\/wp-json\/wp\/v2\/types\/product"}],"wp:featuredmedia":[{"embeddable":true,"href":"https:\/\/nat20crafts.com\/es\/wp-json\/wp\/v2\/media\/23305"}],"wp:attachment":[{"href":"https:\/\/nat20crafts.com\/es\/wp-json\/wp\/v2\/media?parent=23313"}],"wp:term":[{"taxonomy":"product_brand","embeddable":true,"href":"https:\/\/nat20crafts.com\/es\/wp-json\/wp\/v2\/product_brand?post=23313"},{"taxonomy":"product_cat","embeddable":true,"href":"https:\/\/nat20crafts.com\/es\/wp-json\/wp\/v2\/product_cat?post=23313"},{"taxonomy":"product_tag","embeddable":true,"href":"https:\/\/nat20crafts.com\/es\/wp-json\/wp\/v2\/product_tag?post=23313"}],"curies":[{"name":"wp","href":"https:\/\/api.w.org\/{rel}","templated":true}]}}