{"id":23325,"date":"2025-09-30T14:14:34","date_gmt":"2025-09-30T14:14:34","guid":{"rendered":"https:\/\/nat20crafts.com\/?post_type=product&#038;p=23325"},"modified":"2025-11-30T13:14:36","modified_gmt":"2025-11-30T13:14:36","slug":"conjunto-de-base-tundra-nevada-copy","status":"publish","type":"product","link":"https:\/\/nat20crafts.com\/es\/shop\/conjunto-de-base-tundra-nevada-copy\/","title":{"rendered":"Set de bases (paso de monta\u00f1a)"},"content":{"rendered":"<p><span style=\"font-weight: 400;\">Bases nevadas para paso de monta\u00f1a, reci\u00e9n ca\u00eddas, reci\u00e9n luchadas, para cada miniatura. \u00a1Disponibles en nuestra tienda, listas para jugar! <\/span><\/p>\n","protected":false},"excerpt":{"rendered":"<p>Cons\u00faltenos sobre tama\u00f1os adicionales a trav\u00e9s de <a href=\"https:\/\/nat20crafts.com\/es\/contacto\/\">nuestra p\u00e1gina de contacto<\/a>.<\/p>\n","protected":false},"featured_media":23342,"template":"","meta":[],"product_brand":[],"product_cat":[94],"product_tag":[],"class_list":{"0":"post-23325","1":"product","2":"type-product","3":"status-publish","4":"has-post-thumbnail","6":"product_cat-bases-es","8":"first","9":"instock","10":"taxable","11":"shipping-taxable","12":"purchasable","13":"product-type-variable"},"_links":{"self":[{"href":"https:\/\/nat20crafts.com\/es\/wp-json\/wp\/v2\/product\/23325","targetHints":{"allow":["GET"]}}],"collection":[{"href":"https:\/\/nat20crafts.com\/es\/wp-json\/wp\/v2\/product"}],"about":[{"href":"https:\/\/nat20crafts.com\/es\/wp-json\/wp\/v2\/types\/product"}],"wp:featuredmedia":[{"embeddable":true,"href":"https:\/\/nat20crafts.com\/es\/wp-json\/wp\/v2\/media\/23342"}],"wp:attachment":[{"href":"https:\/\/nat20crafts.com\/es\/wp-json\/wp\/v2\/media?parent=23325"}],"wp:term":[{"taxonomy":"product_brand","embeddable":true,"href":"https:\/\/nat20crafts.com\/es\/wp-json\/wp\/v2\/product_brand?post=23325"},{"taxonomy":"product_cat","embeddable":true,"href":"https:\/\/nat20crafts.com\/es\/wp-json\/wp\/v2\/product_cat?post=23325"},{"taxonomy":"product_tag","embeddable":true,"href":"https:\/\/nat20crafts.com\/es\/wp-json\/wp\/v2\/product_tag?post=23325"}],"curies":[{"name":"wp","href":"https:\/\/api.w.org\/{rel}","templated":true}]}}