{"id":23363,"date":"2025-09-30T14:19:57","date_gmt":"2025-09-30T14:19:57","guid":{"rendered":"https:\/\/nat20crafts.com\/?post_type=product&#038;p=23363"},"modified":"2025-11-30T13:14:38","modified_gmt":"2025-11-30T13:14:38","slug":"conjunto-de-base-tundra-nevada-copy-copy","status":"publish","type":"product","link":"https:\/\/nat20crafts.com\/es\/shop\/conjunto-de-base-tundra-nevada-copy-copy\/","title":{"rendered":"Conjunto de bases (playa)"},"content":{"rendered":"<p><span style=\"font-weight: 400;\">Sol, arena y estrategia: donde la marea se encuentra con el campo de batalla. Bases tem\u00e1ticas de playa para cada miniatura. \u00a1Listas para jugar, disponibles en nuestra tienda!  <\/span><\/p>\n","protected":false},"excerpt":{"rendered":"<p>Cons\u00faltenos sobre tama\u00f1os adicionales a trav\u00e9s de <a href=\"https:\/\/nat20crafts.com\/es\/contacto\/\">nuestra p\u00e1gina de contacto<\/a>.<\/p>\n","protected":false},"featured_media":23379,"template":"","meta":[],"product_brand":[],"product_cat":[94],"product_tag":[],"class_list":{"0":"post-23363","1":"product","2":"type-product","3":"status-publish","4":"has-post-thumbnail","6":"product_cat-bases-es","8":"first","9":"instock","10":"taxable","11":"shipping-taxable","12":"purchasable","13":"product-type-variable"},"_links":{"self":[{"href":"https:\/\/nat20crafts.com\/es\/wp-json\/wp\/v2\/product\/23363","targetHints":{"allow":["GET"]}}],"collection":[{"href":"https:\/\/nat20crafts.com\/es\/wp-json\/wp\/v2\/product"}],"about":[{"href":"https:\/\/nat20crafts.com\/es\/wp-json\/wp\/v2\/types\/product"}],"wp:featuredmedia":[{"embeddable":true,"href":"https:\/\/nat20crafts.com\/es\/wp-json\/wp\/v2\/media\/23379"}],"wp:attachment":[{"href":"https:\/\/nat20crafts.com\/es\/wp-json\/wp\/v2\/media?parent=23363"}],"wp:term":[{"taxonomy":"product_brand","embeddable":true,"href":"https:\/\/nat20crafts.com\/es\/wp-json\/wp\/v2\/product_brand?post=23363"},{"taxonomy":"product_cat","embeddable":true,"href":"https:\/\/nat20crafts.com\/es\/wp-json\/wp\/v2\/product_cat?post=23363"},{"taxonomy":"product_tag","embeddable":true,"href":"https:\/\/nat20crafts.com\/es\/wp-json\/wp\/v2\/product_tag?post=23363"}],"curies":[{"name":"wp","href":"https:\/\/api.w.org\/{rel}","templated":true}]}}