{"id":23490,"date":"2025-11-01T13:12:17","date_gmt":"2025-11-01T13:12:17","guid":{"rendered":"https:\/\/nat20crafts.com\/?post_type=product&#038;p=23490"},"modified":"2025-11-01T13:22:40","modified_gmt":"2025-11-01T13:22:40","slug":"conjunto-de-bases-playa-copy","status":"publish","type":"product","link":"https:\/\/nat20crafts.com\/es\/shop\/conjunto-de-bases-playa-copy\/","title":{"rendered":"Set b\u00e1sico (Primavera)"},"content":{"rendered":"<p><span style=\"font-weight: 400;\">Las flores est\u00e1n floreciendo, la hierba est\u00e1 verde y la primavera ha llegado a nuestro set b\u00e1sico de primavera. \u00a1Listo para jugar, disponible en nuestra tienda! <\/span><\/p>\n","protected":false},"excerpt":{"rendered":"<p>Cons\u00faltenos sobre tama\u00f1os adicionales a trav\u00e9s de <a href=\"https:\/\/nat20crafts.com\/es\/contacto\/\">nuestra p\u00e1gina de contacto<\/a>.<\/p>\n","protected":false},"featured_media":23528,"template":"","meta":[],"product_brand":[],"product_cat":[94],"product_tag":[],"class_list":{"0":"post-23490","1":"product","2":"type-product","3":"status-publish","4":"has-post-thumbnail","6":"product_cat-bases-es","8":"first","9":"instock","10":"taxable","11":"shipping-taxable","12":"purchasable","13":"product-type-variable"},"_links":{"self":[{"href":"https:\/\/nat20crafts.com\/es\/wp-json\/wp\/v2\/product\/23490","targetHints":{"allow":["GET"]}}],"collection":[{"href":"https:\/\/nat20crafts.com\/es\/wp-json\/wp\/v2\/product"}],"about":[{"href":"https:\/\/nat20crafts.com\/es\/wp-json\/wp\/v2\/types\/product"}],"wp:featuredmedia":[{"embeddable":true,"href":"https:\/\/nat20crafts.com\/es\/wp-json\/wp\/v2\/media\/23528"}],"wp:attachment":[{"href":"https:\/\/nat20crafts.com\/es\/wp-json\/wp\/v2\/media?parent=23490"}],"wp:term":[{"taxonomy":"product_brand","embeddable":true,"href":"https:\/\/nat20crafts.com\/es\/wp-json\/wp\/v2\/product_brand?post=23490"},{"taxonomy":"product_cat","embeddable":true,"href":"https:\/\/nat20crafts.com\/es\/wp-json\/wp\/v2\/product_cat?post=23490"},{"taxonomy":"product_tag","embeddable":true,"href":"https:\/\/nat20crafts.com\/es\/wp-json\/wp\/v2\/product_tag?post=23490"}],"curies":[{"name":"wp","href":"https:\/\/api.w.org\/{rel}","templated":true}]}}