{"id":23586,"date":"2025-11-01T14:18:01","date_gmt":"2025-11-01T14:18:01","guid":{"rendered":"https:\/\/nat20crafts.com\/?post_type=product&#038;p=23586"},"modified":"2025-11-01T14:48:19","modified_gmt":"2025-11-01T14:48:19","slug":"paquete-mixto-de-losetas-de-mazmorra-copy","status":"publish","type":"product","link":"https:\/\/nat20crafts.com\/es\/shop\/paquete-mixto-de-losetas-de-mazmorra-copy\/","title":{"rendered":"Baldosa de mazmorra est\u00e1ndar &#8211; individual"},"content":{"rendered":"","protected":false},"excerpt":{"rendered":"<p>Cuadr\u00edcula de 1 pulgada. Incluye: 1 baldosa de la opci\u00f3n seleccionada. Consulte con nosotros sobre tama\u00f1os adicionales o solicite la opci\u00f3n que desee a trav\u00e9s de <a href=\"https:\/\/nat20crafts.com\/es\/contacto\/\">nuestra p\u00e1gina de contacto<\/a>.  <\/p>\n","protected":false},"featured_media":23613,"template":"","meta":[],"product_brand":[],"product_cat":[115],"product_tag":[],"class_list":{"0":"post-23586","1":"product","2":"type-product","3":"status-publish","4":"has-post-thumbnail","6":"product_cat-terreno","8":"first","9":"instock","10":"taxable","11":"shipping-taxable","12":"purchasable","13":"product-type-variable"},"_links":{"self":[{"href":"https:\/\/nat20crafts.com\/es\/wp-json\/wp\/v2\/product\/23586","targetHints":{"allow":["GET"]}}],"collection":[{"href":"https:\/\/nat20crafts.com\/es\/wp-json\/wp\/v2\/product"}],"about":[{"href":"https:\/\/nat20crafts.com\/es\/wp-json\/wp\/v2\/types\/product"}],"wp:featuredmedia":[{"embeddable":true,"href":"https:\/\/nat20crafts.com\/es\/wp-json\/wp\/v2\/media\/23613"}],"wp:attachment":[{"href":"https:\/\/nat20crafts.com\/es\/wp-json\/wp\/v2\/media?parent=23586"}],"wp:term":[{"taxonomy":"product_brand","embeddable":true,"href":"https:\/\/nat20crafts.com\/es\/wp-json\/wp\/v2\/product_brand?post=23586"},{"taxonomy":"product_cat","embeddable":true,"href":"https:\/\/nat20crafts.com\/es\/wp-json\/wp\/v2\/product_cat?post=23586"},{"taxonomy":"product_tag","embeddable":true,"href":"https:\/\/nat20crafts.com\/es\/wp-json\/wp\/v2\/product_tag?post=23586"}],"curies":[{"name":"wp","href":"https:\/\/api.w.org\/{rel}","templated":true}]}}