{"id":23745,"date":"2025-11-30T11:44:53","date_gmt":"2025-11-30T11:44:53","guid":{"rendered":"https:\/\/nat20crafts.com\/?post_type=product&#038;p=23745"},"modified":"2025-11-30T11:47:11","modified_gmt":"2025-11-30T11:47:11","slug":"conjunto-basico-otono-copy","status":"publish","type":"product","link":"https:\/\/nat20crafts.com\/es\/shop\/conjunto-basico-otono-copy\/","title":{"rendered":"Conjunto b\u00e1sico (Marte)"},"content":{"rendered":"<p><span style=\"font-weight: 400;\">Aterriza en planetas alien\u00edgenas y descubre nueva vida en el universo. \u00a1Estas bases marcianas est\u00e1n listas para jugar y disponibles en nuestra tienda! <\/span><\/p>\n","protected":false},"excerpt":{"rendered":"<p>Cons\u00faltenos sobre tama\u00f1os adicionales a trav\u00e9s de <a href=\"https:\/\/nat20crafts.com\/es\/contacto\/\">nuestra p\u00e1gina de contacto<\/a>.<\/p>\n","protected":false},"featured_media":23718,"template":"","meta":[],"product_brand":[],"product_cat":[94],"product_tag":[],"class_list":{"0":"post-23745","1":"product","2":"type-product","3":"status-publish","4":"has-post-thumbnail","6":"product_cat-bases-es","8":"first","9":"instock","10":"taxable","11":"shipping-taxable","12":"purchasable","13":"product-type-variable"},"_links":{"self":[{"href":"https:\/\/nat20crafts.com\/es\/wp-json\/wp\/v2\/product\/23745","targetHints":{"allow":["GET"]}}],"collection":[{"href":"https:\/\/nat20crafts.com\/es\/wp-json\/wp\/v2\/product"}],"about":[{"href":"https:\/\/nat20crafts.com\/es\/wp-json\/wp\/v2\/types\/product"}],"wp:featuredmedia":[{"embeddable":true,"href":"https:\/\/nat20crafts.com\/es\/wp-json\/wp\/v2\/media\/23718"}],"wp:attachment":[{"href":"https:\/\/nat20crafts.com\/es\/wp-json\/wp\/v2\/media?parent=23745"}],"wp:term":[{"taxonomy":"product_brand","embeddable":true,"href":"https:\/\/nat20crafts.com\/es\/wp-json\/wp\/v2\/product_brand?post=23745"},{"taxonomy":"product_cat","embeddable":true,"href":"https:\/\/nat20crafts.com\/es\/wp-json\/wp\/v2\/product_cat?post=23745"},{"taxonomy":"product_tag","embeddable":true,"href":"https:\/\/nat20crafts.com\/es\/wp-json\/wp\/v2\/product_tag?post=23745"}],"curies":[{"name":"wp","href":"https:\/\/api.w.org\/{rel}","templated":true}]}}