{"id":23779,"date":"2025-11-30T11:47:56","date_gmt":"2025-11-30T11:47:56","guid":{"rendered":"https:\/\/nat20crafts.com\/?post_type=product&#038;p=23779"},"modified":"2025-11-30T11:53:16","modified_gmt":"2025-11-30T11:53:16","slug":"arbol-individual-copy","status":"publish","type":"product","link":"https:\/\/nat20crafts.com\/es\/shop\/arbol-individual-copy\/","title":{"rendered":"Puente"},"content":{"rendered":"<p>Aporta profundidad y dimensiones a tus juegos de mesa con este puente de piedra. Ya sea la pieza central de un encuentro o el tel\u00f3n de fondo para una hermosa exhibici\u00f3n de un ej\u00e9rcito, este puente elevar\u00e1 tus creaciones de mesa al instante. <\/p>\n","protected":false},"excerpt":{"rendered":"<p>Aporta profundidad y dimensiones a tus juegos de mesa con este puente de piedra. Ya sea la pieza central de un encuentro o el tel\u00f3n de fondo para una hermosa exhibici\u00f3n de un ej\u00e9rcito, este puente elevar\u00e1 tus creaciones de mesa al instante.<\/p>\n","protected":false},"featured_media":23703,"template":"","meta":[],"product_brand":[],"product_cat":[115],"product_tag":[],"class_list":{"0":"post-23779","1":"product","2":"type-product","3":"status-publish","4":"has-post-thumbnail","6":"product_cat-terreno","8":"first","9":"instock","10":"taxable","11":"shipping-taxable","12":"purchasable","13":"product-type-simple"},"_links":{"self":[{"href":"https:\/\/nat20crafts.com\/es\/wp-json\/wp\/v2\/product\/23779","targetHints":{"allow":["GET"]}}],"collection":[{"href":"https:\/\/nat20crafts.com\/es\/wp-json\/wp\/v2\/product"}],"about":[{"href":"https:\/\/nat20crafts.com\/es\/wp-json\/wp\/v2\/types\/product"}],"wp:featuredmedia":[{"embeddable":true,"href":"https:\/\/nat20crafts.com\/es\/wp-json\/wp\/v2\/media\/23703"}],"wp:attachment":[{"href":"https:\/\/nat20crafts.com\/es\/wp-json\/wp\/v2\/media?parent=23779"}],"wp:term":[{"taxonomy":"product_brand","embeddable":true,"href":"https:\/\/nat20crafts.com\/es\/wp-json\/wp\/v2\/product_brand?post=23779"},{"taxonomy":"product_cat","embeddable":true,"href":"https:\/\/nat20crafts.com\/es\/wp-json\/wp\/v2\/product_cat?post=23779"},{"taxonomy":"product_tag","embeddable":true,"href":"https:\/\/nat20crafts.com\/es\/wp-json\/wp\/v2\/product_tag?post=23779"}],"curies":[{"name":"wp","href":"https:\/\/api.w.org\/{rel}","templated":true}]}}