{"id":23853,"date":"2026-01-02T11:28:44","date_gmt":"2026-01-02T11:28:44","guid":{"rendered":"https:\/\/nat20crafts.com\/?post_type=product&#038;p=23853"},"modified":"2026-01-02T11:39:50","modified_gmt":"2026-01-02T11:39:50","slug":"mapa-topologico-de-la-tierra-media-copy","status":"publish","type":"product","link":"https:\/\/nat20crafts.com\/es\/shop\/mapa-topologico-de-la-tierra-media-copy\/","title":{"rendered":"Caba\u00f1a Folklore"},"content":{"rendered":"<p>\u00a1Trae el encanto del Eras Tour de Taylor Swift directamente a tu hogar con tu propia Caba\u00f1a Folklore! Tanto si eres coleccionista, fan o simplemente alguien que adora la decoraci\u00f3n caprichosa, esta pieza es tu billete para revivir la magia de la gira cada d\u00eda. No te lo pierdas: \u00a1a\u00f1ade un toque de narraci\u00f3n y nostalgia a tu espacio hoy mismo!  <\/p>\n<p>&nbsp;<\/p>\n<p>* La base sobre la que se asienta la caba\u00f1a en la imagen no es la base est\u00e1ndar. Las bases est\u00e1ndar vendr\u00e1n como una base de madera plana. Si deseas que tu Caba\u00f1a Folklore se construya sobre la base que coincide con la imagen, env\u00edanos un mensaje a info@nat20crafts.com. El cargo adicional por esta base es de 10 \u20ac. Por favor, permite un tiempo extra, ya que estos se elaborar\u00e1n solo bajo pedido.    <\/p>\n<p>** La Caba\u00f1a Folklore no viene con la mercanc\u00eda que se muestra en la foto.<\/p>\n","protected":false},"excerpt":{"rendered":"<p>Revive la magia del Eras Tour en tu hogar con esta caba\u00f1a Folklore hecha a mano<\/p>\n","protected":false},"featured_media":23792,"template":"","meta":[],"product_brand":[],"product_cat":[107],"product_tag":[],"class_list":{"0":"post-23853","1":"product","2":"type-product","3":"status-publish","4":"has-post-thumbnail","6":"product_cat-unico-es","8":"first","9":"instock","10":"taxable","11":"shipping-taxable","12":"purchasable","13":"product-type-simple"},"_links":{"self":[{"href":"https:\/\/nat20crafts.com\/es\/wp-json\/wp\/v2\/product\/23853","targetHints":{"allow":["GET"]}}],"collection":[{"href":"https:\/\/nat20crafts.com\/es\/wp-json\/wp\/v2\/product"}],"about":[{"href":"https:\/\/nat20crafts.com\/es\/wp-json\/wp\/v2\/types\/product"}],"wp:featuredmedia":[{"embeddable":true,"href":"https:\/\/nat20crafts.com\/es\/wp-json\/wp\/v2\/media\/23792"}],"wp:attachment":[{"href":"https:\/\/nat20crafts.com\/es\/wp-json\/wp\/v2\/media?parent=23853"}],"wp:term":[{"taxonomy":"product_brand","embeddable":true,"href":"https:\/\/nat20crafts.com\/es\/wp-json\/wp\/v2\/product_brand?post=23853"},{"taxonomy":"product_cat","embeddable":true,"href":"https:\/\/nat20crafts.com\/es\/wp-json\/wp\/v2\/product_cat?post=23853"},{"taxonomy":"product_tag","embeddable":true,"href":"https:\/\/nat20crafts.com\/es\/wp-json\/wp\/v2\/product_tag?post=23853"}],"curies":[{"name":"wp","href":"https:\/\/api.w.org\/{rel}","templated":true}]}}