{"id":22336,"date":"2025-08-18T14:36:25","date_gmt":"2025-08-18T14:36:25","guid":{"rendered":"https:\/\/nat20crafts.com\/contact\/"},"modified":"2025-09-08T13:36:35","modified_gmt":"2025-09-08T13:36:35","slug":"contact","status":"publish","type":"page","link":"https:\/\/nat20crafts.com\/fr\/contact\/","title":{"rendered":"CONTACT"},"content":{"rendered":"\t\t<div data-elementor-type=\"wp-page\" data-elementor-id=\"22336\" class=\"elementor elementor-22336 elementor-21508\" data-elementor-post-type=\"page\">\n\t\t\t\t<div class=\"elementor-element elementor-element-2ac5f37 e-flex e-con-boxed e-con e-parent\" data-id=\"2ac5f37\" data-element_type=\"container\" data-e-type=\"container\">\n\t\t\t\t\t<div class=\"e-con-inner\">\n\t\t\t\t<div class=\"elementor-element elementor-element-35edf70 elementor-widget elementor-widget-heading\" data-id=\"35edf70\" data-element_type=\"widget\" data-e-type=\"widget\" data-widget_type=\"heading.default\">\n\t\t\t\t\t<h1 class=\"elementor-heading-title elementor-size-default\">NOUS CONTACTER<\/h1>\t\t\t\t<\/div>\n\t\t\t\t\t<\/div>\n\t\t\t\t<\/div>\n\t\t<div class=\"elementor-element elementor-element-08ee66f e-flex e-con-boxed e-con e-parent\" data-id=\"08ee66f\" data-element_type=\"container\" data-e-type=\"container\">\n\t\t\t\t\t<div class=\"e-con-inner\">\n\t\t\t\t<div class=\"elementor-element elementor-element-a79bcb6 elementor-widget__width-initial elementor-widget elementor-widget-text-editor\" data-id=\"a79bcb6\" data-element_type=\"widget\" data-e-type=\"widget\" data-widget_type=\"text-editor.default\">\n\t\t\t\t\t\t\t\t\t<h4 class=\"gmail-whitespace-break-spaces\" dir=\"auto\" style=\"text-align: center;\"><strong>Contactez Nat20Crafts !<\/strong><\/h4><p class=\"gmail-whitespace-break-spaces\" dir=\"auto\" style=\"text-align: center;\">Vous avez une question concernant nos terrains ou figurines personnalis\u00e9s ? Vous souhaitez commander une figurine peinte ou une pi\u00e8ce de terrain unique pour vos aventures de jeu de plateau ? Vous voulez acqu\u00e9rir de nouvelles comp\u00e9tences gr\u00e2ce \u00e0 nos cours de peinture de figurines ou de construction de terrains ?  <\/p><p class=\"gmail-whitespace-break-spaces\" dir=\"auto\" style=\"text-align: center;\">Chez Nat20Crafts, nous sommes passionn\u00e9s par l&rsquo;art de donner vie \u00e0 vos jeux de plateau \u2014 que vous soyez un passionn\u00e9 de Donjons  Dragons, un amateur de Warhammer, ou que vous commenciez tout juste votre parcours. Contactez-nous pour discuter de votre projet, vous renseigner sur nos services, ou d\u00e9couvrir comment nous pouvons vous aider \u00e0 obtenir un 20 naturel lors de votre prochaine session de jeu. <\/p><p class=\"gmail-whitespace-break-spaces\" dir=\"auto\" style=\"text-align: center;\">Nous serions ravis d&rsquo;avoir de vos nouvelles !<\/p>\t\t\t\t\t\t\t\t<\/div>\n\t\t\t\t<div class=\"elementor-element elementor-element-1257069 elementor-button-align-stretch elementor-widget elementor-widget-form\" data-id=\"1257069\" data-element_type=\"widget\" data-e-type=\"widget\" data-settings=\"{&quot;step_next_label&quot;:&quot;Suivant&quot;,&quot;step_previous_label&quot;:&quot;Pr\\u00e9c\\u00e9dent&quot;,&quot;button_width&quot;:&quot;100&quot;,&quot;step_type&quot;:&quot;number_text&quot;,&quot;step_icon_shape&quot;:&quot;circle&quot;}\" data-widget_type=\"form.default\">\n\t\t\t\t\t\t\t<form class=\"elementor-form\" method=\"post\" name=\"Contactez-nous\" aria-label=\"Contactez-nous\">\n\t\t\t<input type=\"hidden\" name=\"post_id\" value=\"22336\"\/>\n\t\t\t<input type=\"hidden\" name=\"form_id\" value=\"1257069\"\/>\n\t\t\t<input type=\"hidden\" name=\"referer_title\" value=\"Contacter Nat20Crafts \u2013 Boutique Europ\u00e9enne De Figurines D\" \/>\n\n\t\t\t\t\t\t\t<input type=\"hidden\" name=\"queried_id\" value=\"22336\"\/>\n\t\t\t\n\t\t\t<div class=\"elementor-form-fields-wrapper elementor-labels-\">\n\t\t\t\t\t\t\t\t<div class=\"elementor-field-type-text elementor-field-group elementor-column elementor-field-group-name elementor-col-100 elementor-field-required\">\n\t\t\t\t\t\t\t\t\t\t\t\t<label for=\"form-field-name\" class=\"elementor-field-label elementor-screen-only\">\n\t\t\t\t\t\t\t\tNom\t\t\t\t\t\t\t<\/label>\n\t\t\t\t\t\t\t\t\t\t\t\t\t\t<input size=\"1\" type=\"text\" name=\"form_fields[name]\" id=\"form-field-name\" class=\"elementor-field elementor-size-md  elementor-field-textual\" placeholder=\"Nom\" required=\"required\">\n\t\t\t\t\t\t\t\t\t\t\t<\/div>\n\t\t\t\t\t\t\t\t<div class=\"elementor-field-type-email elementor-field-group elementor-column elementor-field-group-email elementor-col-100 elementor-field-required\">\n\t\t\t\t\t\t\t\t\t\t\t\t<label for=\"form-field-email\" class=\"elementor-field-label elementor-screen-only\">\n\t\t\t\t\t\t\t\tCourriel\t\t\t\t\t\t\t<\/label>\n\t\t\t\t\t\t\t\t\t\t\t\t\t\t<input size=\"1\" type=\"email\" name=\"form_fields[email]\" id=\"form-field-email\" class=\"elementor-field elementor-size-md  elementor-field-textual\" placeholder=\"Courriel\" required=\"required\">\n\t\t\t\t\t\t\t\t\t\t\t<\/div>\n\t\t\t\t\t\t\t\t<div class=\"elementor-field-type-textarea elementor-field-group elementor-column elementor-field-group-message elementor-col-100 elementor-field-required\">\n\t\t\t\t\t\t\t\t\t\t\t\t<label for=\"form-field-message\" class=\"elementor-field-label elementor-screen-only\">\n\t\t\t\t\t\t\t\tMessage\t\t\t\t\t\t\t<\/label>\n\t\t\t\t\t\t<textarea class=\"elementor-field-textual elementor-field  elementor-size-md\" name=\"form_fields[message]\" id=\"form-field-message\" rows=\"4\" placeholder=\"Message\" required=\"required\"><\/textarea>\t\t\t\t<\/div>\n\t\t\t\t\t\t\t\t<div class=\"elementor-field-group elementor-column elementor-field-type-submit elementor-col-100 e-form__buttons\">\n\t\t\t\t\t<button class=\"elementor-button elementor-size-sm\" type=\"submit\">\n\t\t\t\t\t\t<span class=\"elementor-button-content-wrapper\">\n\t\t\t\t\t\t\t\t\t\t\t\t\t\t\t\t\t\t\t\t\t\t<span class=\"elementor-button-text\">Soumettre<\/span>\n\t\t\t\t\t\t\t\t\t\t\t\t\t<\/span>\n\t\t\t\t\t<\/button>\n\t\t\t\t<\/div>\n\t\t\t<\/div>\n\t\t<\/form>\n\t\t\t\t\t\t<\/div>\n\t\t\t\t\t<\/div>\n\t\t\t\t<\/div>\n\t\t\t\t<\/div>\n\t\t","protected":false},"excerpt":{"rendered":"<p>NOUS CONTACTER Contactez Nat20Crafts ! Vous avez une question concernant nos terrains ou figurines personnalis\u00e9s ? Vous souhaitez commander une figurine peinte ou une pi\u00e8ce de terrain unique pour vos aventures de jeu de plateau ? Vous voulez acqu\u00e9rir de nouvelles comp\u00e9tences gr\u00e2ce \u00e0 nos cours de peinture de figurines ou de construction de terrains [&hellip;]<\/p>\n","protected":false},"author":1,"featured_media":0,"parent":0,"menu_order":0,"comment_status":"closed","ping_status":"closed","template":"elementor_header_footer","meta":{"footnotes":""},"class_list":["post-22336","page","type-page","status-publish","hentry"],"_links":{"self":[{"href":"https:\/\/nat20crafts.com\/fr\/wp-json\/wp\/v2\/pages\/22336","targetHints":{"allow":["GET"]}}],"collection":[{"href":"https:\/\/nat20crafts.com\/fr\/wp-json\/wp\/v2\/pages"}],"about":[{"href":"https:\/\/nat20crafts.com\/fr\/wp-json\/wp\/v2\/types\/page"}],"author":[{"embeddable":true,"href":"https:\/\/nat20crafts.com\/fr\/wp-json\/wp\/v2\/users\/1"}],"replies":[{"embeddable":true,"href":"https:\/\/nat20crafts.com\/fr\/wp-json\/wp\/v2\/comments?post=22336"}],"version-history":[{"count":3,"href":"https:\/\/nat20crafts.com\/fr\/wp-json\/wp\/v2\/pages\/22336\/revisions"}],"predecessor-version":[{"id":22929,"href":"https:\/\/nat20crafts.com\/fr\/wp-json\/wp\/v2\/pages\/22336\/revisions\/22929"}],"wp:attachment":[{"href":"https:\/\/nat20crafts.com\/fr\/wp-json\/wp\/v2\/media?parent=22336"}],"curies":[{"name":"wp","href":"https:\/\/api.w.org\/{rel}","templated":true}]}}