{"id":22339,"date":"2025-08-18T14:36:25","date_gmt":"2025-08-18T14:36:25","guid":{"rendered":"https:\/\/nat20crafts.com\/a-propos\/"},"modified":"2025-09-05T08:30:57","modified_gmt":"2025-09-05T08:30:57","slug":"a-propos","status":"publish","type":"page","link":"https:\/\/nat20crafts.com\/fr\/a-propos\/","title":{"rendered":"\u00c0 PROPOS"},"content":{"rendered":"\t\t<div data-elementor-type=\"wp-page\" data-elementor-id=\"22339\" class=\"elementor elementor-22339 elementor-21509\" data-elementor-post-type=\"page\">\n\t\t\t\t<div class=\"elementor-element elementor-element-d574a96 e-flex e-con-boxed e-con e-parent\" data-id=\"d574a96\" data-element_type=\"container\" data-e-type=\"container\">\n\t\t\t\t\t<div class=\"e-con-inner\">\n\t\t\t\t<div class=\"elementor-element elementor-element-d425a84 elementor-widget elementor-widget-heading\" data-id=\"d425a84\" data-element_type=\"widget\" data-e-type=\"widget\" data-widget_type=\"heading.default\">\n\t\t\t\t\t<h1 class=\"elementor-heading-title elementor-size-default\">\u00c0 PROPOS DE NAT20 CRAFTS<\/h1>\t\t\t\t<\/div>\n\t\t\t\t\t<\/div>\n\t\t\t\t<\/div>\n\t\t<div class=\"elementor-element elementor-element-4f61141 e-grid e-con-boxed e-con e-parent\" data-id=\"4f61141\" data-element_type=\"container\" data-e-type=\"container\">\n\t\t\t\t\t<div class=\"e-con-inner\">\n\t\t<div class=\"elementor-element elementor-element-a11d35f e-con-full e-flex e-con e-child\" data-id=\"a11d35f\" data-element_type=\"container\" data-e-type=\"container\">\n\t\t\t\t<div class=\"elementor-element elementor-element-c2a8fd3 elementor-widget elementor-widget-heading\" data-id=\"c2a8fd3\" data-element_type=\"widget\" data-e-type=\"widget\" data-widget_type=\"heading.default\">\n\t\t\t\t\t<h3 class=\"elementor-heading-title elementor-size-default\">RUTH MERIDJEN<\/h3>\t\t\t\t<\/div>\n\t\t\t\t<div class=\"elementor-element elementor-element-c04c028 elementor-widget elementor-widget-text-editor\" data-id=\"c04c028\" data-element_type=\"widget\" data-e-type=\"widget\" data-widget_type=\"text-editor.default\">\n\t\t\t\t\t\t\t\t\t<p class=\"p1\" style=\"text-align: right;\">Bien que mon parcours cr\u00e9atif ait commenc\u00e9 en tant qu&rsquo;artiste d&rsquo;effets visuels pour le cin\u00e9ma et la t\u00e9l\u00e9vision, j&rsquo;ai d\u00e9couvert l&rsquo;univers geek lorsque j&rsquo;ai lanc\u00e9 mon premier D20 en 2017. Mon personnage s&rsquo;appelait Gae&rsquo;al, et c&rsquo;\u00e9tait une Paladin Goliath qui a fait trois 1 naturels dans un combat contre des enfants squelettes. <\/p><p class=\"p1\" style=\"text-align: right;\">Avan\u00e7ons rapidement jusqu&rsquo;en 2021, quand j&rsquo;ai commenc\u00e9 mon parcours d&rsquo;artisane, cr\u00e9ant des \u00e9l\u00e9ments de terrain pour mes parties de Donjons  Dragons et apprenant \u00e0 construire des mondes avec de la mousse et des mat\u00e9riaux de r\u00e9cup\u00e9ration.<\/p><p class=\"p1\" style=\"text-align: right;\">Ce chemin m&rsquo;a men\u00e9e \u00e0 d\u00e9couvrir ma passion pour la cr\u00e9ation artisanale et la peinture d&rsquo;objets pour les jeux de fantasy et de science-fiction. En 2024, j&rsquo;ai ajout\u00e9 la peinture de figurines et Warhammer \u00e0 mes loisirs, et aujourd&rsquo;hui vous me trouverez passant plusieurs heures chaque jour soit \u00e0 cr\u00e9er soit \u00e0 peindre, en compagnie de ma moiti\u00e9 et de nos quatre chiens. <\/p><p class=\"p1\" style=\"text-align: right;\">Mon objectif est de faire de nos loisirs geek les espaces les plus accueillants et ouverts, o\u00f9 chacun peut construire, peindre et jouer \u00e0 c\u0153ur joie.<\/p>\t\t\t\t\t\t\t\t<\/div>\n\t\t\t\t<\/div>\n\t\t\t\t<div class=\"elementor-element elementor-element-709477a elementor-widget elementor-widget-image\" data-id=\"709477a\" data-element_type=\"widget\" data-e-type=\"widget\" data-widget_type=\"image.default\">\n\t\t\t\t\t\t\t\t\t\t\t\t\t\t\t<img fetchpriority=\"high\" decoding=\"async\" width=\"768\" height=\"1024\" src=\"https:\/\/nat20crafts.com\/wp-content\/uploads\/2025\/08\/RuthHeadshot-768x1024.jpg\" class=\"attachment-large size-large wp-image-21742\" alt=\"Ruth Meridjen \u2013 Nat20Crafts co-founder and D&amp;D miniature painter\" srcset=\"https:\/\/nat20crafts.com\/wp-content\/uploads\/2025\/08\/RuthHeadshot-768x1024.jpg 768w, https:\/\/nat20crafts.com\/wp-content\/uploads\/2025\/08\/RuthHeadshot-350x467.jpg 350w, https:\/\/nat20crafts.com\/wp-content\/uploads\/2025\/08\/RuthHeadshot-920x1227.jpg 920w, https:\/\/nat20crafts.com\/wp-content\/uploads\/2025\/08\/RuthHeadshot-225x300.jpg 225w, https:\/\/nat20crafts.com\/wp-content\/uploads\/2025\/08\/RuthHeadshot-1152x1536.jpg 1152w, https:\/\/nat20crafts.com\/wp-content\/uploads\/2025\/08\/RuthHeadshot.jpg 1200w\" sizes=\"(max-width: 768px) 100vw, 768px\" \/>\t\t\t\t\t\t\t\t\t\t\t\t\t\t\t<\/div>\n\t\t\t\t<div class=\"elementor-element elementor-element-96a0099 elementor-widget elementor-widget-image\" data-id=\"96a0099\" data-element_type=\"widget\" data-e-type=\"widget\" data-widget_type=\"image.default\">\n\t\t\t\t\t\t\t\t\t\t\t\t\t\t\t<img decoding=\"async\" width=\"768\" height=\"1024\" src=\"https:\/\/nat20crafts.com\/wp-content\/uploads\/2025\/09\/ValentinaHeadshot-768x1024.jpg\" class=\"attachment-large size-large wp-image-22197\" alt=\"Custom-painted Blue Dragon miniature by Nat20Crafts\" srcset=\"https:\/\/nat20crafts.com\/wp-content\/uploads\/2025\/09\/ValentinaHeadshot-768x1024.jpg 768w, https:\/\/nat20crafts.com\/wp-content\/uploads\/2025\/09\/ValentinaHeadshot-350x467.jpg 350w, https:\/\/nat20crafts.com\/wp-content\/uploads\/2025\/09\/ValentinaHeadshot-920x1227.jpg 920w, https:\/\/nat20crafts.com\/wp-content\/uploads\/2025\/09\/ValentinaHeadshot-225x300.jpg 225w, https:\/\/nat20crafts.com\/wp-content\/uploads\/2025\/09\/ValentinaHeadshot-1152x1536.jpg 1152w, https:\/\/nat20crafts.com\/wp-content\/uploads\/2025\/09\/ValentinaHeadshot-1320x1760.jpg 1320w, https:\/\/nat20crafts.com\/wp-content\/uploads\/2025\/09\/ValentinaHeadshot.jpg 1536w\" sizes=\"(max-width: 768px) 100vw, 768px\" \/>\t\t\t\t\t\t\t\t\t\t\t\t\t\t\t<\/div>\n\t\t<div class=\"elementor-element elementor-element-679c41e e-con-full e-flex e-con e-child\" data-id=\"679c41e\" data-element_type=\"container\" data-e-type=\"container\">\n\t\t\t\t<div class=\"elementor-element elementor-element-e5cb96f elementor-widget elementor-widget-heading\" data-id=\"e5cb96f\" data-element_type=\"widget\" data-e-type=\"widget\" data-widget_type=\"heading.default\">\n\t\t\t\t\t<h3 class=\"elementor-heading-title elementor-size-default\">VALENTINA SGRO<\/h3>\t\t\t\t<\/div>\n\t\t\t\t<div class=\"elementor-element elementor-element-8f14c3f elementor-widget elementor-widget-text-editor\" data-id=\"8f14c3f\" data-element_type=\"widget\" data-e-type=\"widget\" data-widget_type=\"text-editor.default\">\n\t\t\t\t\t\t\t\t\t<p class=\"p1\">Le jour, je dompte les pixels et les \u00e9ch\u00e9ances dans l&rsquo;industrie des effets visuels, aidant \u00e0 donner vie aux histoires sur grand \u00e9cran. La nuit (et, soyons honn\u00eates, la plupart des week-ends), je suis une geek accomplie\u2014passionn\u00e9e de campagnes D, de mondes fantastiques et d&rsquo;aventures de science-fiction qui rendent la r\u00e9alit\u00e9 un peu moins ordinaire. <\/p><p class=\"p1\">Passionn\u00e9e de livres dans l&rsquo;\u00e2me, j&rsquo;accumule les romans comme un dragon accumule l&rsquo;or. Mes \u00e9tag\u00e8res d\u00e9bordent d&rsquo;\u00e9pop\u00e9es fantastiques, de classiques de science-fiction et de perles ind\u00e9pendantes obscures, et je suis toujours pr\u00eate \u00e0 vous mettre un favori entre les mains. Quand je ne suis pas plong\u00e9e dans un livre ou en train de lancer des d\u00e9s, vous me trouverez les coudes dans un projet d&rsquo;artisanat.  <\/p><p class=\"p1\">En tant que membre de Nat20Crafts, j&rsquo;aide \u00e0 coordonner la magie en coulisses, des r\u00e9seaux sociaux \u00e0 la planification en passant par l&rsquo;aide \u00e0 la construction d&rsquo;objets artisanaux dans l&rsquo;atelier. Que ce soit peindre des figurines, construire des coins de lecture ou tenter de construire mon propre Faucon Millenium, je crois qu&rsquo;il faut rendre la culture geek accessible, accueillante et pleine de cr\u00e9ativit\u00e9. <\/p>\t\t\t\t\t\t\t\t<\/div>\n\t\t\t\t<\/div>\n\t\t\t\t\t<\/div>\n\t\t\t\t<\/div>\n\t\t<div class=\"elementor-element elementor-element-61265d6 e-flex e-con-boxed e-con e-parent\" data-id=\"61265d6\" data-element_type=\"container\" data-e-type=\"container\">\n\t\t\t\t\t<div class=\"e-con-inner\">\n\t\t\t\t<div class=\"elementor-element elementor-element-b5441dc elementor-widget elementor-widget-heading\" data-id=\"b5441dc\" data-element_type=\"widget\" data-e-type=\"widget\" data-widget_type=\"heading.default\">\n\t\t\t\t\t<h2 class=\"elementor-heading-title elementor-size-default\">D\u00c9COUVREZ NOTRE TRAVAIL<\/h2>\t\t\t\t<\/div>\n\t\t\t\t<div class=\"elementor-element elementor-element-100b188 elementor-widget elementor-widget-gallery\" data-id=\"100b188\" data-element_type=\"widget\" data-e-type=\"widget\" data-settings=\"{&quot;gallery_layout&quot;:&quot;masonry&quot;,&quot;gap&quot;:{&quot;unit&quot;:&quot;px&quot;,&quot;size&quot;:20,&quot;sizes&quot;:[]},&quot;lazyload&quot;:&quot;yes&quot;,&quot;columns&quot;:4,&quot;columns_tablet&quot;:2,&quot;columns_mobile&quot;:1,&quot;gap_tablet&quot;:{&quot;unit&quot;:&quot;px&quot;,&quot;size&quot;:10,&quot;sizes&quot;:[]},&quot;gap_mobile&quot;:{&quot;unit&quot;:&quot;px&quot;,&quot;size&quot;:10,&quot;sizes&quot;:[]},&quot;overlay_background&quot;:&quot;yes&quot;,&quot;content_hover_animation&quot;:&quot;fade-in&quot;}\" data-widget_type=\"gallery.default\">\n\t\t\t\t\t\t\t<div class=\"elementor-gallery__container\">\n\t\t\t\t\t\t\t<div class=\"e-gallery-item elementor-gallery-item elementor-animated-content\">\n\t\t\t\t\t<div class=\"e-gallery-image elementor-gallery-item__image\" data-thumbnail=\"https:\/\/nat20crafts.com\/wp-content\/uploads\/2025\/08\/RuinsTerrain01-1-768x1024.jpg\" data-width=\"768\" data-height=\"1024\" aria-label=\"\" role=\"img\" ><\/div>\n\t\t\t\t\t\t\t\t\t\t\t<div class=\"elementor-gallery-item__overlay\"><\/div>\n\t\t\t\t\t\t\t\t\t\t\t\t\t\t<\/div>\n\t\t\t\t\t\t\t<div class=\"e-gallery-item elementor-gallery-item elementor-animated-content\">\n\t\t\t\t\t<div class=\"e-gallery-image elementor-gallery-item__image\" data-thumbnail=\"https:\/\/nat20crafts.com\/wp-content\/uploads\/2025\/08\/Elementals-768x1024.jpg\" data-width=\"768\" data-height=\"1024\" aria-label=\"\" role=\"img\" ><\/div>\n\t\t\t\t\t\t\t\t\t\t\t<div class=\"elementor-gallery-item__overlay\"><\/div>\n\t\t\t\t\t\t\t\t\t\t\t\t\t\t<\/div>\n\t\t\t\t\t\t\t<div class=\"e-gallery-item elementor-gallery-item elementor-animated-content\">\n\t\t\t\t\t<div class=\"e-gallery-image elementor-gallery-item__image\" data-thumbnail=\"https:\/\/nat20crafts.com\/wp-content\/uploads\/2025\/08\/AngelicDragon-768x1024.jpg\" data-width=\"768\" data-height=\"1024\" aria-label=\"\" role=\"img\" ><\/div>\n\t\t\t\t\t\t\t\t\t\t\t<div class=\"elementor-gallery-item__overlay\"><\/div>\n\t\t\t\t\t\t\t\t\t\t\t\t\t\t<\/div>\n\t\t\t\t\t\t\t<div class=\"e-gallery-item elementor-gallery-item elementor-animated-content\">\n\t\t\t\t\t<div class=\"e-gallery-image elementor-gallery-item__image\" data-thumbnail=\"https:\/\/nat20crafts.com\/wp-content\/uploads\/2025\/08\/Lyrior-768x1024.jpg\" data-width=\"768\" data-height=\"1024\" aria-label=\"\" role=\"img\" ><\/div>\n\t\t\t\t\t\t\t\t\t\t\t<div class=\"elementor-gallery-item__overlay\"><\/div>\n\t\t\t\t\t\t\t\t\t\t\t\t\t\t<\/div>\n\t\t\t\t\t\t\t<div class=\"e-gallery-item elementor-gallery-item elementor-animated-content\">\n\t\t\t\t\t<div class=\"e-gallery-image elementor-gallery-item__image\" data-thumbnail=\"https:\/\/nat20crafts.com\/wp-content\/uploads\/2025\/08\/OrcStatue-768x1024.jpg\" data-width=\"768\" data-height=\"1024\" aria-label=\"\" role=\"img\" ><\/div>\n\t\t\t\t\t\t\t\t\t\t\t<div class=\"elementor-gallery-item__overlay\"><\/div>\n\t\t\t\t\t\t\t\t\t\t\t\t\t\t<\/div>\n\t\t\t\t\t\t\t<div class=\"e-gallery-item elementor-gallery-item elementor-animated-content\">\n\t\t\t\t\t<div class=\"e-gallery-image elementor-gallery-item__image\" data-thumbnail=\"https:\/\/nat20crafts.com\/wp-content\/uploads\/2025\/08\/Yndrasta-768x1024.jpg\" data-width=\"768\" data-height=\"1024\" aria-label=\"\" role=\"img\" ><\/div>\n\t\t\t\t\t\t\t\t\t\t\t<div class=\"elementor-gallery-item__overlay\"><\/div>\n\t\t\t\t\t\t\t\t\t\t\t\t\t\t<\/div>\n\t\t\t\t\t\t\t<div class=\"e-gallery-item elementor-gallery-item elementor-animated-content\">\n\t\t\t\t\t<div class=\"e-gallery-image elementor-gallery-item__image\" data-thumbnail=\"https:\/\/nat20crafts.com\/wp-content\/uploads\/2025\/08\/BlueDragon-768x1024.jpg\" data-width=\"768\" data-height=\"1024\" aria-label=\"\" role=\"img\" ><\/div>\n\t\t\t\t\t\t\t\t\t\t\t<div class=\"elementor-gallery-item__overlay\"><\/div>\n\t\t\t\t\t\t\t\t\t\t\t\t\t\t<\/div>\n\t\t\t\t\t\t\t<div class=\"e-gallery-item elementor-gallery-item elementor-animated-content\">\n\t\t\t\t\t<div class=\"e-gallery-image elementor-gallery-item__image\" data-thumbnail=\"https:\/\/nat20crafts.com\/wp-content\/uploads\/2025\/08\/House02-768x1024.jpg\" data-width=\"768\" data-height=\"1024\" aria-label=\"\" role=\"img\" ><\/div>\n\t\t\t\t\t\t\t\t\t\t\t<div class=\"elementor-gallery-item__overlay\"><\/div>\n\t\t\t\t\t\t\t\t\t\t\t\t\t\t<\/div>\n\t\t\t\t\t<\/div>\n\t\t\t\t\t<\/div>\n\t\t\t\t<div class=\"elementor-element elementor-element-805e263 elementor-align-center elementor-widget elementor-widget-button\" data-id=\"805e263\" data-element_type=\"widget\" data-e-type=\"widget\" data-widget_type=\"button.default\">\n\t\t\t\t\t\t\t\t\t\t<a class=\"elementor-button elementor-button-link elementor-size-sm\" href=\"https:\/\/nat20crafts.com\/fr\/commissions\/\">\n\t\t\t\t\t\t<span class=\"elementor-button-content-wrapper\">\n\t\t\t\t\t\t\t\t\t<span class=\"elementor-button-text\">VOIR PLUS<\/span>\n\t\t\t\t\t<\/span>\n\t\t\t\t\t<\/a>\n\t\t\t\t\t\t\t\t<\/div>\n\t\t\t\t\t<\/div>\n\t\t\t\t<\/div>\n\t\t\t\t<\/div>\n\t\t","protected":false},"excerpt":{"rendered":"<p>\u00c0 PROPOS DE NAT20 CRAFTS RUTH MERIDJEN Bien que mon parcours cr\u00e9atif ait commenc\u00e9 en tant qu&rsquo;artiste d&rsquo;effets visuels pour le cin\u00e9ma et la t\u00e9l\u00e9vision, j&rsquo;ai d\u00e9couvert l&rsquo;univers geek lorsque j&rsquo;ai lanc\u00e9 mon premier D20 en 2017. Mon personnage s&rsquo;appelait Gae&rsquo;al, et c&rsquo;\u00e9tait une Paladin Goliath qui a fait trois 1 naturels dans un combat [&hellip;]<\/p>\n","protected":false},"author":1,"featured_media":0,"parent":0,"menu_order":0,"comment_status":"closed","ping_status":"closed","template":"elementor_header_footer","meta":{"footnotes":""},"class_list":["post-22339","page","type-page","status-publish","hentry"],"_links":{"self":[{"href":"https:\/\/nat20crafts.com\/fr\/wp-json\/wp\/v2\/pages\/22339","targetHints":{"allow":["GET"]}}],"collection":[{"href":"https:\/\/nat20crafts.com\/fr\/wp-json\/wp\/v2\/pages"}],"about":[{"href":"https:\/\/nat20crafts.com\/fr\/wp-json\/wp\/v2\/types\/page"}],"author":[{"embeddable":true,"href":"https:\/\/nat20crafts.com\/fr\/wp-json\/wp\/v2\/users\/1"}],"replies":[{"embeddable":true,"href":"https:\/\/nat20crafts.com\/fr\/wp-json\/wp\/v2\/comments?post=22339"}],"version-history":[{"count":3,"href":"https:\/\/nat20crafts.com\/fr\/wp-json\/wp\/v2\/pages\/22339\/revisions"}],"predecessor-version":[{"id":22720,"href":"https:\/\/nat20crafts.com\/fr\/wp-json\/wp\/v2\/pages\/22339\/revisions\/22720"}],"wp:attachment":[{"href":"https:\/\/nat20crafts.com\/fr\/wp-json\/wp\/v2\/media?parent=22339"}],"curies":[{"name":"wp","href":"https:\/\/api.w.org\/{rel}","templated":true}]}}