{"id":22352,"date":"2025-08-18T14:36:25","date_gmt":"2025-08-18T14:36:25","guid":{"rendered":"https:\/\/nat20crafts.com\/ateliers\/"},"modified":"2025-09-04T14:00:13","modified_gmt":"2025-09-04T14:00:13","slug":"ateliers","status":"publish","type":"page","link":"https:\/\/nat20crafts.com\/fr\/ateliers\/","title":{"rendered":"ATELIERS"},"content":{"rendered":"\t\t<div data-elementor-type=\"wp-page\" data-elementor-id=\"22352\" class=\"elementor elementor-22352 elementor-21507\" data-elementor-post-type=\"page\">\n\t\t\t\t<div class=\"elementor-element elementor-element-c078e1f e-flex e-con-boxed e-con e-parent\" data-id=\"c078e1f\" data-element_type=\"container\" data-e-type=\"container\">\n\t\t\t\t\t<div class=\"e-con-inner\">\n\t\t\t\t<div class=\"elementor-element elementor-element-31cf51a elementor-widget elementor-widget-heading\" data-id=\"31cf51a\" data-element_type=\"widget\" data-e-type=\"widget\" data-widget_type=\"heading.default\">\n\t\t\t\t\t<h1 class=\"elementor-heading-title elementor-size-default\">ATELIERS<\/h1>\t\t\t\t<\/div>\n\t\t\t\t\t<\/div>\n\t\t\t\t<\/div>\n\t\t<div class=\"elementor-element elementor-element-9eaee3e e-flex e-con-boxed e-con e-parent\" data-id=\"9eaee3e\" data-element_type=\"container\" data-e-type=\"container\">\n\t\t\t\t\t<div class=\"e-con-inner\">\n\t\t<div class=\"elementor-element elementor-element-579355d e-con-full e-grid e-con e-child\" data-id=\"579355d\" data-element_type=\"container\" data-e-type=\"container\">\n\t\t\t\t<div class=\"elementor-element elementor-element-72d74d2 elementor-widget elementor-widget-image\" data-id=\"72d74d2\" data-element_type=\"widget\" data-e-type=\"widget\" data-widget_type=\"image.default\">\n\t\t\t\t\t\t\t\t\t\t\t\t\t\t\t<img fetchpriority=\"high\" decoding=\"async\" width=\"768\" height=\"1024\" src=\"https:\/\/nat20crafts.com\/wp-content\/uploads\/2025\/08\/OrcStatue-768x1024.jpg\" class=\"attachment-large size-large wp-image-21767\" alt=\"\" srcset=\"https:\/\/nat20crafts.com\/wp-content\/uploads\/2025\/08\/OrcStatue-768x1024.jpg 768w, https:\/\/nat20crafts.com\/wp-content\/uploads\/2025\/08\/OrcStatue-scaled-350x467.jpg 350w, https:\/\/nat20crafts.com\/wp-content\/uploads\/2025\/08\/OrcStatue-scaled-920x1227.jpg 920w, https:\/\/nat20crafts.com\/wp-content\/uploads\/2025\/08\/OrcStatue-225x300.jpg 225w, https:\/\/nat20crafts.com\/wp-content\/uploads\/2025\/08\/OrcStatue-1152x1536.jpg 1152w, https:\/\/nat20crafts.com\/wp-content\/uploads\/2025\/08\/OrcStatue-1536x2048.jpg 1536w, https:\/\/nat20crafts.com\/wp-content\/uploads\/2025\/08\/OrcStatue-1320x1760.jpg 1320w, https:\/\/nat20crafts.com\/wp-content\/uploads\/2025\/08\/OrcStatue-scaled.jpg 1920w\" sizes=\"(max-width: 768px) 100vw, 768px\" \/>\t\t\t\t\t\t\t\t\t\t\t\t\t\t\t<\/div>\n\t\t<div class=\"elementor-element elementor-element-8fd5202 e-con-full e-flex e-con e-child\" data-id=\"8fd5202\" data-element_type=\"container\" data-e-type=\"container\">\n\t\t\t\t<div class=\"elementor-element elementor-element-3f9e886 elementor-widget elementor-widget-text-editor\" data-id=\"3f9e886\" data-element_type=\"widget\" data-e-type=\"widget\" data-widget_type=\"text-editor.default\">\n\t\t\t\t\t\t\t\t\t<p style=\"text-align: center;\">Lib\u00e9rez votre cr\u00e9ativit\u00e9 avec Nat20Crafts \u00e0 La F\u00e1brica de Hobbies \u00e0 Valence, Espagne !<\/p><p style=\"text-align: center;\">Rejoignez nos ateliers r\u00e9guliers et plongez dans un monde d&rsquo;apprentissage pratique et de plaisir. Que vous soyez d\u00e9butant ou artisan exp\u00e9riment\u00e9, il y a toujours quelque chose de nouveau \u00e0 d\u00e9couvrir. <\/p><p style=\"text-align: center;\">Pr\u00eat \u00e0 commencer ? Suivez le lien pour r\u00e9server votre place dans nos prochains cours. Et n&rsquo;oubliez pas de vous inscrire \u00e0 notre newsletter \u2014 vous serez le premier \u00e0 conna\u00eetre les nouveaux cours et les mises \u00e0 jour passionnantes.  <\/p><p style=\"text-align: center;\">Nous avons h\u00e2te de cr\u00e9er de nouveaux mondes avec vous !<\/p>\t\t\t\t\t\t\t\t<\/div>\n\t\t\t\t<div class=\"elementor-element elementor-element-40a27f8 elementor-align-center elementor-widget elementor-widget-button\" data-id=\"40a27f8\" data-element_type=\"widget\" data-e-type=\"widget\" data-widget_type=\"button.default\">\n\t\t\t\t\t\t\t\t\t\t<a class=\"elementor-button elementor-button-link elementor-size-sm\" href=\"https:\/\/lafabricadehobbies.es\/cursos\/\" target=\"_blank\" rel=\"noopener\">\n\t\t\t\t\t\t<span class=\"elementor-button-content-wrapper\">\n\t\t\t\t\t\t\t\t\t<span class=\"elementor-button-text\">R\u00c9SERVEZ VOTRE PLACE<\/span>\n\t\t\t\t\t<\/span>\n\t\t\t\t\t<\/a>\n\t\t\t\t\t\t\t\t<\/div>\n\t\t\t\t<\/div>\n\t\t\t\t<\/div>\n\t\t\t\t\t<\/div>\n\t\t\t\t<\/div>\n\t\t\t\t<\/div>\n\t\t","protected":false},"excerpt":{"rendered":"<p>ATELIERS Lib\u00e9rez votre cr\u00e9ativit\u00e9 avec Nat20Crafts \u00e0 La F\u00e1brica de Hobbies \u00e0 Valence, Espagne ! Rejoignez nos ateliers r\u00e9guliers et plongez dans un monde d&rsquo;apprentissage pratique et de plaisir. Que vous soyez d\u00e9butant ou artisan exp\u00e9riment\u00e9, il y a toujours quelque chose de nouveau \u00e0 d\u00e9couvrir. Pr\u00eat \u00e0 commencer ? Suivez le lien pour r\u00e9server [&hellip;]<\/p>\n","protected":false},"author":1,"featured_media":0,"parent":0,"menu_order":0,"comment_status":"closed","ping_status":"closed","template":"elementor_header_footer","meta":{"footnotes":""},"class_list":["post-22352","page","type-page","status-publish","hentry"],"_links":{"self":[{"href":"https:\/\/nat20crafts.com\/fr\/wp-json\/wp\/v2\/pages\/22352","targetHints":{"allow":["GET"]}}],"collection":[{"href":"https:\/\/nat20crafts.com\/fr\/wp-json\/wp\/v2\/pages"}],"about":[{"href":"https:\/\/nat20crafts.com\/fr\/wp-json\/wp\/v2\/types\/page"}],"author":[{"embeddable":true,"href":"https:\/\/nat20crafts.com\/fr\/wp-json\/wp\/v2\/users\/1"}],"replies":[{"embeddable":true,"href":"https:\/\/nat20crafts.com\/fr\/wp-json\/wp\/v2\/comments?post=22352"}],"version-history":[{"count":2,"href":"https:\/\/nat20crafts.com\/fr\/wp-json\/wp\/v2\/pages\/22352\/revisions"}],"predecessor-version":[{"id":22660,"href":"https:\/\/nat20crafts.com\/fr\/wp-json\/wp\/v2\/pages\/22352\/revisions\/22660"}],"wp:attachment":[{"href":"https:\/\/nat20crafts.com\/fr\/wp-json\/wp\/v2\/media?parent=22352"}],"curies":[{"name":"wp","href":"https:\/\/api.w.org\/{rel}","templated":true}]}}